{"id":17622,"date":"2022-03-11T12:32:28","date_gmt":"2022-03-11T11:32:28","guid":{"rendered":"https:\/\/vapotheque.ch\/boutique\/coil-connection-ultra-v2-coils\/"},"modified":"2024-06-14T17:00:35","modified_gmt":"2024-06-14T15:00:35","slug":"coil-connection-ultra-v2-2","status":"publish","type":"product","link":"https:\/\/vapotheque.ch\/de\/shop\/coil-connection-ultra-v2-2\/","title":{"rendered":"Coil Connection &#8211; Ultra V2 Coils"},"content":{"rendered":"<h2>Coil Connection zeigt uns seine Ultra V2 Coils in 0.30 Ohm!<\/h2>\n<p>Als eingefleischter Builder und immer auf der Suche nach Neuem, hat Pascal Foinard mit den Ultra V2 Coils ein neues Kunstwerk geschaffen. Er l\u00e4dt Sie zu einer Explosion der Gef\u00fchle ein. Finden Sie die Qualit\u00e4t und Haltbarkeit der 100% handgefertigten Coil Connection in diesen vorgewickelten Premium-Coils f\u00fcr Ihren RTA-Atomizer oder Dripper!<br \/>\nF\u00fcr ein sofortiges Dampfen sind die Coils Ultra V2 von Coil Connection unvergleichlich! Mit ihm vergisst man den Dieseleffekt!<\/p>\n<p>Die Ultra V2-Coils sind haupts\u00e4chlich f\u00fcr Zerst\u00e4uber mit Dual-Coil-Montage bestimmt, um auf einen Wert von 0,15 Ohm zu kommen. Eignen sich auch f\u00fcr eine Single-Montage mit 0,30 Ohm.<\/p>\n<p>&nbsp;<\/p>\n<p>Genie\u00dfen Sie die handgefertigte Qualit\u00e4t mit Coil Connection und bewundern Sie ihre einzigartige Flechtkunst! Wir haben 2&#215;30 GA NI80 und 4 flache Dr\u00e4hte (Ribbon) 0.3\/0.1 NI80, die von jedem zweiten Draht 40GA NI80 mit einem Innendurchmesser von 3mm umgeben sind, jede Spule hat einen Wert von 0,30 Ohm + oder -.<\/p>\n<p>Widerstand: 0,30 Ohm\/Coil &#8211; Durchmesser: 3 mm<\/p>\n<p>Lot von 2 handgefertigten Coils Ultra V2 0.30 Ohm.<\/p>\n<p>&nbsp;<\/p>\n<p>Handgefertigte Coils von Pascal Foinard, verkauft in 2er-Packs, inklusive organischer Baumwolle.<\/p>\n<p>Sehen Sie sich alle Produkte der Marke <a href=\"https:\/\/vapotheque.ch\/de\/produkt_brand\/coil-connection-de\/\" target=\"_blank\" rel=\"noopener\">Coil Connection<\/a> an.<\/p>\n<p>Erhalten Sie Rabatte oder die neuesten Informationen \u00fcber unsere Produkte, indem Sie uns auf unseren sozialen Netzwerken folgen: <a href=\"https:\/\/www.facebook.com\/VapeAigleCH\" target=\"_blank\" rel=\"noopener\">Facebook<\/a> oder <a href=\"https:\/\/www.instagram.com\/vapotheque\" target=\"_blank\" rel=\"noopener\">Instagram<\/a>.<\/p>\n","protected":false},"excerpt":{"rendered":"<p>Coil Connection zeigt uns seine Ultra V2 Coils in 0.30 Ohm! Als eingefleischter Builder und immer auf der Suche nach Neuem, hat Pascal Foinard mit den Ultra V2 Coils ein neues Kunstwerk geschaffen. Er l\u00e4dt Sie zu einer Explosion der Gef\u00fchle ein. Finden Sie die Qualit\u00e4t und Haltbarkeit der 100% handgefertigten Coil Connection in diesen [&hellip;]<\/p>\n","protected":false},"featured_media":17126,"template":"","meta":{"_acf_changed":false},"product_cat":[442,408,425],"product_tag":[],"class_list":{"0":"post-17622","1":"product","2":"type-product","3":"status-publish","4":"has-post-thumbnail","6":"product_brand-coil-connection-de","7":"product_cat-hervorgehobene-produkte","8":"product_cat-lieferbar-innerhalb-von-24-stunden-de","9":"product_cat-rekonstruierbare-faden","11":"first","12":"instock","13":"taxable","14":"shipping-taxable","15":"purchasable","16":"product-type-simple"},"acf":[],"jetpack_sharing_enabled":true,"_links":{"self":[{"href":"https:\/\/vapotheque.ch\/de\/wp-json\/wp\/v2\/product\/17622","targetHints":{"allow":["GET"]}}],"collection":[{"href":"https:\/\/vapotheque.ch\/de\/wp-json\/wp\/v2\/product"}],"about":[{"href":"https:\/\/vapotheque.ch\/de\/wp-json\/wp\/v2\/types\/product"}],"wp:featuredmedia":[{"embeddable":true,"href":"https:\/\/vapotheque.ch\/de\/wp-json\/wp\/v2\/media\/17126"}],"wp:attachment":[{"href":"https:\/\/vapotheque.ch\/de\/wp-json\/wp\/v2\/media?parent=17622"}],"wp:term":[{"taxonomy":"product_cat","embeddable":true,"href":"https:\/\/vapotheque.ch\/de\/wp-json\/wp\/v2\/product_cat?post=17622"},{"taxonomy":"product_tag","embeddable":true,"href":"https:\/\/vapotheque.ch\/de\/wp-json\/wp\/v2\/product_tag?post=17622"}],"curies":[{"name":"wp","href":"https:\/\/api.w.org\/{rel}","templated":true}]}}