{"id":17620,"date":"2022-03-11T13:26:22","date_gmt":"2022-03-11T12:26:22","guid":{"rendered":"https:\/\/vapotheque.ch\/boutique\/coil-connection-mini-alien-dlr-coils\/"},"modified":"2023-09-25T12:38:43","modified_gmt":"2023-09-25T10:38:43","slug":"coil-connection-mini-alien-dlr-2","status":"publish","type":"product","link":"https:\/\/vapotheque.ch\/de\/shop\/coil-connection-mini-alien-dlr-2\/","title":{"rendered":"Coil Connection &#8211; Mini Alien DLR Coils"},"content":{"rendered":"<h2 style=\"font-family: Saira,sans-serif; font-weight: bold; line-height: 1.3; font-size: 37px; margin-top: 12.5px; margin-bottom: 12.5px;\">Coil Connection zeigt uns seine Mini Alien DLR Coils in 0,65 Ohm!<\/h2>\n<h3>Als eingefleischter Builder und immer auf der Suche nach Neuem, hat Pascal Foinard mit den DLR Mini Alien Coils ein neues Kunstwerk geschaffen. Er l\u00e4dt Sie zu einer Explosion der Gef\u00fchle ein. Finden Sie die Qualit\u00e4t und Haltbarkeit der 100% handgefertigten Coil Connection in diesen vorgewickelten Premium-Coils f\u00fcr Ihren RTA-Atomizer oder Dripper!<\/h3>\n<p>Die DLR-Version des ber\u00fchmten Aliens eignet sich f\u00fcr semi-restriktive und mtl-Dampfen, f\u00fcr Atos wie Precisio, Pioneer, Bastard, etc.<\/p>\n<p>In den handgefertigten Mini Alien DLR-Coils von Coil Connection schlie\u00dft Exotik die Freiheit nicht aus. Sie bestehen aus 80er-Nichrom-Str\u00e4ngen und sorgen f\u00fcr eine lebhafte und intensive Erw\u00e4rmung, wobei der Widerstand von 0,65 Ohm erhalten bleibt, der f\u00fcr alle \u00fcberm\u00e4chtigen Single Coil RDL-Montagen geeignet ist.<\/p>\n<p>Genie\u00dfen Sie die handgefertigte Qualit\u00e4t mit Coil Connection und bewundern Sie ihre einzigartige Flechtkunst! Die DLR Mini Aliens Coils bestehen aus zwei verschiedenen Arten von Dr\u00e4hten. Wir haben 3&#215;32 GA NI80, die von einem 1&#215;40 GA NI80 Draht mit einem Innendurchmesser von 2,5 mm umgeben sind. Jede Coil wird einen Wert von 0,65 Ohm +oder- haben. Komplexit\u00e4t im Dienste des Stils &#8211; und der Dampfproduktion!<\/p>\n<p>&nbsp;<\/p>\n<p>Widerstand: 0,65ohm\/Coil &#8211; Durchmesser: 2.5mm<\/p>\n<p>Lot von 2 handgefertigten Coils Mini Alien DLR 0.65ohm.<\/p>\n<p>&nbsp;<\/p>\n<p>Handgefertigte Coils von Pascal Foinard, verkauft in 2er-Packs, inklusive organischer Baumwolle.<\/p>\n<p>Sehen Sie sich alle Produkte der Marke <a href=\"https:\/\/vapotheque.ch\/de\/produkt_brand\/coil-connection-de\/\" target=\"_blank\" rel=\"noopener\">Coil Connection<\/a> an.<\/p>\n<p>Erhalten Sie Rabatte oder die neuesten Informationen \u00fcber unsere Produkte, indem Sie uns auf unseren sozialen Netzwerken folgen: <a href=\"https:\/\/www.facebook.com\/VapeAigleCH\" target=\"_blank\" rel=\"noopener\">Facebook<\/a> oder <a href=\"https:\/\/www.instagram.com\/vapotheque\" target=\"_blank\" rel=\"noopener\">Instagram<\/a>.<\/p>\n","protected":false},"excerpt":{"rendered":"<p>Coil Connection zeigt uns seine Mini Alien DLR Coils in 0,65 Ohm! Als eingefleischter Builder und immer auf der Suche nach Neuem, hat Pascal Foinard mit den DLR Mini Alien Coils ein neues Kunstwerk geschaffen. Er l\u00e4dt Sie zu einer Explosion der Gef\u00fchle ein. Finden Sie die Qualit\u00e4t und Haltbarkeit der 100% handgefertigten Coil Connection [&hellip;]<\/p>\n","protected":false},"featured_media":17100,"template":"","meta":{"_acf_changed":false},"product_cat":[442,408,425],"product_tag":[],"class_list":{"0":"post-17620","1":"product","2":"type-product","3":"status-publish","4":"has-post-thumbnail","6":"product_brand-coil-connection-de","7":"product_cat-hervorgehobene-produkte","8":"product_cat-lieferbar-innerhalb-von-24-stunden-de","9":"product_cat-rekonstruierbare-faden","11":"first","12":"instock","13":"taxable","14":"shipping-taxable","15":"purchasable","16":"product-type-simple"},"acf":[],"jetpack_sharing_enabled":true,"_links":{"self":[{"href":"https:\/\/vapotheque.ch\/de\/wp-json\/wp\/v2\/product\/17620","targetHints":{"allow":["GET"]}}],"collection":[{"href":"https:\/\/vapotheque.ch\/de\/wp-json\/wp\/v2\/product"}],"about":[{"href":"https:\/\/vapotheque.ch\/de\/wp-json\/wp\/v2\/types\/product"}],"wp:featuredmedia":[{"embeddable":true,"href":"https:\/\/vapotheque.ch\/de\/wp-json\/wp\/v2\/media\/17100"}],"wp:attachment":[{"href":"https:\/\/vapotheque.ch\/de\/wp-json\/wp\/v2\/media?parent=17620"}],"wp:term":[{"taxonomy":"product_cat","embeddable":true,"href":"https:\/\/vapotheque.ch\/de\/wp-json\/wp\/v2\/product_cat?post=17620"},{"taxonomy":"product_tag","embeddable":true,"href":"https:\/\/vapotheque.ch\/de\/wp-json\/wp\/v2\/product_tag?post=17620"}],"curies":[{"name":"wp","href":"https:\/\/api.w.org\/{rel}","templated":true}]}}