{"id":17618,"date":"2022-02-05T15:00:27","date_gmt":"2022-02-05T14:00:27","guid":{"rendered":"https:\/\/vapotheque.ch\/boutique\/don-cristo-maple-e-liquide\/"},"modified":"2025-05-12T10:24:25","modified_gmt":"2025-05-12T08:24:25","slug":"don-cristo-maple","status":"publish","type":"product","link":"https:\/\/vapotheque.ch\/de\/shop\/don-cristo-maple\/","title":{"rendered":"Don Cristo &#8211; Ahorn 50 ml \/ 60 ml E-Fl\u00fcssigkeit"},"content":{"rendered":"<h2>Don Cristo hat wieder einmal zugeschlagen und das E-Liquid Don Cristo Maple auf den Markt gebracht, das auch die gr\u00f6\u00dften Feinschmecker zufrieden stellen wird!<\/h2>\n<p>Don Cristo Maple mit 0% Sucralose von PGVG Labs ist ein komplexes und kraftvolles Liquid, das einen pr\u00e4chtigen kubanischen Klassiker mit einem s\u00fcchtig machenden Ahornsirup kombiniert.<\/p>\n<p>Der Classic von PGVG Labs wurde unter der unaufh\u00f6rlichen Sonne Kubas geerntet und entfaltet einen klaren Geschmack, der die bet\u00f6rende S\u00fc\u00dfe des Ahornsirups aus der gro\u00dfen kanadischen K\u00e4lte ausgleicht. Die Aromatiker haben ein Meisterwerk zum Leben erweckt, das ebenso m\u00e4nnlich wie k\u00f6stlich ist!<\/p>\n<\/p>\n<p>PG\/VG Anteil: 30\/70<\/p>\n<p>Hergestellt in Kanada.<\/p>\n<p>Entdecken Sie weitere Produkte der Marke <a href=\"..\/..\/marque\/pg-vg-labs\/\" target=\"_blank\" rel=\"noopener\">PG VG Labs!<\/a><\/p>\n<p>Erhalten Sie Rabatte oder die neuesten Informationen zu unseren Produkten, indem Sie uns in unseren sozialen Netzwerken folgen: <a href=\"https:\/\/www.facebook.com\/VapeAigleCH\" target=\"_blank\" rel=\"noopener\">Facebook<\/a> oder <a href=\"https:\/\/www.instagram.com\/vapotheque_aigle\/\" target=\"_blank\" rel=\"noopener\">Instagram<\/a>.<\/p>\n","protected":false},"excerpt":{"rendered":"<p>Don Cristo hat wieder einmal zugeschlagen und das E-Liquid Don Cristo Maple auf den Markt gebracht, das auch die gr\u00f6\u00dften Feinschmecker zufrieden stellen wird! Don Cristo Maple mit 0% Sucralose von PGVG Labs ist ein komplexes und kraftvolles Liquid, das einen pr\u00e4chtigen kubanischen Klassiker mit einem s\u00fcchtig machenden Ahornsirup kombiniert. Der Classic von PGVG Labs [&hellip;]<\/p>\n","protected":false},"featured_media":47746,"template":"","meta":{"_acf_changed":false},"product_cat":[405,442,408,403,1685,1679],"product_tag":[],"class_list":{"0":"post-17618","1":"product","2":"type-product","3":"status-publish","4":"has-post-thumbnail","6":"product_brand-don-cristo-de","7":"product_brand-pg-vg-labs-de","8":"product_cat-e-liquids","9":"product_cat-hervorgehobene-produkte","10":"product_cat-lieferbar-innerhalb-von-24-stunden-de","11":"product_cat-tabak","12":"product_cat-50-ml-fur-60-ml","13":"product_cat-menge-e-flussigkeit-kapazitat-flasche","15":"first","16":"instock","17":"taxable","18":"shipping-taxable","19":"purchasable","20":"product-type-simple"},"acf":[],"jetpack_sharing_enabled":true,"_links":{"self":[{"href":"https:\/\/vapotheque.ch\/de\/wp-json\/wp\/v2\/product\/17618","targetHints":{"allow":["GET"]}}],"collection":[{"href":"https:\/\/vapotheque.ch\/de\/wp-json\/wp\/v2\/product"}],"about":[{"href":"https:\/\/vapotheque.ch\/de\/wp-json\/wp\/v2\/types\/product"}],"wp:featuredmedia":[{"embeddable":true,"href":"https:\/\/vapotheque.ch\/de\/wp-json\/wp\/v2\/media\/47746"}],"wp:attachment":[{"href":"https:\/\/vapotheque.ch\/de\/wp-json\/wp\/v2\/media?parent=17618"}],"wp:term":[{"taxonomy":"product_cat","embeddable":true,"href":"https:\/\/vapotheque.ch\/de\/wp-json\/wp\/v2\/product_cat?post=17618"},{"taxonomy":"product_tag","embeddable":true,"href":"https:\/\/vapotheque.ch\/de\/wp-json\/wp\/v2\/product_tag?post=17618"}],"curies":[{"name":"wp","href":"https:\/\/api.w.org\/{rel}","templated":true}]}}