{"id":17616,"date":"2022-04-22T17:47:02","date_gmt":"2022-04-22T15:47:02","guid":{"rendered":"https:\/\/vapotheque.ch\/boutique\/coil-connection-fused-clapton-coils\/"},"modified":"2024-09-30T10:58:12","modified_gmt":"2024-09-30T08:58:12","slug":"coil-connection-fused-clapton-coils-2","status":"publish","type":"product","link":"https:\/\/vapotheque.ch\/de\/shop\/coil-connection-fused-clapton-coils-2\/","title":{"rendered":"Coil Connection &#8211; Fused Clapton Coils"},"content":{"rendered":"<div class=\"woocommerce-tabs wc-tabs-wrapper\">\n<div id=\"tab-description\" class=\"woocommerce-Tabs-panel woocommerce-Tabs-panel--description panel entry-content wc-tab\" role=\"tabpanel\" aria-labelledby=\"tab-title-description\">\n<h2>Coil Connection zeigt uns seine Clapton Fused Coils in 0,45 Ohm!<\/h2>\n<h4>Als eingefleischter Builder und immer auf der Suche nach Neuem, hat Pascal Foinard mit den Fused Clapton Coils ein neues Kunstwerk geschaffen und l\u00e4dt Sie zu einer Explosion der Gef\u00fchle ein. Finden Sie die Qualit\u00e4t und Haltbarkeit der 100% handgefertigten Coil Connection in diesen vorgewickelten Premium-Coils f\u00fcr Ihren RTA-Atomizer oder Dripper!<\/h4>\n<p>  In den handgefertigten Fused Clapton Coils von Coil Connection schlie\u00dft Exotik die Freiheit nicht aus. Sie bestehen aus 80er-Nichrom-Str\u00e4ngen und sorgen f\u00fcr eine lebhafte und intensive Erw\u00e4rmung, wobei der Widerstand von 0,45 Ohm erhalten bleibt, der f\u00fcr alle \u00fcberm\u00e4chtigen Single Coil RDL-Montagen geeignet ist. Genie\u00dfen Sie die handgefertigte Qualit\u00e4t mit Coils von Coil Connection und bewundern Sie ihre einzigartige Flechtung! Jede Clapton Fused Coil enth\u00e4lt zwei 29GA-Kerne aus Ni80, die jeweils mit einem Strang aus extrafeinem Ni80 umwickelt sind. Komplexit\u00e4t im Dienste des Stils und der Dampfproduktion!  &nbsp;  Widerstand: 0,45ohm\/Coil &#8211; Durchmesser: 2.5mm Set von 3 handgefertigten Coils Fused Clapton 0.45ohm.  &nbsp;  Handgefertigte Coils von Pascal Foinard, verkauft durch 3, einschlie\u00dflich organischer Baumwolle. Sehen Sie sich alle Produkte der Marke <a href=\"\/product_brand\/coil-connection\/\" target=\"_blank\" rel=\"noopener\">Coil Connection an.<\/a> Erhalten Sie Rabatte oder die neuesten Informationen \u00fcber unsere Produkte, indem Sie uns auf unseren sozialen Netzwerken folgen: <a href=\"https:\/\/www.facebook.com\/VapeAigleCH\" target=\"_blank\" rel=\"noopener\">Facebook<\/a> oder <a href=\"https:\/\/www.instagram.com\/vapotheque\" target=\"_blank\" rel=\"noopener\">Instagram<\/a>.  <\/div>\n<\/div>\n","protected":false},"excerpt":{"rendered":"<p>Coil Connection zeigt uns seine Clapton Fused Coils in 0,45 Ohm! Als eingefleischter Builder und immer auf der Suche nach Neuem, hat Pascal Foinard mit den Fused Clapton Coils ein neues Kunstwerk geschaffen und l\u00e4dt Sie zu einer Explosion der Gef\u00fchle ein. Finden Sie die Qualit\u00e4t und Haltbarkeit der 100% handgefertigten Coil Connection in diesen [&hellip;]<\/p>\n","protected":false},"featured_media":16450,"template":"","meta":{"_acf_changed":false},"product_cat":[408,425,416],"product_tag":[],"class_list":{"0":"post-17616","1":"product","2":"type-product","3":"status-publish","4":"has-post-thumbnail","6":"product_brand-coil-connection-de","7":"product_cat-lieferbar-innerhalb-von-24-stunden-de","8":"product_cat-rekonstruierbare-faden","9":"product_cat-zubehor","11":"first","12":"instock","13":"taxable","14":"shipping-taxable","15":"purchasable","16":"product-type-simple"},"acf":[],"jetpack_sharing_enabled":true,"_links":{"self":[{"href":"https:\/\/vapotheque.ch\/de\/wp-json\/wp\/v2\/product\/17616","targetHints":{"allow":["GET"]}}],"collection":[{"href":"https:\/\/vapotheque.ch\/de\/wp-json\/wp\/v2\/product"}],"about":[{"href":"https:\/\/vapotheque.ch\/de\/wp-json\/wp\/v2\/types\/product"}],"wp:featuredmedia":[{"embeddable":true,"href":"https:\/\/vapotheque.ch\/de\/wp-json\/wp\/v2\/media\/16450"}],"wp:attachment":[{"href":"https:\/\/vapotheque.ch\/de\/wp-json\/wp\/v2\/media?parent=17616"}],"wp:term":[{"taxonomy":"product_cat","embeddable":true,"href":"https:\/\/vapotheque.ch\/de\/wp-json\/wp\/v2\/product_cat?post=17616"},{"taxonomy":"product_tag","embeddable":true,"href":"https:\/\/vapotheque.ch\/de\/wp-json\/wp\/v2\/product_tag?post=17616"}],"curies":[{"name":"wp","href":"https:\/\/api.w.org\/{rel}","templated":true}]}}