{"id":17615,"date":"2022-01-19T10:24:27","date_gmt":"2022-01-19T09:24:27","guid":{"rendered":"https:\/\/vapotheque.ch\/boutique\/voopoo-pnp-patronen\/"},"modified":"2025-11-07T16:02:26","modified_gmt":"2025-11-07T15:02:26","slug":"voopoo-kartusche-pnp","status":"publish","type":"product","link":"https:\/\/vapotheque.ch\/de\/shop\/voopoo-kartusche-pnp\/","title":{"rendered":"Voopoo &#8211; PNP Pods &#8211; Packung x2"},"content":{"rendered":"<h2>Voopoo bietet uns seine PNP-Pods f\u00fcr die Doric 60, Drag X und S an.<\/h2>\n<p>Eine Ungeschicklichkeit? Ben\u00f6tigen Sie PNP-Ersatzpods \u00fcber Voopoo? Suchen Sie nicht weiter! Wir haben, was Sie brauchen!<\/p>\n<\/p>\n<p>Sie sind mit <strong>allen PNP-Coils <\/strong>kompatibel. Montieren Sie die PNP-Kartuschen auf Ihrem <b>Drag X, Drag S<\/b> oder dem <strong>Doric 60<\/strong> Kit.<\/p>\n<\/p>\n<p>Diese Magnetkartuschen sind sehr praktisch zum Auswechseln, wenn man sich einmal ungeschickt anstellt oder mehrere Fl\u00fcssigkeiten haben m\u00f6chte, ohne die Aromen zu vermischen.<\/p>\n<p>Mit seinen <strong>4,5 ml <\/strong>E-Liquid-Kapazit\u00e4t und seiner Bef\u00fcllung von unten, haben wir hier einen Nugget!<\/p>\n<p><strong>Verkauft in 2 Einheiten.<\/strong><\/p>\n<p>Achtung, diese Pods wird ohne Coil verkauft!<\/p>\n<\/p>\n<p>Entdecken Sie alle Produkte der Marke <a href=\"..\/..\/product_brand\/voopoo\/\" target=\"_blank\" rel=\"noopener\">Voopoo<\/a>.<\/p>\n<p>Erhalten Sie Rabatte oder die neuesten Informationen zu unseren anderen Produkten, die im Gesch\u00e4ft erh\u00e4ltlich sind, indem Sie uns in unseren sozialen Netzwerken folgen: <a href=\"https:\/\/www.facebook.com\/VapeAigleCH\" target=\"_blank\" rel=\"noopener\">Facebook<\/a> oder <a href=\"https:\/\/www.instagram.com\/vapotheque_aigle\/\" target=\"_blank\" rel=\"noopener\">Instagram<\/a>.<\/p>\n","protected":false},"excerpt":{"rendered":"<p>Voopoo bietet uns seine PNP-Pods f\u00fcr die Doric 60, Drag X und S an. Eine Ungeschicklichkeit? Ben\u00f6tigen Sie PNP-Ersatzpods \u00fcber Voopoo? Suchen Sie nicht weiter! Wir haben, was Sie brauchen! Sie sind mit allen PNP-Coils kompatibel. Montieren Sie die PNP-Kartuschen auf Ihrem Drag X, Drag S oder dem Doric 60 Kit. Diese Magnetkartuschen sind sehr [&hellip;]<\/p>\n","protected":false},"featured_media":16312,"template":"","meta":{"_acf_changed":false},"product_cat":[442,408,422,469,1977],"product_tag":[],"class_list":{"0":"post-17615","1":"product","2":"type-product","3":"status-publish","4":"has-post-thumbnail","6":"product_brand-voopoo-de","7":"product_cat-hervorgehobene-produkte","8":"product_cat-lieferbar-innerhalb-von-24-stunden-de","9":"product_cat-verschiedenes-zubehor","10":"product_cat-zubehor-pods","11":"product_cat-lagerraeumung","13":"first","14":"instock","15":"sale","16":"taxable","17":"shipping-taxable","18":"purchasable","19":"product-type-simple"},"acf":[],"jetpack_sharing_enabled":true,"_links":{"self":[{"href":"https:\/\/vapotheque.ch\/de\/wp-json\/wp\/v2\/product\/17615","targetHints":{"allow":["GET"]}}],"collection":[{"href":"https:\/\/vapotheque.ch\/de\/wp-json\/wp\/v2\/product"}],"about":[{"href":"https:\/\/vapotheque.ch\/de\/wp-json\/wp\/v2\/types\/product"}],"wp:featuredmedia":[{"embeddable":true,"href":"https:\/\/vapotheque.ch\/de\/wp-json\/wp\/v2\/media\/16312"}],"wp:attachment":[{"href":"https:\/\/vapotheque.ch\/de\/wp-json\/wp\/v2\/media?parent=17615"}],"wp:term":[{"taxonomy":"product_cat","embeddable":true,"href":"https:\/\/vapotheque.ch\/de\/wp-json\/wp\/v2\/product_cat?post=17615"},{"taxonomy":"product_tag","embeddable":true,"href":"https:\/\/vapotheque.ch\/de\/wp-json\/wp\/v2\/product_tag?post=17615"}],"curies":[{"name":"wp","href":"https:\/\/api.w.org\/{rel}","templated":true}]}}