{"id":17614,"date":"2022-04-01T12:46:52","date_gmt":"2022-04-01T10:46:52","guid":{"rendered":"https:\/\/vapotheque.ch\/boutique\/voopoo-pnp-patronen-x\/"},"modified":"2025-11-06T18:24:35","modified_gmt":"2025-11-06T17:24:35","slug":"voopoo-cartridges-pnp-x","status":"publish","type":"product","link":"https:\/\/vapotheque.ch\/de\/shop\/voopoo-cartridges-pnp-x\/","title":{"rendered":"Voopoo &#8211; PNP X Pods &#8211; Packung x2"},"content":{"rendered":"<h2>Entdecken Sie Voopoo PnP X Patronen: Purer Spa\u00df!<\/h2>\n<h3>Warum sind PnP X MTL Patronen gro\u00dfartig?<\/h3>\n<p><strong>E-Liquid-Wechsel im Handumdrehen<\/strong> : Mit dem Set mit 2 Patronen k\u00f6nnen Sie das E-Liquid schnell und problemlos wechseln. Keine gebrauchten Panzer mehr, es ist Zeit f\u00fcr etwas Neues! <\/p>\n<p><strong>Perfekter MTL Tight Draw<\/strong> : Diese Patronen wurden f\u00fcr einen engen Zug (MTL) entwickelt und sind mit einer d\u00fcnnen und schlanken 510er Tropfspitze f\u00fcr einen pr\u00e4zisen und befriedigenden Dampf ausgestattet. Und wenn Sie Lust auf Entdeckungen haben, hat Voopoo eine weitere etwas breitere 510er Tropfspitze f\u00fcr einen au\u00dfergew\u00f6hnlichen RDL-Zug (Restrictive Direct Lung) beigef\u00fcgt. <\/p>\n<p><strong>Einstellbarer Luftstrom<\/strong> : Passen Sie Ihre Dampfempfindungen mit dem einstellbaren Luftstrom perfekt an. Egal, ob Sie einen straffen Zug oder einen offeneren Luftstrom bevorzugen, diese Tonabnehmer passen sich Ihren W\u00fcnschen an. <\/p>\n<p>\ufe0f <strong>Gro\u00dfe Kapazit\u00e4t<\/strong> : Jede Patrone bietet ein gro\u00dfz\u00fcgiges Fassungsverm\u00f6gen von 5 ml E-Liquid, sodass Sie l\u00e4nger dampfen k\u00f6nnen, ohne st\u00e4ndig nachf\u00fcllen zu m\u00fcssen.<\/p>\n<h3>Kompatibilit\u00e4t und Flexibilit\u00e4t<\/h3>\n<p>Diese Patronen wurden speziell f\u00fcr die Pods <strong>Drag S2<\/strong> und <strong>Drag X2<\/strong> entwickelt, sind aber auch mit einer Reihe von Voopoo-Ger\u00e4ten kompatibel. Erkunden Sie die Liste der &#8220;zus\u00e4tzlichen Produkte&#8221;, um alle verf\u00fcgbaren Optionen zu sehen. <\/p>\n<h3>W\u00e4hlen Sie die richtigen Widerst\u00e4nde f\u00fcr ein un\u00fcbertroffenes Dampferlebnis.<\/h3>\n<p>PnP X MTL-Patronen werden ohne Coils geliefert, also statten Sie sie mit den PnP X Coils von Voopoo aus, um ein sensationelles Dampferlebnis zu erzielen. Hier sind einige Empfehlungen: <\/p>\n<p><strong>PnP X 0,3 Ohm Widerst\u00e4nde<\/strong> :<\/p>\n<ul>\n<li>Auflage: RDL<\/li>\n<li>Leistungsbereich: 32W &#8211; 40W<\/li>\n<li>PG\/VG-Verh\u00e4ltnis: 50\/50 bis 30\/70<\/li>\n<li>Nikotingehalt: bis zu 6 mg\/ml<\/li>\n<\/ul>\n<p><strong>PnP X 0,6 Ohm Widerst\u00e4nde<\/strong> :<\/p>\n<ul>\n<li>Auflage: MTL\/RDL<\/li>\n<li>Leistungsbereich: 18W &#8211; 23W<\/li>\n<li>PG\/VG-Verh\u00e4ltnis: 60\/40 bis 40\/60<\/li>\n<li>Nikotingehalt: bis zu 12 mg\/ml<\/li>\n<\/ul>\n<p><strong>Achtung<\/strong> : PnP X Cartridges sind nur mit PnP X Coils kompatibel. Standard-PnP-Widerst\u00e4nde funktionieren nicht.<\/p>\n<\/p>\n<p><strong>Verkauft in Zweierpackungen ohne Spule!<br \/>PNP X Cartridges von Voopoo sind in 2 Ausf\u00fchrungen erh\u00e4ltlich: MTL oder RDL<\/strong><\/p>\n<\/p>\n<p>Entdecken Sie alle Produkte der Marke <a href=\"..\/..\/product_brand\/voopoo\/\" target=\"_blank\" rel=\"noopener\">Voopoo<\/a>.<\/p>\n<p>Erhalten Sie Rabatte oder die neuesten Informationen zu unseren anderen Produkten, die im Gesch\u00e4ft erh\u00e4ltlich sind, indem Sie uns in unseren sozialen Netzwerken folgen: <a href=\"https:\/\/www.facebook.com\/VapeAigleCH\" target=\"_blank\" rel=\"noopener\">Facebook<\/a> oder <a href=\"https:\/\/www.instagram.com\/vapotheque_aigle\/\" target=\"_blank\" rel=\"noopener\">Instagram<\/a>.<\/p>\n","protected":false},"excerpt":{"rendered":"<p>Entdecken Sie Voopoo PnP X Patronen: Purer Spa\u00df! Warum sind PnP X MTL Patronen gro\u00dfartig? E-Liquid-Wechsel im Handumdrehen : Mit dem Set mit 2 Patronen k\u00f6nnen Sie das E-Liquid schnell und problemlos wechseln. Keine gebrauchten Panzer mehr, es ist Zeit f\u00fcr etwas Neues! Perfekter MTL Tight Draw : Diese Patronen wurden f\u00fcr einen engen Zug [&hellip;]<\/p>\n","protected":false},"featured_media":32994,"template":"","meta":{"_acf_changed":false},"product_cat":[408,456,422],"product_tag":[],"class_list":{"0":"post-17614","1":"product","2":"type-product","3":"status-publish","4":"has-post-thumbnail","6":"product_brand-voopoo-de","7":"product_cat-lieferbar-innerhalb-von-24-stunden-de","8":"product_cat-verschiedene","9":"product_cat-verschiedenes-zubehor","11":"first","12":"instock","13":"taxable","14":"shipping-taxable","15":"purchasable","16":"product-type-variable"},"acf":[],"jetpack_sharing_enabled":true,"_links":{"self":[{"href":"https:\/\/vapotheque.ch\/de\/wp-json\/wp\/v2\/product\/17614","targetHints":{"allow":["GET"]}}],"collection":[{"href":"https:\/\/vapotheque.ch\/de\/wp-json\/wp\/v2\/product"}],"about":[{"href":"https:\/\/vapotheque.ch\/de\/wp-json\/wp\/v2\/types\/product"}],"wp:featuredmedia":[{"embeddable":true,"href":"https:\/\/vapotheque.ch\/de\/wp-json\/wp\/v2\/media\/32994"}],"wp:attachment":[{"href":"https:\/\/vapotheque.ch\/de\/wp-json\/wp\/v2\/media?parent=17614"}],"wp:term":[{"taxonomy":"product_cat","embeddable":true,"href":"https:\/\/vapotheque.ch\/de\/wp-json\/wp\/v2\/product_cat?post=17614"},{"taxonomy":"product_tag","embeddable":true,"href":"https:\/\/vapotheque.ch\/de\/wp-json\/wp\/v2\/product_tag?post=17614"}],"curies":[{"name":"wp","href":"https:\/\/api.w.org\/{rel}","templated":true}]}}