{"id":17610,"date":"2022-03-11T13:07:29","date_gmt":"2022-03-11T12:07:29","guid":{"rendered":"https:\/\/vapotheque.ch\/boutique\/coil-connection-alien-ni80-coils\/"},"modified":"2024-09-30T10:57:42","modified_gmt":"2024-09-30T08:57:42","slug":"coil-connection-alien-2","status":"publish","type":"product","link":"https:\/\/vapotheque.ch\/de\/shop\/coil-connection-alien-2\/","title":{"rendered":"Coil Connection &#8211; Alien NI80 Coils"},"content":{"rendered":"<h2>Coil Connection zeigt uns seine Alien NI80 Coils in 0.40 Ohm!<\/h2>\n<h4>Als eingefleischter Builder und immer auf der Suche nach Neuem, hat Pascal Foinard mit den Alien NI80 Coils ein neues Kunstwerk geschaffen. Er l\u00e4dt Sie zu einer Explosion der Gef\u00fchle ein. Finden Sie die Qualit\u00e4t und Haltbarkeit der 100% handgefertigten Coil Connection in diesen vorgewickelten Premium-Coils f\u00fcr Ihren RTA-Atomizer oder Dripper!<\/h4>\n<p>  Ein Klassiker, der \u00fcberall passt, man wird seine Vielseitigkeit sch\u00e4tzen, bestimmt f\u00fcr Dual-Montagen, um sicher auf Mecha (0,20 Ohm) zu bleiben, gute Dampfproduktion und Geschmack. Genie\u00dfen Sie die handgefertigte Qualit\u00e4t mit Coil Connection und bewundern Sie ihre einzigartige Flechtkunst! Die Alien NI80 Coils bestehen aus zwei verschiedenen Drahttypen. Wir haben 3&#215;29 GA NI80, die von einem 1&#215;38 GA NI80 Draht mit einem Innendurchmesser von 3mm umgeben sind, jede Coil hat einen Wert von 0,40 Ohm +\/-. Widerstand: 0,40 Ohm\/Coil &#8211; Durchmesser: 3 mm Set mit 2 handgefertigten Coils Alien NI80 0.40 Ohm.  &nbsp;  Handgefertigte Coils von Pascal Foinard, verkauft als 2 St\u00fcck, einschlie\u00dflich organischer Baumwolle. Sehen Sie sich alle Produkte der Marke <a href=\"\/product_brand\/coil-connection\/\" target=\"_blank\" rel=\"noopener\">Coil Connection an.<\/a> Erhalten Sie Rabatte oder die neuesten Informationen \u00fcber unsere Produkte, indem Sie uns auf unseren sozialen Netzwerken folgen: <a href=\"https:\/\/www.facebook.com\/VapeAigleCH\" target=\"_blank\" rel=\"noopener\">Facebook<\/a> oder <a href=\"https:\/\/www.instagram.com\/vapotheque\" target=\"_blank\" rel=\"noopener\">Instagram<\/a>.<\/p>\n","protected":false},"excerpt":{"rendered":"<p>Coil Connection zeigt uns seine Alien NI80 Coils in 0.40 Ohm! Als eingefleischter Builder und immer auf der Suche nach Neuem, hat Pascal Foinard mit den Alien NI80 Coils ein neues Kunstwerk geschaffen. Er l\u00e4dt Sie zu einer Explosion der Gef\u00fchle ein. Finden Sie die Qualit\u00e4t und Haltbarkeit der 100% handgefertigten Coil Connection in diesen [&hellip;]<\/p>\n","protected":false},"featured_media":17103,"template":"","meta":{"_acf_changed":false},"product_cat":[442,408,425],"product_tag":[],"class_list":{"0":"post-17610","1":"product","2":"type-product","3":"status-publish","4":"has-post-thumbnail","6":"product_brand-coil-connection-de","7":"product_cat-hervorgehobene-produkte","8":"product_cat-lieferbar-innerhalb-von-24-stunden-de","9":"product_cat-rekonstruierbare-faden","11":"first","12":"instock","13":"taxable","14":"shipping-taxable","15":"purchasable","16":"product-type-simple"},"acf":[],"jetpack_sharing_enabled":true,"_links":{"self":[{"href":"https:\/\/vapotheque.ch\/de\/wp-json\/wp\/v2\/product\/17610","targetHints":{"allow":["GET"]}}],"collection":[{"href":"https:\/\/vapotheque.ch\/de\/wp-json\/wp\/v2\/product"}],"about":[{"href":"https:\/\/vapotheque.ch\/de\/wp-json\/wp\/v2\/types\/product"}],"wp:featuredmedia":[{"embeddable":true,"href":"https:\/\/vapotheque.ch\/de\/wp-json\/wp\/v2\/media\/17103"}],"wp:attachment":[{"href":"https:\/\/vapotheque.ch\/de\/wp-json\/wp\/v2\/media?parent=17610"}],"wp:term":[{"taxonomy":"product_cat","embeddable":true,"href":"https:\/\/vapotheque.ch\/de\/wp-json\/wp\/v2\/product_cat?post=17610"},{"taxonomy":"product_tag","embeddable":true,"href":"https:\/\/vapotheque.ch\/de\/wp-json\/wp\/v2\/product_tag?post=17610"}],"curies":[{"name":"wp","href":"https:\/\/api.w.org\/{rel}","templated":true}]}}