{"id":17601,"date":"2022-03-11T13:04:39","date_gmt":"2022-03-11T12:04:39","guid":{"rendered":"https:\/\/vapotheque.ch\/boutique\/coil-connection-small-stagg-ni90-coils\/"},"modified":"2024-09-30T10:57:48","modified_gmt":"2024-09-30T08:57:48","slug":"coil-connection-small-stagg-ni90-2","status":"publish","type":"product","link":"https:\/\/vapotheque.ch\/de\/shop\/coil-connection-small-stagg-ni90-2\/","title":{"rendered":"Coil Connection &#8211; Small Stagg Ni90 Coils"},"content":{"rendered":"<div class=\"woocommerce-tabs wc-tabs-wrapper\">\n<div id=\"tab-description\" class=\"woocommerce-Tabs-panel woocommerce-Tabs-panel--description panel entry-content wc-tab\" role=\"tabpanel\" aria-labelledby=\"tab-title-description\">\n<h2 style=\"font-family: Saira,sans-serif; font-weight: bold; line-height: 1.3; font-size: 37px; margin-top: 12.5px; margin-bottom: 12.5px;\">Coil Connection zeigt uns seine Small Stagg Ni90 Coils in 0,38 Ohm!<\/h2>\n<h4>Als eingefleischter Builder, der immer auf der Suche nach Neuem ist, hat Pascal Foinard mit den Small Stagg Ni90 Coils ein neues Kunstwerk geschaffen. Er l\u00e4dt Sie zu einer Explosion der Gef\u00fchle ein. Finden Sie die Qualit\u00e4t und Haltbarkeit der 100% handgefertigten Coil Connection in diesen vorgewickelten Premium-Coils f\u00fcr Ihren RTA-Atomizer oder Dripper!<\/h4>\n<p>  Sie sind f\u00fcr eine reaktionsschnellere Version als der ni80 entwickelt worden und eignen sich ideal als Dual auf Maschinen, f\u00fcr die weniger \u00c4ngstlichen als Dual auf Elektro. So entdecken Sie die Coils Staggered Ni90. Sie bringen zwei verschiedene Arten von Garn zusammen. Wir werden 2&#215;28 GA NI90 haben, die jeweils von einem Draht umgeben sind, und 1&#215;36 GA NI 80, die jeweils einen Abstand von jedem zweiten Draht haben. Die beiden F\u00e4den werden durch einen 36 GA NI 80 Faden verbunden, der die L\u00fccke beim 1. Clapton ausf\u00fcllt. Bei einem Innendurchmesser von 3 mm hat jede Coil einen Wert von 0,38 Ohm +oder -. Widerstand: 0,38 Ohm\/Coil &#8211; Durchmesser: 3 mm 2er-Set handgemachter Coils Small Stagg Ni90 0.38 Ohm.  &nbsp;  Handgefertigte Coils von Pascal Foinard, verkauft als 2 St\u00fcck, einschlie\u00dflich organischer Baumwolle. Sehen Sie sich alle Produkte der Marke <a href=\"\/product_brand\/coil-connection\/\" target=\"_blank\" rel=\"noopener\">Coil Connection an.<\/a> Erhalten Sie Rabatte oder die neuesten Informationen \u00fcber unsere Produkte, indem Sie uns auf unseren sozialen Netzwerken folgen: <a href=\"https:\/\/www.facebook.com\/VapeAigleCH\" target=\"_blank\" rel=\"noopener\">Facebook<\/a> oder <a href=\"https:\/\/www.instagram.com\/vapotheque\" target=\"_blank\" rel=\"noopener\">Instagram<\/a>.  <\/div>\n<\/div>\n","protected":false},"excerpt":{"rendered":"<p>Coil Connection zeigt uns seine Small Stagg Ni90 Coils in 0,38 Ohm! Als eingefleischter Builder, der immer auf der Suche nach Neuem ist, hat Pascal Foinard mit den Small Stagg Ni90 Coils ein neues Kunstwerk geschaffen. Er l\u00e4dt Sie zu einer Explosion der Gef\u00fchle ein. Finden Sie die Qualit\u00e4t und Haltbarkeit der 100% handgefertigten Coil [&hellip;]<\/p>\n","protected":false},"featured_media":17107,"template":"","meta":{"_acf_changed":false},"product_cat":[442,408,425],"product_tag":[],"class_list":{"0":"post-17601","1":"product","2":"type-product","3":"status-publish","4":"has-post-thumbnail","6":"product_brand-coil-connection-de","7":"product_cat-hervorgehobene-produkte","8":"product_cat-lieferbar-innerhalb-von-24-stunden-de","9":"product_cat-rekonstruierbare-faden","11":"first","12":"outofstock","13":"taxable","14":"shipping-taxable","15":"purchasable","16":"product-type-simple"},"acf":[],"jetpack_sharing_enabled":true,"_links":{"self":[{"href":"https:\/\/vapotheque.ch\/de\/wp-json\/wp\/v2\/product\/17601","targetHints":{"allow":["GET"]}}],"collection":[{"href":"https:\/\/vapotheque.ch\/de\/wp-json\/wp\/v2\/product"}],"about":[{"href":"https:\/\/vapotheque.ch\/de\/wp-json\/wp\/v2\/types\/product"}],"wp:featuredmedia":[{"embeddable":true,"href":"https:\/\/vapotheque.ch\/de\/wp-json\/wp\/v2\/media\/17107"}],"wp:attachment":[{"href":"https:\/\/vapotheque.ch\/de\/wp-json\/wp\/v2\/media?parent=17601"}],"wp:term":[{"taxonomy":"product_cat","embeddable":true,"href":"https:\/\/vapotheque.ch\/de\/wp-json\/wp\/v2\/product_cat?post=17601"},{"taxonomy":"product_tag","embeddable":true,"href":"https:\/\/vapotheque.ch\/de\/wp-json\/wp\/v2\/product_tag?post=17601"}],"curies":[{"name":"wp","href":"https:\/\/api.w.org\/{rel}","templated":true}]}}