{"id":17592,"date":"2022-03-11T12:44:37","date_gmt":"2022-03-11T11:44:37","guid":{"rendered":"https:\/\/vapotheque.ch\/boutique\/coil-connection-staple-mtl-coils\/"},"modified":"2024-06-14T16:58:54","modified_gmt":"2024-06-14T14:58:54","slug":"coil-connection-staple-mtl-2","status":"publish","type":"product","link":"https:\/\/vapotheque.ch\/de\/shop\/coil-connection-staple-mtl-2\/","title":{"rendered":"Coil Connection &#8211; Staple MTL Coils"},"content":{"rendered":"<h2 style=\"font-family: Saira,sans-serif; font-weight: bold; line-height: 1.3; font-size: 37px; margin-top: 12.5px; margin-bottom: 12.5px;\">Coil Connection zeigt uns seine Staple MTL Coils in 0.70 Ohm!<\/h2>\n<h3>Als eingefleischter Builder, der immer auf der Suche nach Neuem ist, hat Pascal Foinard mit den Staple MTL Coils ein neues Kunstwerk geschaffen. Er l\u00e4dt Sie zu einer Explosion der Gef\u00fchle ein. Finden Sie die Qualit\u00e4t und Haltbarkeit der 100% handgefertigten Coil Connection in diesen vorgewickelten Premium-Coils f\u00fcr Ihren RTA MTL Atomizer!<\/h3>\n<p>Die Coil Connection Staple MTL Coils bestehen aus zwei verschiedenen Drahttypen. Wir haben 4&#215;3\/1 RIBBON NI80, umgeben von einem 1&#215;44 GA NI 80 Draht mit einem Innendurchmesser von 2,5mm, jeder Coil hat einen Wert von 0,70 Ohm + oder -.<\/p>\n<p>Besonders geeignet f\u00fcr <strong>Atos<\/strong> des<strong> rekonstruierbaren MTL-Typs<\/strong>: precisio, bastard, gata, reload, aber auch auf kleinen rda<br \/>\nin 22mm, der bislang beste MTL-Coil!<\/p>\n<p>Widerstand: 0.7 Ohm\/Coil &#8211; Durchmesser: 2.5mm<\/p>\n<p>Satz von 4 handgefertigten Coils Staple MTL 0.7 Ohm.<\/p>\n<p>&nbsp;<\/p>\n<p>Handgefertigte Coils von Pascal Foinard, verkauft im 4er-Pack.<\/p>\n<p>Sehen Sie sich alle Produkte der Marke <a href=\"https:\/\/vapotheque.ch\/de\/produkt_brand\/coil-connection-de\/\" target=\"_blank\" rel=\"noopener\">Coil Connection<\/a> an.<\/p>\n<p>Erhalten Sie Rabatte oder die neuesten Informationen \u00fcber unsere Produkte, indem Sie uns auf unseren sozialen Netzwerken folgen: <a href=\"https:\/\/www.facebook.com\/VapeAigleCH\" target=\"_blank\" rel=\"noopener\">Facebook<\/a> oder <a href=\"https:\/\/www.instagram.com\/vapotheque\" target=\"_blank\" rel=\"noopener\">Instagram<\/a>.<\/p>\n","protected":false},"excerpt":{"rendered":"<p>Coil Connection zeigt uns seine Staple MTL Coils in 0.70 Ohm! Als eingefleischter Builder, der immer auf der Suche nach Neuem ist, hat Pascal Foinard mit den Staple MTL Coils ein neues Kunstwerk geschaffen. Er l\u00e4dt Sie zu einer Explosion der Gef\u00fchle ein. Finden Sie die Qualit\u00e4t und Haltbarkeit der 100% handgefertigten Coil Connection in [&hellip;]<\/p>\n","protected":false},"featured_media":17112,"template":"","meta":{"_acf_changed":false},"product_cat":[442,408,425],"product_tag":[],"class_list":{"0":"post-17592","1":"product","2":"type-product","3":"status-publish","4":"has-post-thumbnail","6":"product_brand-coil-connection-de","7":"product_cat-hervorgehobene-produkte","8":"product_cat-lieferbar-innerhalb-von-24-stunden-de","9":"product_cat-rekonstruierbare-faden","11":"first","12":"outofstock","13":"taxable","14":"shipping-taxable","15":"purchasable","16":"product-type-simple"},"acf":[],"jetpack_sharing_enabled":true,"_links":{"self":[{"href":"https:\/\/vapotheque.ch\/de\/wp-json\/wp\/v2\/product\/17592","targetHints":{"allow":["GET"]}}],"collection":[{"href":"https:\/\/vapotheque.ch\/de\/wp-json\/wp\/v2\/product"}],"about":[{"href":"https:\/\/vapotheque.ch\/de\/wp-json\/wp\/v2\/types\/product"}],"wp:featuredmedia":[{"embeddable":true,"href":"https:\/\/vapotheque.ch\/de\/wp-json\/wp\/v2\/media\/17112"}],"wp:attachment":[{"href":"https:\/\/vapotheque.ch\/de\/wp-json\/wp\/v2\/media?parent=17592"}],"wp:term":[{"taxonomy":"product_cat","embeddable":true,"href":"https:\/\/vapotheque.ch\/de\/wp-json\/wp\/v2\/product_cat?post=17592"},{"taxonomy":"product_tag","embeddable":true,"href":"https:\/\/vapotheque.ch\/de\/wp-json\/wp\/v2\/product_tag?post=17592"}],"curies":[{"name":"wp","href":"https:\/\/api.w.org\/{rel}","templated":true}]}}