{"id":17589,"date":"2022-01-07T13:49:34","date_gmt":"2022-01-07T12:49:34","guid":{"rendered":"https:\/\/vapotheque.ch\/boutique\/steam-train-red-berries-splash-e-liquide\/"},"modified":"2025-11-07T15:36:09","modified_gmt":"2025-11-07T14:36:09","slug":"steam-train-old-station-red-berries-splash","status":"publish","type":"product","link":"https:\/\/vapotheque.ch\/de\/shop\/steam-train-old-station-red-berries-splash\/","title":{"rendered":"Steam Train &#8211; Rote Beeren Slash 20 ml \/ 60 ml E-Liquid"},"content":{"rendered":"<h2>Steam Train Red Berries Slash 20 ml \/ 60 ml E-Liquid: Eine rote Frucht mit der perfekten Balance!<\/h2>\n<p><a href=\"..\/..\/marque\/steam-train\/\" target=\"_blank\" rel=\"noopener\">Die griechische Marke Steam Train<\/a> wird Sie mit dem <strong>Steam Train Red Berries Slash 20 ml \/ 60 ml E-Liquid<\/strong> beeindrucken, wenn Sie fruchtige Aromen mit einer Note von Frische in Ihrem E-Liquid m\u00f6gen. <strong>Steam Train<\/strong> bietet Ihnen ein exklusiv f\u00fcr Sie entwickeltes E-Liquid! Die <strong>Dampfeisenbahn<\/strong> <strong>Red Berries Slash<\/strong>, das E-Liquid f\u00fcr alle Dampfer, die etwas auf sich halten.  Wenn Sie beim Dampfen Frische sch\u00e4tzen, wird der Red Berries Splash perfekt sein, um Sie rundum zufrieden zu stellen.<\/p>\n<h3>Ein E-Liquid, das f\u00fcr Liebhaber von Fr\u00fcchten entwickelt wurde.<\/h3>\n<p>Es ist anzunehmen, dass Dampfer bei E-Liquids die Wahl zwischen den verschiedenen Geschmacksrichtungen haben, die von den Herstellern angeboten werden. Aus diesem Grund hat Steam train beschlossen, diesen neuen Saft mit fruchtigen Aromen zu entwickeln, die \u00fcber alle Erwartungen hinausgehen. Auch wenn diese E-Fl\u00fcssigkeit vor allem bei Frauen beliebt ist, k\u00f6nnen auch M\u00e4nner von der s\u00fc\u00dfen Note profitieren.  <\/p>\n<h3>Ein Saft mit einzigartigen Aromen aus der Old Station-Reihe<\/h3>\n<p>Steam train hat keine halben Sachen gemacht, als sie Red Berries Splash! Dieses E-Liquid ist ein wahres Geschmackskonzentrat aus den Aromen der Fr\u00fcchte, aus denen es besteht. Eine leckere Mischung aus<strong> saftigen Kirschen <\/strong>und<strong> s\u00fc\u00dfen Erdbeeren<\/strong> unterstreicht die Authentizit\u00e4t dieses Saftes. Perfekt f\u00fcr Dampfer, die auf der Suche nach einem exotischen Touch in ihrem Liquid sind. Au\u00dferdem werden diese Aromen Ihren Geschmacksknospen beim <b>Vaporisieren <\/b>Frische verleihen, und das \u00fcberall<b>,<\/b> wo Sie sich befinden!<\/p>\n<p>Eine Top-Fl\u00fcssigkeit! Wie gewohnt sind die Aromen mit dem <strong>Steam Train Red Berries Slash 20 ml \/ 60 ml E-Liquid<\/strong> da. Entdecken Sie die ganze <strong>Frische<\/strong> einer unwiderstehlichen Mischung aus <strong>saftigen Kirschen und zuckers\u00fc\u00dfen Erdbeeren<\/strong> mit einer Welle von <strong>Frische<\/strong> f\u00fcr Ihren Gaumen. Unbedingt vaporisieren!<\/p>\n<p><strong>ACHTUNG: Bei diesem Produkt handelt es sich um ein 20ml konzentriertes Aroma, das vor Gebrauch verd\u00fcnnt werden muss!<\/strong><\/p>\n<\/p>\n<h3>Hilf dabei, dein Steam Train Red Berries Slash E-Liquid zu verbessern:<\/h3>\n<p>Wenn Sie Ihren Red Berries Slash erhalten, m\u00fcssen Sie die <a href=\"https:\/\/vapotheque.ch\/de\/kategorie\/diy-de\/boosters-diy-de\/\"><strong>Nikotinbooster<\/strong><\/a> (falls erforderlich) sowie <strong><a href=\"https:\/\/vapotheque.ch\/de\/shop\/vapor-flavour-basis-30pg-70vg\/\">die PG\/VG-Basis<\/a><\/strong> hinzuf\u00fcgen, bevor Sie ihn verdampfen k\u00f6nnen. Die Flasche, die Sie erhalten, wird mit <strong>20 ml konzentriertem Aroma<\/strong> gef\u00fcllt. <\/p>\n<p>Der Reihe nach m\u00fcssen Sie <strong>also zuerst die notwendigen Nikotinverst\u00e4rker<\/strong> <strong>und dann die PG\/VG-Basis<\/strong> hinzuf\u00fcgen, um die Flasche fertig zu f\u00fcllen. Um Ihnen bei der Anzahl der <a href=\"https:\/\/vapotheque.ch\/de\/kategorie\/diy-de\/boosters-diy-de\/\"><strong>Nikotinbooster<\/strong><\/a> und der <strong><a href=\"https:\/\/vapotheque.ch\/de\/shop\/vapor-flavour-basis-30pg-70vg\/\">ben\u00f6tigten PG\/VG-Grundmenge<\/a><\/strong> zu helfen, finden Sie im Folgenden einige Beispiele: <\/p>\n<ul>\n<li>F\u00fcr 3 mg\/ml Nikotin m\u00fcssen Sie 1x <a href=\"https:\/\/vapotheque.ch\/de\/kategorie\/diy-de\/boosters-diy-de\/\"><strong>Nikotinbooster<\/strong><\/a> und 1x 100 ml <strong><a href=\"https:\/\/vapotheque.ch\/de\/shop\/vapor-flavour-basis-30pg-70vg\/\">Base 30 PG \/ 70 VG bestellen.<\/a><\/strong> Sie gie\u00dfen Ihren Booster in die Flasche mit E-Liquid und f\u00fcllen dann die Flasche mit der PG \/ VG \/ VG-Basis auf. <\/li>\n<li>F\u00fcr 6 mg\/ml Nikotin m\u00fcssen Sie 2x <a href=\"https:\/\/vapotheque.ch\/de\/kategorie\/diy-de\/boosters-diy-de\/\"><strong>Nikotinbooster<\/strong><\/a> und 1x 100 ml <strong><a href=\"https:\/\/vapotheque.ch\/de\/shop\/vapor-flavour-basis-30pg-70vg\/\">30 PG\/70 VG Base<\/a><\/strong> bestellen. Sie gie\u00dfen Ihren Booster in die Flasche mit E-Liquid und f\u00fcllen dann die Flasche mit der PG \/ VG \/ VG-Basis auf. <\/li>\n<li>F\u00fcr 9 mg\/ml m\u00fcssen Sie 3x <a href=\"https:\/\/vapotheque.ch\/de\/kategorie\/diy-de\/boosters-diy-de\/\"><strong>Nikotinbooster<\/strong><\/a> und 1x 100 ml <strong><a href=\"https:\/\/vapotheque.ch\/de\/shop\/vapor-flavour-basis-30pg-70vg\/\">30 PG\/70 VG Base<\/a><\/strong> bestellen. Sie gie\u00dfen Ihren Booster in die Flasche mit E-Liquid und f\u00fcllen dann die Flasche mit der PG \/ VG \/ VG-Basis auf. <\/li>\n<\/ul>\n<p><strong>Und so weiter bis zum maximalen Volumen der Flasche.<\/strong><\/p>\n<p><strong>Wenn nach dem F\u00fcllen der Flasche noch etwas vom Boden \u00fcbrig ist, denken Sie daran, ihn vor Licht gesch\u00fctzt und bei Raumtemperatur aufzubewahren. Sie k\u00f6nnen es bei Ihrer n\u00e4chsten Bestellung verwenden. <\/strong><\/p>\n<\/p>\n<p>Wichtig: Aromakonzentrat 20 ml, verkauft in der 60 ml Flasche.<\/p>\n<p class=\"class-fabrication\">Hergestellt in Griechenland; Dosierung: 100% PG.<\/p>\n<p>Sehen Sie sich weitere Produkte der Marke <a href=\"..\/..\/marque\/steam-train\/\" target=\"_blank\" rel=\"noopener\">Steam Train<\/a> an.<\/p>\n<p>Erhalten Sie Rabatte oder die neuesten Informationen \u00fcber die Dampfeisenbahn, indem Sie uns auf <a href=\"https:\/\/www.facebook.com\/VapeAigleCH\" target=\"_blank\" rel=\"noopener\">Facebook<\/a> oder <a href=\"https:\/\/www.instagram.com\/vapotheque\" target=\"_blank\" rel=\"noopener\">Instagram<\/a> folgen.<\/p>\n","protected":false},"excerpt":{"rendered":"<p><strong>Wie Sie die Booster richtig zu Ihrem Produkt hinzuf\u00fcgen, erfahren Sie in der nachfolgenden Beschreibung.<\/strong><\/p>\n","protected":false},"featured_media":16286,"template":"","meta":{"_acf_changed":false},"product_cat":[405,404,408,423,1681,1679],"product_tag":[],"class_list":{"0":"post-17589","1":"product","2":"type-product","3":"status-publish","4":"has-post-thumbnail","6":"product_brand-steam-train-de","7":"product_cat-e-liquids","8":"product_cat-fruchtig","9":"product_cat-lieferbar-innerhalb-von-24-stunden-de","10":"product_cat-promos","11":"product_cat-20-ml-fur-60-ml","12":"product_cat-menge-e-flussigkeit-kapazitat-flasche","14":"first","15":"instock","16":"taxable","17":"shipping-taxable","18":"purchasable","19":"product-type-simple"},"acf":[],"jetpack_sharing_enabled":true,"_links":{"self":[{"href":"https:\/\/vapotheque.ch\/de\/wp-json\/wp\/v2\/product\/17589","targetHints":{"allow":["GET"]}}],"collection":[{"href":"https:\/\/vapotheque.ch\/de\/wp-json\/wp\/v2\/product"}],"about":[{"href":"https:\/\/vapotheque.ch\/de\/wp-json\/wp\/v2\/types\/product"}],"wp:featuredmedia":[{"embeddable":true,"href":"https:\/\/vapotheque.ch\/de\/wp-json\/wp\/v2\/media\/16286"}],"wp:attachment":[{"href":"https:\/\/vapotheque.ch\/de\/wp-json\/wp\/v2\/media?parent=17589"}],"wp:term":[{"taxonomy":"product_cat","embeddable":true,"href":"https:\/\/vapotheque.ch\/de\/wp-json\/wp\/v2\/product_cat?post=17589"},{"taxonomy":"product_tag","embeddable":true,"href":"https:\/\/vapotheque.ch\/de\/wp-json\/wp\/v2\/product_tag?post=17589"}],"curies":[{"name":"wp","href":"https:\/\/api.w.org\/{rel}","templated":true}]}}