{"id":17566,"date":"2022-01-12T10:35:50","date_gmt":"2022-01-12T09:35:50","guid":{"rendered":"https:\/\/vapotheque.ch\/boutique\/don-cristo-sesame-e-liquide\/"},"modified":"2025-04-26T12:21:02","modified_gmt":"2025-04-26T10:21:02","slug":"don-cristo-sesame","status":"publish","type":"product","link":"https:\/\/vapotheque.ch\/de\/shop\/don-cristo-sesame\/","title":{"rendered":"Don Cristo &#8211; Sesam 50 ml \/ 60 ml E-Liquid"},"content":{"rendered":"<h2>Don Cristo hat wieder einmal zugeschlagen und bietet das E-Liquid Don Cristo Sesame an, das selbst die gr\u00f6\u00dften Feinschmecker zufriedenstellen wird!<\/h2>\n<p>Don Cristo Sesame mit 0% Sucralose von PGVG Labs ist eine komplexe und kr\u00e4ftige e-Liquid, die einen pr\u00e4chtigen kubanischen Klassiker mit ger\u00f6steten Sesamsamen und einer s\u00fcchtig machenden S\u00fc\u00dfe kombiniert.<\/p>\n<p>Geerntet unter der unaufh\u00f6rlichen Sonne Kubas, setzt der Classic von PGVG Labs klare Aromen frei, die der bet\u00f6renden S\u00fc\u00dfe der ger\u00f6steten Sesamsamen entgegenwirken. Die Aromatiker haben ein Meisterwerk zum Leben erweckt, das ebenso m\u00e4nnlich wie k\u00f6stlich ist!<\/p>\n<p>Vapez ohne M\u00e4\u00dfigung mit Don Cristo &#8230;<\/p>\n<\/p>\n<p>PG\/VG Anteil: 30\/70<\/p>\n<p>Hergestellt in Kanada.<\/p>\n<p>Entdecken Sie weitere Produkte der Marke <a href=\"..\/..\/marque\/pg-vg-labs\/\" target=\"_blank\" rel=\"noopener\">PG VG Labs!<\/a><\/p>\n<p>Erhalten Sie Rabatte oder die neuesten Informationen zu unseren Produkten, indem Sie uns in unseren sozialen Netzwerken folgen: <a href=\"https:\/\/www.facebook.com\/VapeAigleCH\" target=\"_blank\" rel=\"noopener\">Facebook<\/a> oder <a href=\"https:\/\/www.instagram.com\/vapotheque_aigle\/\" target=\"_blank\" rel=\"noopener\">Instagram<\/a>.<\/p>\n","protected":false},"excerpt":{"rendered":"<p>Don Cristo hat wieder einmal zugeschlagen und bietet das E-Liquid Don Cristo Sesame an, das selbst die gr\u00f6\u00dften Feinschmecker zufriedenstellen wird! Don Cristo Sesame mit 0% Sucralose von PGVG Labs ist eine komplexe und kr\u00e4ftige e-Liquid, die einen pr\u00e4chtigen kubanischen Klassiker mit ger\u00f6steten Sesamsamen und einer s\u00fcchtig machenden S\u00fc\u00dfe kombiniert. Geerntet unter der unaufh\u00f6rlichen Sonne [&hellip;]<\/p>\n","protected":false},"featured_media":47754,"template":"","meta":{"_acf_changed":false},"product_cat":[405,442,408,403,1685,1679],"product_tag":[],"class_list":{"0":"post-17566","1":"product","2":"type-product","3":"status-publish","4":"has-post-thumbnail","6":"product_brand-don-cristo-de","7":"product_brand-pg-vg-labs-de","8":"product_cat-e-liquids","9":"product_cat-hervorgehobene-produkte","10":"product_cat-lieferbar-innerhalb-von-24-stunden-de","11":"product_cat-tabak","12":"product_cat-50-ml-fur-60-ml","13":"product_cat-menge-e-flussigkeit-kapazitat-flasche","15":"first","16":"instock","17":"taxable","18":"shipping-taxable","19":"purchasable","20":"product-type-simple"},"acf":[],"jetpack_sharing_enabled":true,"_links":{"self":[{"href":"https:\/\/vapotheque.ch\/de\/wp-json\/wp\/v2\/product\/17566","targetHints":{"allow":["GET"]}}],"collection":[{"href":"https:\/\/vapotheque.ch\/de\/wp-json\/wp\/v2\/product"}],"about":[{"href":"https:\/\/vapotheque.ch\/de\/wp-json\/wp\/v2\/types\/product"}],"wp:featuredmedia":[{"embeddable":true,"href":"https:\/\/vapotheque.ch\/de\/wp-json\/wp\/v2\/media\/47754"}],"wp:attachment":[{"href":"https:\/\/vapotheque.ch\/de\/wp-json\/wp\/v2\/media?parent=17566"}],"wp:term":[{"taxonomy":"product_cat","embeddable":true,"href":"https:\/\/vapotheque.ch\/de\/wp-json\/wp\/v2\/product_cat?post=17566"},{"taxonomy":"product_tag","embeddable":true,"href":"https:\/\/vapotheque.ch\/de\/wp-json\/wp\/v2\/product_tag?post=17566"}],"curies":[{"name":"wp","href":"https:\/\/api.w.org\/{rel}","templated":true}]}}