{"id":17564,"date":"2022-01-07T14:06:29","date_gmt":"2022-01-07T13:06:29","guid":{"rendered":"https:\/\/vapotheque.ch\/boutique\/steam-train-tropical-cooler-e-liquide\/"},"modified":"2024-12-04T09:54:00","modified_gmt":"2024-12-04T08:54:00","slug":"steam-train-old-station-tropical-cooler","status":"publish","type":"product","link":"https:\/\/vapotheque.ch\/de\/shop\/steam-train-old-station-tropical-cooler\/","title":{"rendered":"Steam Train &#8211; Tropical Cooler 20 \/ 60 ML E-Liquid"},"content":{"rendered":"<h2>Steam Train Tropical Cooler 20 \/ 60 ML E-Liquid: exotisch und erfrischend<\/h2>\n<p><a href=\"https:\/\/vapotheque.ch\/de\/steam-train-4\/\" target=\"_blank\" rel=\"noopener\">Die<\/a> griechische <a href=\"https:\/\/vapotheque.ch\/de\/steam-train-4\/\" target=\"_blank\" rel=\"noopener\">Marke Steam Train<\/a> wird Sie mit dem <strong>Steam Train Tropical Cooler 20 \/ 60 ML E-Liquid<\/strong> beeindrucken, wenn Sie fruchtige Aromen mit einer frischen Note m\u00f6gen. <strong>Steam Train<\/strong> bietet Ihnen eine E-Liquid, die exklusiv f\u00fcr Sie entwickelt wurde! Der <strong>Steam train<\/strong> <strong>Tropical Cooler<\/strong>, die E-Fl\u00fcssigkeit f\u00fcr alle Dampfer, die etwas auf sich halten. Wenn Sie beim Dampfen eine k\u00fchle Erfrischung sch\u00e4tzen, wird der Tropical Cooler perfekt sein, um Sie rundum zufrieden zu stellen.<\/p>\n<h2>Der Tropical Cooler, Ein E-Liquid, das f\u00fcr Fruchtliebhaber entwickelt wurde.<\/h2>\n<p>Man muss glauben, dass Dampfer bei E-Liquids die Qual der Wahl zwischen den verschiedenen Geschmacksrichtungen haben, die von den Herstellern angeboten werden. Das ist sicherlich der Grund, warum Steam train sich dazu entschlossen hat, diesen neuen Saft mit fruchtigen Aromen zu entwerfen, die \u00fcber jeden Verstand hinausgehen. Obwohl dieses E-Liquid vor allem bei Frauen beliebt ist, kann man davon ausgehen, dass auch M\u00e4nner die s\u00fc\u00dfe Note, die es vermittelt, genie\u00dfen k\u00f6nnen.<\/p>\n<p>Das macht sicher den Unterschied zu anderen Fl\u00fcssigkeiten, die Sie anderswo entdecken k\u00f6nnen. Wenn Sie also Ihren Vaping-Moment mit einem neuen E-Liquid genie\u00dfen m\u00f6chten, wird Ihnen der Tropical Cooler eine &#8220;Auszeit&#8221; im Land der tausend und einer Frucht erm\u00f6glichen!<\/p>\n<h3>Ein Saft mit einzigartigen Aromen aus der Old Station-Reihe<\/h3>\n<p>Steam train hat keine halben Sachen gemacht, als sie Tropical Cooler! Dieses E-Liquid ist ein wahres Geschmackskonzentrat aus den Aromen der Fr\u00fcchte, aus denen es besteht. Eine leckere Mischung aus<strong> exotischen Fr\u00fcchten<\/strong> unterstreicht die Authentizit\u00e4t dieses Saftes. Perfekt f\u00fcr Dampfer, die auf der Suche nach einem exotischen Touch in ihrem Liquid sind. Au\u00dferdem werden diese Aromen Ihren Geschmacksknospen beim <b>Vaporisieren <\/b>Frische verleihen, und das \u00fcberall<b>,<\/b> wo Sie sich befinden!<\/p>\n<p>Eine Top-Fl\u00fcssigkeit! Der Steam Train Tropical Cooler 20 \/ 60 ML E-Liquid ist wie \u00fcblich sehr geschmackvoll. Entdecken Sie die ganze <strong>Frische<\/strong> einer unwiderstehlichen Mischung aus saftigen <strong>tropischen Fr\u00fcchten<\/strong> &#8211; eine Welle der <strong>Frische<\/strong> f\u00fcr Ihren Gaumen. Unbedingt vaporisieren!<\/p>\n<p><strong>ACHTUNG: Dieses Produkt ist ein konzentriertes Aroma von 20 ml, das vor Gebrauch verd\u00fcnnt werden muss!<\/strong><\/p>\n<p>&nbsp;<\/p>\n<h3><\/h3>\n<h3>Hilfe beim Boosten Ihres Steam Train Tropical Cooler E-Liquide :<\/h3>\n<p>Wenn Sie Ihren Tropical Cooler erhalten, m\u00fcssen Sie die Nikotinersatzprodukte hinzuf\u00fcgen. <a href=\"https:\/\/vapotheque.ch\/de\/kategorie\/diy-de\/boosters-diy-de\/\"><strong>Nikotin-Booster<\/strong><\/a> (falls erforderlich) und die <strong><a href=\"https:\/\/vapotheque.ch\/de\/shop\/vapor-flavour-basis-30pg-70vg\/\">PG\/VG-Base<\/a><\/strong> bevor Sie ihn rauchen k\u00f6nnen. Die Flasche, die Sie erhalten, ist mit <strong>20 ml konzentriertem Aroma<\/strong> gef\u00fcllt. In dieser Reihenfolge m\u00fcssen Sie <strong>zuerst die<\/strong> ben\u00f6tigten <strong>Nikotinbooster<\/strong> <strong>und dann die PG\/VG-Basis<\/strong> hinzuf\u00fcgen, um die Flasche zu f\u00fcllen. Um Ihnen zu helfen, die Anzahl der <a href=\"https:\/\/vapotheque.ch\/de\/kategorie\/diy-de\/boosters-diy-de\/\"><strong>Nikotin-Boostern zu helfen.<\/strong><\/a> und der Menge an Glukose <strong><a href=\"https:\/\/vapotheque.ch\/de\/shop\/vapor-flavour-basis-30pg-70vg\/\">PG\/VG-Basis<\/a><\/strong> Nachfolgend finden Sie einige Beispiele: <\/p>\n<ul>\n<li>F\u00fcr 3 mg \/ ml Nikotin m\u00fcssen Sie 1x bestellen. <a href=\"https:\/\/vapotheque.ch\/de\/kategorie\/diy-de\/boosters-diy-de\/\"><strong>Nikotin-Booster<\/strong><\/a> und 1x 100 ML Nikotin. <strong><a href=\"https:\/\/vapotheque.ch\/de\/shop\/vapor-flavour-basis-30pg-70vg\/\">Basis 30 PG \/ 70 VG<\/a><\/strong>. F\u00fcllen Sie den Booster in die E-Liquid-Flasche und f\u00fcllen Sie diese mit der PG\/VG\/VG-Basis auf. <\/li>\n<li>F\u00fcr 6 mg \/ ml Nikotin m\u00fcssen Sie 2x bestellen. <a href=\"https:\/\/vapotheque.ch\/de\/kategorie\/diy-de\/boosters-diy-de\/\"><strong>Nikotin-Booster<\/strong><\/a> und 1x 100 ML Nikotin. <strong><a href=\"https:\/\/vapotheque.ch\/de\/shop\/vapor-flavour-basis-30pg-70vg\/\">Basis 30 PG \/ 70 VG bestellen.<\/a><\/strong>. Geben Sie den Booster in die E-Liquid-Flasche und f\u00fcllen Sie die Flasche mit der Basis PG \/ VG \/ VG auf. <\/li>\n<li>F\u00fcr 9 mg \/ ml m\u00fcssen Sie 3x bestellen. <a href=\"https:\/\/vapotheque.ch\/de\/kategorie\/diy-de\/boosters-diy-de\/\"><strong>Nikotin-Booster<\/strong><\/a> und 1x 100 ML von <strong><a href=\"https:\/\/vapotheque.ch\/de\/shop\/vapor-flavour-basis-30pg-70vg\/\">Basis 30 PG \/ 70 VG bestellen.<\/a><\/strong>. Geben Sie den Booster in die E-Liquid-Flasche und f\u00fcllen Sie diese mit der Basis PG \/ VG \/ VG auf. <\/li>\n<\/ul>\n<p><strong>So geht es weiter, bis das maximale Volumen der Flasche erreicht ist.<\/strong><\/p>\n<p><strong>Sollte nach dem Ausf\u00fcllen der Flasche noch etwas Basis vorhanden sein, bewahren Sie diese bitte dunkel und bei Raumtemperatur auf. Sie k\u00f6nnen sie bei Ihrer n\u00e4chsten Bestellung verwenden. <\/strong><\/p>\n<p>&nbsp;<\/p>\n<p>Wichtig: Mit Aromen angereicherte E-Liquids, die in einer 60-ml-Flasche verkauft werden.<\/p>\n<p class=\"class-fabrication\">Hergestellt in Griechenland; Dosierung: 100 % PG.<\/p>\n<p>Entdecken Sie weitere Produkte der Marke  <a href=\"https:\/\/vapotheque.ch\/de\/steam-train-4\/\" target=\"_blank\" rel=\"noopener\">Steam Train<\/a>.<\/p>\n<p>Erhalte Rabatte oder die neuesten Informationen \u00fcber den Steam Train Tropical Cooler, indem du uns auf <a href=\"https:\/\/www.facebook.com\/VapeAigleCH\" target=\"_blank\" rel=\"noopener\">Facebook<\/a> oder <a href=\"https:\/\/www.instagram.com\/vapotheque\" target=\"_blank\" rel=\"noopener\">Instagram<\/a> folgst.<\/p>\n","protected":false},"excerpt":{"rendered":"<p><strong>Wie Sie die Booster richtig zu Ihrem Produkt hinzuf\u00fcgen, erfahren Sie in der nachfolgenden Beschreibung.<\/strong><\/p>\n","protected":false},"featured_media":35003,"template":"","meta":{"_acf_changed":false},"product_cat":[405,404,408,1681,1679],"product_tag":[],"class_list":{"0":"post-17564","1":"product","2":"type-product","3":"status-publish","4":"has-post-thumbnail","6":"product_brand-steam-train-de","7":"product_cat-e-liquids","8":"product_cat-fruchtig","9":"product_cat-lieferbar-innerhalb-von-24-stunden-de","10":"product_cat-20-ml-fur-60-ml","11":"product_cat-menge-e-flussigkeit-kapazitat-flasche","13":"first","14":"instock","15":"taxable","16":"shipping-taxable","17":"purchasable","18":"product-type-simple"},"acf":[],"jetpack_sharing_enabled":true,"_links":{"self":[{"href":"https:\/\/vapotheque.ch\/de\/wp-json\/wp\/v2\/product\/17564","targetHints":{"allow":["GET"]}}],"collection":[{"href":"https:\/\/vapotheque.ch\/de\/wp-json\/wp\/v2\/product"}],"about":[{"href":"https:\/\/vapotheque.ch\/de\/wp-json\/wp\/v2\/types\/product"}],"wp:featuredmedia":[{"embeddable":true,"href":"https:\/\/vapotheque.ch\/de\/wp-json\/wp\/v2\/media\/35003"}],"wp:attachment":[{"href":"https:\/\/vapotheque.ch\/de\/wp-json\/wp\/v2\/media?parent=17564"}],"wp:term":[{"taxonomy":"product_cat","embeddable":true,"href":"https:\/\/vapotheque.ch\/de\/wp-json\/wp\/v2\/product_cat?post=17564"},{"taxonomy":"product_tag","embeddable":true,"href":"https:\/\/vapotheque.ch\/de\/wp-json\/wp\/v2\/product_tag?post=17564"}],"curies":[{"name":"wp","href":"https:\/\/api.w.org\/{rel}","templated":true}]}}