{"id":17561,"date":"2022-01-06T18:22:47","date_gmt":"2022-01-06T17:22:47","guid":{"rendered":"https:\/\/vapotheque.ch\/boutique\/don-cristo-black-e-liquide\/"},"modified":"2025-11-18T17:23:38","modified_gmt":"2025-11-18T16:23:38","slug":"doncristo-blacke-liquide","status":"publish","type":"product","link":"https:\/\/vapotheque.ch\/de\/shop\/doncristo-blacke-liquide\/","title":{"rendered":"Don Cristo &#8211; Black 50 ml \/ 60 ml E-Liquide"},"content":{"rendered":"<h2>Don Cristo a remani\u00e9 une de ses recettes phare, et le petit nouveau se nomme Don Cristo Black E-liquide !<\/h2>\n<p>Le cr\u00e9ateur canadien PGVG Labs a d\u00e9velopp\u00e9 une mixture exquise qui fera le bonheur de tous les vapoteurs en qu\u00eate d&#8217;un e-liquide puissant : Le Don Cristo Black !<\/p>\n<p>Le Don Cristo Black avec 0% de sucralose ne fait aucun compromis et nous donne l&#8217;opportunit\u00e9 de d\u00e9guster un sublime classic cubain. Percutant et cors\u00e9, ce classic sign\u00e9 PGVG Labs n&#8217;use d&#8217;aucun artifice : les amateurs du genre appr\u00e9cieront !<\/p>\n<p>\u00a0<\/p>\n<p>Taux PG\/VG : 30\/70<\/p>\n<p>\u00a0<\/p>\n<p>Fabriqu\u00e9 au Canada.<\/p>\n<p>D\u00e9couvrir les autres produits de la marque <a href=\"..\/..\/marque\/pg-vg-labs\/\" target=\"_blank\" rel=\"noopener\">PG VG Labs!<\/a><\/p>\n<p>Obtenez des r\u00e9ductions ou les derni\u00e8res informations sur nos produits en nous suivant sur nos r\u00e9seaux sociaux: <a href=\"https:\/\/www.facebook.com\/VapeAigleCH\" target=\"_blank\" rel=\"noopener\">Facebook<\/a> ou <a href=\"https:\/\/www.instagram.com\/vapotheque_aigle\/\" target=\"_blank\" rel=\"noopener\">Instagram<\/a>.<\/p>\n<p>\u00a0<\/p>\n","protected":false},"excerpt":{"rendered":"<p>Don Cristo a remani\u00e9 une de ses recettes phare, et le petit nouveau se nomme Don Cristo Black E-liquide ! Le cr\u00e9ateur canadien PGVG Labs a d\u00e9velopp\u00e9 une mixture exquise qui fera le bonheur de tous les vapoteurs en qu\u00eate d&#8217;un e-liquide puissant : Le Don Cristo Black ! Le Don Cristo Black avec 0% [&hellip;]<\/p>\n","protected":false},"featured_media":47738,"template":"","meta":{"_acf_changed":false},"product_cat":[405,442,408,403,1685,1679],"product_tag":[],"class_list":{"0":"post-17561","1":"product","2":"type-product","3":"status-publish","4":"has-post-thumbnail","6":"product_brand-don-cristo-de","7":"product_brand-pg-vg-labs-de","8":"product_cat-e-liquids","9":"product_cat-hervorgehobene-produkte","10":"product_cat-lieferbar-innerhalb-von-24-stunden-de","11":"product_cat-tabak","12":"product_cat-50-ml-fur-60-ml","13":"product_cat-menge-e-flussigkeit-kapazitat-flasche","15":"first","16":"instock","17":"taxable","18":"shipping-taxable","19":"purchasable","20":"product-type-simple"},"acf":[],"jetpack_sharing_enabled":true,"_links":{"self":[{"href":"https:\/\/vapotheque.ch\/de\/wp-json\/wp\/v2\/product\/17561","targetHints":{"allow":["GET"]}}],"collection":[{"href":"https:\/\/vapotheque.ch\/de\/wp-json\/wp\/v2\/product"}],"about":[{"href":"https:\/\/vapotheque.ch\/de\/wp-json\/wp\/v2\/types\/product"}],"wp:featuredmedia":[{"embeddable":true,"href":"https:\/\/vapotheque.ch\/de\/wp-json\/wp\/v2\/media\/47738"}],"wp:attachment":[{"href":"https:\/\/vapotheque.ch\/de\/wp-json\/wp\/v2\/media?parent=17561"}],"wp:term":[{"taxonomy":"product_cat","embeddable":true,"href":"https:\/\/vapotheque.ch\/de\/wp-json\/wp\/v2\/product_cat?post=17561"},{"taxonomy":"product_tag","embeddable":true,"href":"https:\/\/vapotheque.ch\/de\/wp-json\/wp\/v2\/product_tag?post=17561"}],"curies":[{"name":"wp","href":"https:\/\/api.w.org\/{rel}","templated":true}]}}