{"id":17559,"date":"2021-11-11T14:21:38","date_gmt":"2021-11-11T13:21:38","guid":{"rendered":"https:\/\/vapotheque.ch\/boutique\/montreal-original-vieux-port-e-liquide\/"},"modified":"2025-11-06T12:19:25","modified_gmt":"2025-11-06T11:19:25","slug":"montreal-original-alter-hafen","status":"publish","type":"product","link":"https:\/\/vapotheque.ch\/de\/shop\/montreal-original-alter-hafen\/","title":{"rendered":"Montr\u00e9al Original &#8211; Vieux-Port E-Liquid 50 ml \/ 70 ml"},"content":{"rendered":"<h2>Montreal Original macht mit seinem E-Liquid Vieux-Port weiterhin alle Classic-Aficionados gl\u00fccklich.<\/h2>\n<p>Der kanadische Hersteller <strong>Montreal Original<\/strong> hat sich ein fabelhaftes E-Liquid ausgedacht, das einen <strong>Klassiker aus Virginia<\/strong> getreu transkribiert: Probieren Sie den <strong>Vieux-Port<\/strong> !<\/p>\n<p><strong>Reichhaltig<\/strong> und <strong>vollmundig<\/strong> Dieser au\u00dfergew\u00f6hnliche Classic, der durch<strong> nat\u00fcrliche Extraktion<\/strong> gewonnen wird, richtet sich an Liebhaber schlagkr\u00e4ftiger Aromen. Montreal original liefert einen virilen Saft mit umwerfender Komplexit\u00e4t<\/p>\n<h3>Vieux-Port gewann den 3. Platz f\u00fcr das beste Tabak-E-Liquid auf der Vapexpo 2021.<\/h3>\n<\/p>\n<p>Wichtig: E-Liquid in <strong>50-ml-Geschmacksrichtungen<\/strong>, verkauft in einer 70-ml-Flasche.<\/p>\n<p class=\"class-fabrication\">Hergestellt in Kanada; PG\/VG-Verh\u00e4ltnis:<strong> 50% \/ 50%<\/strong>.<\/p>\n<\/p>\n<p>Entdecken Sie weitere Produkte der Marke <a href=\"..\/..\/product_brand\/montreal-original\/\" target=\"_blank\" rel=\"noopener\">Montreal Original<\/a>.<\/p>\n<p>Erhalten Sie Rabatte oder die neuesten Informationen zu unseren Produkten, indem Sie uns in unseren sozialen Netzwerken folgen: <a href=\"https:\/\/www.facebook.com\/VapeAigleCH\" target=\"_blank\" rel=\"noopener\">Facebook<\/a> oder <a href=\"https:\/\/www.instagram.com\/vapotheque_aigle\/\" target=\"_blank\" rel=\"noopener\">Instagram<\/a>.<\/p>\n","protected":false},"excerpt":{"rendered":"<p>Montreal Original macht mit seinem E-Liquid Vieux-Port weiterhin alle Classic-Aficionados gl\u00fccklich. Der kanadische Hersteller Montreal Original hat sich ein fabelhaftes E-Liquid ausgedacht, das einen Klassiker aus Virginia getreu transkribiert: Probieren Sie den Vieux-Port ! Reichhaltig und vollmundig Dieser au\u00dfergew\u00f6hnliche Classic, der durch nat\u00fcrliche Extraktion gewonnen wird, richtet sich an Liebhaber schlagkr\u00e4ftiger Aromen. Montreal original liefert [&hellip;]<\/p>\n","protected":false},"featured_media":47775,"template":"","meta":{"_acf_changed":false},"product_cat":[405,442,408,403,1685,1679],"product_tag":[],"class_list":{"0":"post-17559","1":"product","2":"type-product","3":"status-publish","4":"has-post-thumbnail","6":"product_brand-montreal-original-de","7":"product_cat-e-liquids","8":"product_cat-hervorgehobene-produkte","9":"product_cat-lieferbar-innerhalb-von-24-stunden-de","10":"product_cat-tabak","11":"product_cat-50-ml-fur-60-ml","12":"product_cat-menge-e-flussigkeit-kapazitat-flasche","14":"first","15":"instock","16":"taxable","17":"shipping-taxable","18":"purchasable","19":"product-type-simple"},"acf":[],"jetpack_sharing_enabled":true,"_links":{"self":[{"href":"https:\/\/vapotheque.ch\/de\/wp-json\/wp\/v2\/product\/17559","targetHints":{"allow":["GET"]}}],"collection":[{"href":"https:\/\/vapotheque.ch\/de\/wp-json\/wp\/v2\/product"}],"about":[{"href":"https:\/\/vapotheque.ch\/de\/wp-json\/wp\/v2\/types\/product"}],"wp:featuredmedia":[{"embeddable":true,"href":"https:\/\/vapotheque.ch\/de\/wp-json\/wp\/v2\/media\/47775"}],"wp:attachment":[{"href":"https:\/\/vapotheque.ch\/de\/wp-json\/wp\/v2\/media?parent=17559"}],"wp:term":[{"taxonomy":"product_cat","embeddable":true,"href":"https:\/\/vapotheque.ch\/de\/wp-json\/wp\/v2\/product_cat?post=17559"},{"taxonomy":"product_tag","embeddable":true,"href":"https:\/\/vapotheque.ch\/de\/wp-json\/wp\/v2\/product_tag?post=17559"}],"curies":[{"name":"wp","href":"https:\/\/api.w.org\/{rel}","templated":true}]}}