{"id":17548,"date":"2021-10-29T20:15:35","date_gmt":"2021-10-29T18:15:35","guid":{"rendered":"https:\/\/vapotheque.ch\/boutique\/montreal-original-ville-marie-e-liquide\/"},"modified":"2025-11-06T12:30:02","modified_gmt":"2025-11-06T11:30:02","slug":"montreal-original-ville-marie-2","status":"publish","type":"product","link":"https:\/\/vapotheque.ch\/de\/shop\/montreal-original-ville-marie-2\/","title":{"rendered":"Montreal Original &#8211; Ville-Marie E-Liquid 50 ml \/ 70 ml"},"content":{"rendered":"<h2>Montreal Original erfreut weiterhin die Classic-Aficionados mit seinem Ville-Marie e-Liquid.<\/h2>\n<p>Der kanadische Hersteller <strong>Montreal Original<\/strong> hat sich ein fabelhaftes e-Liquid ausgedacht, das die Kraft eines <strong>Virginia Classic<\/strong> mit der S\u00fc\u00dfe der <strong>Kokosnuss<\/strong> verbindet und mit ein paar Tropfen <strong>Bourbon <\/strong>angereichert ist, indem er den <strong>Ville-Marie<\/strong> vorschl\u00e4gt.<\/p>\n<p>Beim Einziehen umh\u00fcllt die Kraft des Classic den Gaumen. Beim Ausatmen \u00fcbernehmen zarte Noten von Kokosnuss die F\u00fchrung, bevor sie dem runden Bourbon weichen. Montreal Original hat einen tollen All-Day <strong>ohne Sucralose<\/strong> entwickelt!<\/p>\n<p>Mit diesem harmonischen Mix erm\u00f6glicht uns Montreal Original ein einzigartiges Geschmackserlebnis, bei dem M\u00e4nnlichkeit und Zartheit miteinander verschmelzen. Ein pr\u00e4chtiges Liquid, das nur f\u00fcr Liebhaber guter Dinge geeignet ist!<\/p>\n<p>Wie immer verarbeitet Montreal Original seine Liquids, die sie durch die nat\u00fcrliche Extraktion von Tabakaromen gewinnen.<\/p>\n<\/p>\n<p>Wichtig: E-Liquid in <strong>50-ml-Geschmacksrichtungen<\/strong>, verkauft in einer 70-ml-Flasche.<\/p>\n<p class=\"class-fabrication\">Hergestellt in Kanada; PG\/VG-Verh\u00e4ltnis:<strong> 50% \/ 50%<\/strong>.<\/p>\n<p>Entdecken Sie weitere Produkte der Marke <a href=\"..\/..\/product_brand\/montreal-original\/\" target=\"_blank\" rel=\"noopener\">Montreal Original<\/a>.<\/p>\n<p>Erhalten Sie Rabatte oder die neuesten Informationen zu unseren Produkten, indem Sie uns in unseren sozialen Netzwerken folgen: <a href=\"https:\/\/www.facebook.com\/VapeAigleCH\" target=\"_blank\" rel=\"noopener\">Facebook<\/a> oder <a href=\"https:\/\/www.instagram.com\/vapotheque_aigle\/\" target=\"_blank\" rel=\"noopener\">Instagram<\/a>.<\/p>\n","protected":false},"excerpt":{"rendered":"<p>Montreal Original erfreut weiterhin die Classic-Aficionados mit seinem Ville-Marie e-Liquid. Der kanadische Hersteller Montreal Original hat sich ein fabelhaftes e-Liquid ausgedacht, das die Kraft eines Virginia Classic mit der S\u00fc\u00dfe der Kokosnuss verbindet und mit ein paar Tropfen Bourbon angereichert ist, indem er den Ville-Marie vorschl\u00e4gt. Beim Einziehen umh\u00fcllt die Kraft des Classic den Gaumen. [&hellip;]<\/p>\n","protected":false},"featured_media":47777,"template":"","meta":{"_acf_changed":false},"product_cat":[405,442,408,403,1685,1679],"product_tag":[],"class_list":{"0":"post-17548","1":"product","2":"type-product","3":"status-publish","4":"has-post-thumbnail","6":"product_brand-montreal-original-de","7":"product_cat-e-liquids","8":"product_cat-hervorgehobene-produkte","9":"product_cat-lieferbar-innerhalb-von-24-stunden-de","10":"product_cat-tabak","11":"product_cat-50-ml-fur-60-ml","12":"product_cat-menge-e-flussigkeit-kapazitat-flasche","14":"first","15":"instock","16":"taxable","17":"shipping-taxable","18":"purchasable","19":"product-type-simple"},"acf":[],"jetpack_sharing_enabled":true,"_links":{"self":[{"href":"https:\/\/vapotheque.ch\/de\/wp-json\/wp\/v2\/product\/17548","targetHints":{"allow":["GET"]}}],"collection":[{"href":"https:\/\/vapotheque.ch\/de\/wp-json\/wp\/v2\/product"}],"about":[{"href":"https:\/\/vapotheque.ch\/de\/wp-json\/wp\/v2\/types\/product"}],"wp:featuredmedia":[{"embeddable":true,"href":"https:\/\/vapotheque.ch\/de\/wp-json\/wp\/v2\/media\/47777"}],"wp:attachment":[{"href":"https:\/\/vapotheque.ch\/de\/wp-json\/wp\/v2\/media?parent=17548"}],"wp:term":[{"taxonomy":"product_cat","embeddable":true,"href":"https:\/\/vapotheque.ch\/de\/wp-json\/wp\/v2\/product_cat?post=17548"},{"taxonomy":"product_tag","embeddable":true,"href":"https:\/\/vapotheque.ch\/de\/wp-json\/wp\/v2\/product_tag?post=17548"}],"curies":[{"name":"wp","href":"https:\/\/api.w.org\/{rel}","templated":true}]}}