{"id":17544,"date":"2021-12-15T18:57:57","date_gmt":"2021-12-15T17:57:57","guid":{"rendered":"https:\/\/vapotheque.ch\/boutique\/geschenkgutschein-chf-50\/"},"modified":"2024-12-04T09:53:54","modified_gmt":"2024-12-04T08:53:54","slug":"geschenkgutschein-chf-50","status":"publish","type":"product","link":"https:\/\/vapotheque.ch\/de\/shop\/geschenkgutschein-chf-50\/","title":{"rendered":"Geschenkgutschein &#8211; CHF 50"},"content":{"rendered":"<h2>Machen Sie Ihren Lieben eine Freude und schenken Sie ihnen einen Geschenkgutschein im Wert von 50 CHF!<\/h2>\n<p>Geschenkgutschein im Wert von CHF 50, der im Gesch\u00e4ft oder auf der Website eingel\u00f6st werden kann (in den Kommentar schreiben, wenn dies der Fall ist, um den Promo-Code zu erhalten).<\/p>\n<p>G\u00fcltigkeit 1 Jahr.<\/p>\n<p>Gibt es auch f\u00fcr einen Wert von <a href=\"https:\/\/vapotheque.ch\/boutique\/bon-cadeau-chf-200\/\" target=\"_blank\" rel=\"noopener\">CHF 200<\/a>, <a href=\"https:\/\/vapotheque.ch\/boutique\/bon-cadeau-chf-100\/\" target=\"_blank\" rel=\"noopener\">CHF 100<\/a>, CHF <a href=\"https:\/\/vapotheque.ch\/boutique\/bon-cadeau-chf-30\/\" target=\"_blank\" rel=\"noopener\">30<\/a>.<\/p>\n<p>&nbsp;<\/p>\n<p>Erhalte Rabatte oder die neuesten Informationen \u00fcber unsere anderen im Gesch\u00e4ft erh\u00e4ltlichen Produkte, indem du uns auf unseren sozialen Netzwerken folgst: <a href=\"https:\/\/www.facebook.com\/VapeAigleCH\" target=\"_blank\" rel=\"noopener\">Facebook<\/a> oder <a href=\"https:\/\/www.instagram.com\/vapotheque\" target=\"_blank\" rel=\"noopener\">Instagram<\/a>.<\/p>\n","protected":false},"excerpt":{"rendered":"<p>Machen Sie Ihren Lieben eine Freude und schenken Sie ihnen einen Geschenkgutschein im Wert von 50 CHF! Geschenkgutschein im Wert von CHF 50, der im Gesch\u00e4ft oder auf der Website eingel\u00f6st werden kann (in den Kommentar schreiben, wenn dies der Fall ist, um den Promo-Code zu erhalten). G\u00fcltigkeit 1 Jahr. Gibt es auch f\u00fcr einen [&hellip;]<\/p>\n","protected":false},"featured_media":27600,"template":"","meta":{"_acf_changed":false},"product_cat":[442,408,416,810],"product_tag":[],"class_list":{"0":"post-17544","1":"product","2":"type-product","3":"status-publish","4":"has-post-thumbnail","6":"product_cat-hervorgehobene-produkte","7":"product_cat-lieferbar-innerhalb-von-24-stunden-de","8":"product_cat-zubehor","9":"product_cat-geschenkgutschein","11":"first","12":"instock","13":"taxable","14":"shipping-taxable","15":"purchasable","16":"product-type-simple"},"acf":[],"jetpack_sharing_enabled":true,"_links":{"self":[{"href":"https:\/\/vapotheque.ch\/de\/wp-json\/wp\/v2\/product\/17544","targetHints":{"allow":["GET"]}}],"collection":[{"href":"https:\/\/vapotheque.ch\/de\/wp-json\/wp\/v2\/product"}],"about":[{"href":"https:\/\/vapotheque.ch\/de\/wp-json\/wp\/v2\/types\/product"}],"wp:featuredmedia":[{"embeddable":true,"href":"https:\/\/vapotheque.ch\/de\/wp-json\/wp\/v2\/media\/27600"}],"wp:attachment":[{"href":"https:\/\/vapotheque.ch\/de\/wp-json\/wp\/v2\/media?parent=17544"}],"wp:term":[{"taxonomy":"product_cat","embeddable":true,"href":"https:\/\/vapotheque.ch\/de\/wp-json\/wp\/v2\/product_cat?post=17544"},{"taxonomy":"product_tag","embeddable":true,"href":"https:\/\/vapotheque.ch\/de\/wp-json\/wp\/v2\/product_tag?post=17544"}],"curies":[{"name":"wp","href":"https:\/\/api.w.org\/{rel}","templated":true}]}}