{"id":17536,"date":"2021-07-13T13:47:50","date_gmt":"2021-07-13T11:47:50","guid":{"rendered":"https:\/\/vapotheque.ch\/boutique\/ice-cool-limette-blutorange-e-liquid\/"},"modified":"2025-11-06T12:48:27","modified_gmt":"2025-11-06T11:48:27","slug":"ice-cool-citron-green-orange-sanguine","status":"publish","type":"product","link":"https:\/\/vapotheque.ch\/de\/shop\/ice-cool-citron-green-orange-sanguine\/","title":{"rendered":"Ice Cool &#8211; Limette Blutorange E-Liquid &#8211; 50 ml \/ 70 ml"},"content":{"rendered":"<h2>Entdecken Sie die Ice Cool Serie von LiquidArom mit ihrem Limetten Limetten Blutorange e-Liquid!<\/h2>\n<p>Das E-Liquid Limette Blutorange aus dem Ice Cool Sortiment wird Sie garantiert erfrischen!<\/p>\n<p>Ice Cool erfrischt die Dampfer weiter und liefert ein ebenso frisches wie fruchtiges Gebr\u00e4u.<\/p>\n<p>Auf ein Bett aus furchtbar k\u00fchlen Eisw\u00fcrfeln legte der franz\u00f6sische Designer einige Scheiben von <b>Limetten <\/b>und Blutorangen, die zart und s\u00e4uerlich schmecken. Mit dieser leckeren und eiskalten Zubereitung verspricht Ice Cool eine intensive Geschmacksreise. Das Limetten-Blutorangen-Liquid ist ein k\u00f6stlicher All-Day, der nach Sommer riecht!<\/p>\n<p>Hergestellt in Frankreich.<\/p>\n<p>PG\/VG-Anteil: 50\/50. Mit Aroma angereichertes Eliquid 50ml in einem 70ml Fl\u00e4schchen.<\/p>\n<p>Sehen Sie sich alle Produkte der Marke <a href=\"\/product_brand\/liquidarom\/\" target=\"_blank\" rel=\"noopener\">LiquidArom<\/a> an.<\/p>\n<p>Erhalten Sie Rabatte oder die neuesten Informationen zu unseren Produkten, indem Sie uns in unseren sozialen Netzwerken folgen: <a href=\"https:\/\/www.facebook.com\/VapeAigleCH\" target=\"_blank\" rel=\"noopener\">Facebook<\/a> oder <a href=\"https:\/\/www.instagram.com\/vapotheque\" target=\"_blank\" rel=\"noopener\">Instagram<\/a>.<\/p>\n","protected":false},"excerpt":{"rendered":"<p>Entdecken Sie die Ice Cool Serie von LiquidArom mit ihrem Limetten Limetten Blutorange e-Liquid! Das E-Liquid Limette Blutorange aus dem Ice Cool Sortiment wird Sie garantiert erfrischen! Ice Cool erfrischt die Dampfer weiter und liefert ein ebenso frisches wie fruchtiges Gebr\u00e4u. Auf ein Bett aus furchtbar k\u00fchlen Eisw\u00fcrfeln legte der franz\u00f6sische Designer einige Scheiben von [&hellip;]<\/p>\n","protected":false},"featured_media":16040,"template":"","meta":{"_acf_changed":false},"product_cat":[405,404,442,408,1685,1686,1679],"product_tag":[],"class_list":{"0":"post-17536","1":"product","2":"type-product","3":"status-publish","4":"has-post-thumbnail","6":"product_brand-liquidarom-de","7":"product_cat-e-liquids","8":"product_cat-fruchtig","9":"product_cat-hervorgehobene-produkte","10":"product_cat-lieferbar-innerhalb-von-24-stunden-de","11":"product_cat-50-ml-fur-60-ml","12":"product_cat-50-ml-fur-70-ml","13":"product_cat-menge-e-flussigkeit-kapazitat-flasche","15":"first","16":"instock","17":"taxable","18":"shipping-taxable","19":"purchasable","20":"product-type-simple"},"acf":[],"jetpack_sharing_enabled":true,"_links":{"self":[{"href":"https:\/\/vapotheque.ch\/de\/wp-json\/wp\/v2\/product\/17536","targetHints":{"allow":["GET"]}}],"collection":[{"href":"https:\/\/vapotheque.ch\/de\/wp-json\/wp\/v2\/product"}],"about":[{"href":"https:\/\/vapotheque.ch\/de\/wp-json\/wp\/v2\/types\/product"}],"wp:featuredmedia":[{"embeddable":true,"href":"https:\/\/vapotheque.ch\/de\/wp-json\/wp\/v2\/media\/16040"}],"wp:attachment":[{"href":"https:\/\/vapotheque.ch\/de\/wp-json\/wp\/v2\/media?parent=17536"}],"wp:term":[{"taxonomy":"product_cat","embeddable":true,"href":"https:\/\/vapotheque.ch\/de\/wp-json\/wp\/v2\/product_cat?post=17536"},{"taxonomy":"product_tag","embeddable":true,"href":"https:\/\/vapotheque.ch\/de\/wp-json\/wp\/v2\/product_tag?post=17536"}],"curies":[{"name":"wp","href":"https:\/\/api.w.org\/{rel}","templated":true}]}}