{"id":17517,"date":"2021-10-22T10:30:03","date_gmt":"2021-10-22T08:30:03","guid":{"rendered":"https:\/\/vapotheque.ch\/boutique\/nevoks-feelin-patronen\/"},"modified":"2026-01-22T09:50:17","modified_gmt":"2026-01-22T08:50:17","slug":"nevoks-feelin-capsule","status":"publish","type":"product","link":"https:\/\/vapotheque.ch\/de\/shop\/nevoks-feelin-capsule\/","title":{"rendered":"Nevoks &#8211; Feelin Pods &#8211; Packung x2"},"content":{"rendered":"<h2>Nevoks bietet uns seine Feelin-Patronen an.<\/h2>\n<p>Besitzen Sie den <strong>Feelin Pod oder den Feelin C1 Pod<\/strong> der Marke Nevoks? Dann wird Ihnen der Nevoks Feelin 2er-Pack Patronen das Leben leichter machen, denn Sie k\u00f6nnen blitzschnell <strong>die e-Liquids wechseln<\/strong>! Aber auch als <strong>Ersatz f\u00fcr einen abgenutzten Tank<\/strong>.<\/p>\n<p>Die <strong>2,8ml<\/strong> Magnetkartusche aus TPE + PCTG wird von der Seite bef\u00fcllt.<\/p>\n<p>Sein <strong>flaches Drip Tip aus TPE <\/strong>sorgt f\u00fcr wunderbare Aromen!<\/p>\n<p><strong>Enger MTL\/RDL-Dampf <\/strong>je nach gew\u00e4hltem Widerstand.<\/p>\n<p><strong>Wird in Packungen mit 2 St\u00fcck verkauft.<\/strong><\/p>\n<p>&nbsp;<\/p>\n<p>Sehen Sie sich alle Produkte der Marke <a href=\"\/product_brand\/nevoks\/\" target=\"_blank\" rel=\"noopener\">Nevoks<\/a> an.<\/p>\n<p>Erhalten Sie Rabatte oder die neuesten Informationen \u00fcber unsere anderen Produkte, die in unseren Gesch\u00e4ften erh\u00e4ltlich sind, indem Sie uns auf unseren sozialen Netzwerken folgen: <a href=\"https:\/\/www.facebook.com\/VapeAigleCH\" target=\"_blank\" rel=\"noopener\">Facebook<\/a> oder <a href=\"https:\/\/www.instagram.com\/vapotheque\" target=\"_blank\" rel=\"noopener\">Instagram<\/a>.<\/p>\n","protected":false},"excerpt":{"rendered":"<p>Nevoks bietet uns seine Feelin-Patronen an. Besitzen Sie den Feelin Pod oder den Feelin C1 Pod der Marke Nevoks? Dann wird Ihnen der Nevoks Feelin 2er-Pack Patronen das Leben leichter machen, denn Sie k\u00f6nnen blitzschnell die e-Liquids wechseln! Aber auch als Ersatz f\u00fcr einen abgenutzten Tank. Die 2,8ml Magnetkartusche aus TPE + PCTG wird von [&hellip;]<\/p>\n","protected":false},"featured_media":16166,"template":"","meta":{"_acf_changed":false},"product_cat":[442,408,453,469],"product_tag":[],"class_list":{"0":"post-17517","1":"product","2":"type-product","3":"status-publish","4":"has-post-thumbnail","6":"product_brand-nevoks-de","7":"product_cat-hervorgehobene-produkte","8":"product_cat-lieferbar-innerhalb-von-24-stunden-de","9":"product_cat-pods-de","10":"product_cat-zubehor-pods","12":"first","13":"instock","14":"taxable","15":"shipping-taxable","16":"purchasable","17":"product-type-simple"},"acf":[],"jetpack_sharing_enabled":true,"_links":{"self":[{"href":"https:\/\/vapotheque.ch\/de\/wp-json\/wp\/v2\/product\/17517","targetHints":{"allow":["GET"]}}],"collection":[{"href":"https:\/\/vapotheque.ch\/de\/wp-json\/wp\/v2\/product"}],"about":[{"href":"https:\/\/vapotheque.ch\/de\/wp-json\/wp\/v2\/types\/product"}],"wp:featuredmedia":[{"embeddable":true,"href":"https:\/\/vapotheque.ch\/de\/wp-json\/wp\/v2\/media\/16166"}],"wp:attachment":[{"href":"https:\/\/vapotheque.ch\/de\/wp-json\/wp\/v2\/media?parent=17517"}],"wp:term":[{"taxonomy":"product_cat","embeddable":true,"href":"https:\/\/vapotheque.ch\/de\/wp-json\/wp\/v2\/product_cat?post=17517"},{"taxonomy":"product_tag","embeddable":true,"href":"https:\/\/vapotheque.ch\/de\/wp-json\/wp\/v2\/product_tag?post=17517"}],"curies":[{"name":"wp","href":"https:\/\/api.w.org\/{rel}","templated":true}]}}