{"id":17515,"date":"2021-08-23T12:12:06","date_gmt":"2021-08-23T10:12:06","guid":{"rendered":"https:\/\/vapotheque.ch\/boutique\/juice-heroes-mistyk-e-liquid\/"},"modified":"2025-11-06T12:40:15","modified_gmt":"2025-11-06T11:40:15","slug":"juice-heroes-mistyk","status":"publish","type":"product","link":"https:\/\/vapotheque.ch\/de\/shop\/juice-heroes-mistyk\/","title":{"rendered":"Juice Heroes &#8211; Mistyk E-Liquid &#8211; 50 ml \/ 70 ml"},"content":{"rendered":"<h2>Der von Juice Heroes signierte E-Liquid Mistyk ist verdammt fruchtig!<\/h2>\n<p>Juice Heroes in seinem Mistyk e-Liquid verarbeitete die <strong>Drachenfrucht<\/strong>.<\/p>\n<p>Mit ihrer s\u00fc\u00dfen, fast <strong>bonbonartigen<\/strong> S\u00fc\u00dfe und ihrer bei\u00dfenden <strong>Frische<\/strong> k\u00f6nnte man meinen, dass diese <strong>Drachenfrucht<\/strong> zu sch\u00f6n ist, um wahr zu sein. Bleiben Sie skeptisch, aber probieren Sie einen frischen, kosmischen Fruchtgenuss mit dem Mistyk von Juice Heroes! Vereist!<\/p>\n<\/p>\n<p>Wichtig: E-Liquid in 50-ml-Geschmacksrichtungen, verkauft in einer 70-ml-Flasche.<\/p>\n<p class=\"class-fabrication\">Hergestellt in Frankreich; PG\/VG-Dosierung: 30% \/ 70% f\u00fcr einen dichten Dampf.<\/p>\n<p>Entdecken Sie weitere Produkte der Marke <a href=\"..\/..\/product_brand\/juice-heroes\/\" target=\"_blank\" rel=\"noopener\">Juice Heroes<\/a>.<\/p>\n<p>Erhalten Sie Rabatte oder die neuesten Informationen zu unseren Produkten, indem Sie uns in unseren sozialen Netzwerken folgen: <a href=\"https:\/\/www.facebook.com\/VapeAigleCH\" target=\"_blank\" rel=\"noopener\">Facebook<\/a> oder <a href=\"https:\/\/www.instagram.com\/vapotheque\" target=\"_blank\" rel=\"noopener\">Instagram<\/a>.<\/p>\n","protected":false},"excerpt":{"rendered":"<p>Der von Juice Heroes signierte E-Liquid Mistyk ist verdammt fruchtig! Juice Heroes in seinem Mistyk e-Liquid verarbeitete die Drachenfrucht. Mit ihrer s\u00fc\u00dfen, fast bonbonartigen S\u00fc\u00dfe und ihrer bei\u00dfenden Frische k\u00f6nnte man meinen, dass diese Drachenfrucht zu sch\u00f6n ist, um wahr zu sein. Bleiben Sie skeptisch, aber probieren Sie einen frischen, kosmischen Fruchtgenuss mit dem Mistyk [&hellip;]<\/p>\n","protected":false},"featured_media":16094,"template":"","meta":{"_acf_changed":false},"product_cat":[405,404,442,408,1686,1679],"product_tag":[],"class_list":{"0":"post-17515","1":"product","2":"type-product","3":"status-publish","4":"has-post-thumbnail","6":"product_brand-juice-heroes-de","7":"product_cat-e-liquids","8":"product_cat-fruchtig","9":"product_cat-hervorgehobene-produkte","10":"product_cat-lieferbar-innerhalb-von-24-stunden-de","11":"product_cat-50-ml-fur-70-ml","12":"product_cat-menge-e-flussigkeit-kapazitat-flasche","14":"first","15":"instock","16":"taxable","17":"shipping-taxable","18":"purchasable","19":"product-type-simple"},"acf":[],"jetpack_sharing_enabled":true,"_links":{"self":[{"href":"https:\/\/vapotheque.ch\/de\/wp-json\/wp\/v2\/product\/17515","targetHints":{"allow":["GET"]}}],"collection":[{"href":"https:\/\/vapotheque.ch\/de\/wp-json\/wp\/v2\/product"}],"about":[{"href":"https:\/\/vapotheque.ch\/de\/wp-json\/wp\/v2\/types\/product"}],"wp:featuredmedia":[{"embeddable":true,"href":"https:\/\/vapotheque.ch\/de\/wp-json\/wp\/v2\/media\/16094"}],"wp:attachment":[{"href":"https:\/\/vapotheque.ch\/de\/wp-json\/wp\/v2\/media?parent=17515"}],"wp:term":[{"taxonomy":"product_cat","embeddable":true,"href":"https:\/\/vapotheque.ch\/de\/wp-json\/wp\/v2\/product_cat?post=17515"},{"taxonomy":"product_tag","embeddable":true,"href":"https:\/\/vapotheque.ch\/de\/wp-json\/wp\/v2\/product_tag?post=17515"}],"curies":[{"name":"wp","href":"https:\/\/api.w.org\/{rel}","templated":true}]}}