{"id":17511,"date":"2021-10-19T18:50:32","date_gmt":"2021-10-19T16:50:32","guid":{"rendered":"https:\/\/vapotheque.ch\/boutique\/protect-rote-fruechte-e-liquid\/"},"modified":"2025-11-06T12:39:30","modified_gmt":"2025-11-06T11:39:30","slug":"protect-fruit-rot","status":"publish","type":"product","link":"https:\/\/vapotheque.ch\/de\/shop\/protect-fruit-rot\/","title":{"rendered":"Protect &#8211; Schwarze Johannisbeere Himbeere Wild Erdbeere E-Liquid 50 ml \/ 70 ml"},"content":{"rendered":"<h2 style=\"font-family: Saira,sans-serif;font-weight: bold;line-height: 1.3;font-size: 37px;margin-top: 12.5px;margin-bottom: 12.5px\">Protect ist eine neue Liquidator-Marke, innovativ und kreativ, entdecken Sie ihre neuen Liquids mit dem E-Liquid Blackcurrant Raspberry Wild Strawberry E-Liquid!<\/h2>\n<p>Das Blackcurrant Raspberry Wild Strawberry E-Liquid ist Teil eines &#8220;Protect&#8221;-Ansatzes f\u00fcr Bienen.<\/p>\n<p>Genie\u00dfen Sie in diesem Red Fruits E-Liquid eine spritzige <strong>schwarze Johannisbeere <\/strong>, begleitet von einer <b>s\u00fc\u00dfen Himbeere <\/b>und sonnenverw\u00f6hnten<b> Walderdbeeren <\/b>! Ein Hauch von <strong>Frische<\/strong> wird im Abgang kommen, um dieses Elixier noch weiter abzurunden!<\/p>\n<p>Protect setzt sich wirklich f\u00fcr den <strong>Schutz der Bienen<\/strong> ein und bietet Ihnen an,<strong> nach dem Kauf einer Flasche<\/strong> aus ihrem Sortiment eine <strong>Patenschaft f\u00fcr 15 Bien<\/strong> en in S\u00fcdfrankreich (Toulouse) zu \u00fcbernehmen!<\/p>\n<p>Wir wissen, dass Bienen als Arbeitstiere bekannt sind. Wenn Sie also genauso dynamisch sein wollen wie sie, sollten Sie diese roten Fr\u00fcchte \u00fcbernehmen, ein Rezept, das in Zusammenarbeit mit dem Labo Basque entwickelt wurde!<\/p>\n<\/p>\n<p>Wichtig: E-Liquid in 50-ml-Geschmacksrichtungen, verkauft in einer 70-ml-Flasche.<\/p>\n<p class=\"class-fabrication\">Hergestellt in Frankreich; PG\/VG-Verh\u00e4ltnis: 40% \/ 60%.<\/p>\n<p>Entdecken Sie die anderen Produkte der Marke <a href=\"..\/..\/product_brand\/protect\/\" target=\"_blank\" rel=\"noopener\">Protect<\/a>.<\/p>\n<p>Erhalten Sie Rabatte oder die neuesten Informationen zu unseren Produkten, indem Sie uns in unseren sozialen Netzwerken folgen: <a href=\"https:\/\/www.facebook.com\/VapeAigleCH\" target=\"_blank\" rel=\"noopener\">Facebook<\/a> oder <a href=\"https:\/\/www.instagram.com\/vapotheque_aigle\/\" target=\"_blank\" rel=\"noopener\">Instagram<\/a>.<\/p>\n","protected":false},"excerpt":{"rendered":"<p>Protect ist eine neue Liquidator-Marke, innovativ und kreativ, entdecken Sie ihre neuen Liquids mit dem E-Liquid Blackcurrant Raspberry Wild Strawberry E-Liquid! Das Blackcurrant Raspberry Wild Strawberry E-Liquid ist Teil eines &#8220;Protect&#8221;-Ansatzes f\u00fcr Bienen. Genie\u00dfen Sie in diesem Red Fruits E-Liquid eine spritzige schwarze Johannisbeere , begleitet von einer s\u00fc\u00dfen Himbeere und sonnenverw\u00f6hnten Walderdbeeren ! Ein [&hellip;]<\/p>\n","protected":false},"featured_media":47654,"template":"","meta":{"_acf_changed":false},"product_cat":[405,404,408,1686,1679],"product_tag":[],"class_list":{"0":"post-17511","1":"product","2":"type-product","3":"status-publish","4":"has-post-thumbnail","6":"product_brand-protect-de","7":"product_cat-e-liquids","8":"product_cat-fruchtig","9":"product_cat-lieferbar-innerhalb-von-24-stunden-de","10":"product_cat-50-ml-fur-70-ml","11":"product_cat-menge-e-flussigkeit-kapazitat-flasche","13":"first","14":"instock","15":"taxable","16":"shipping-taxable","17":"purchasable","18":"product-type-simple"},"acf":[],"jetpack_sharing_enabled":true,"_links":{"self":[{"href":"https:\/\/vapotheque.ch\/de\/wp-json\/wp\/v2\/product\/17511","targetHints":{"allow":["GET"]}}],"collection":[{"href":"https:\/\/vapotheque.ch\/de\/wp-json\/wp\/v2\/product"}],"about":[{"href":"https:\/\/vapotheque.ch\/de\/wp-json\/wp\/v2\/types\/product"}],"wp:featuredmedia":[{"embeddable":true,"href":"https:\/\/vapotheque.ch\/de\/wp-json\/wp\/v2\/media\/47654"}],"wp:attachment":[{"href":"https:\/\/vapotheque.ch\/de\/wp-json\/wp\/v2\/media?parent=17511"}],"wp:term":[{"taxonomy":"product_cat","embeddable":true,"href":"https:\/\/vapotheque.ch\/de\/wp-json\/wp\/v2\/product_cat?post=17511"},{"taxonomy":"product_tag","embeddable":true,"href":"https:\/\/vapotheque.ch\/de\/wp-json\/wp\/v2\/product_tag?post=17511"}],"curies":[{"name":"wp","href":"https:\/\/api.w.org\/{rel}","templated":true}]}}