{"id":17510,"date":"2021-10-20T11:44:21","date_gmt":"2021-10-20T09:44:21","guid":{"rendered":"https:\/\/vapotheque.ch\/boutique\/animodz-rba-puppy\/"},"modified":"2024-11-12T11:33:20","modified_gmt":"2024-11-12T10:33:20","slug":"animodz-rba-puppy","status":"publish","type":"product","link":"https:\/\/vapotheque.ch\/de\/shop\/animodz-rba-puppy\/","title":{"rendered":"Animodz &#8211; Puppy RBA"},"content":{"rendered":"<h2>Sie haben den Puppy Atomizer von Animodz, also nutzen Sie seine RBA-Platte!<\/h2>\n<p>Entdecken Sie die RBA-Platte des Puppy-Atomizers von Animodz!<\/p>\n<p>&nbsp;<\/p>\n<p>Seine Platte einer namenlosen Einrichtung bietet Ihnen eine einfache Spulenplatte, bei der Sie eine Spule in maximal 2,5 mm aufnehmen k\u00f6nnen.<\/p>\n<p>Zum Austausch mit den Nautilus BVC-Widerst\u00e4nden m\u00fcssen Sie nur die mitgelieferten Pins tauschen. Schrauben Sie dann die RBA-Platte wieder auf die Basis Ihres Verdampfers und Sie sind fertig! Kinderleicht!<\/p>\n<p>&nbsp;<\/p>\n<p>Entdecken Sie alle Produkte der Marke <a href=\"\/product_brand\/animodz\/\" target=\"_blank\" rel=\"noopener\">Animodz<\/a>.<\/p>\n<p>Erhalten Sie Rabatte oder die neuesten Informationen \u00fcber unsere anderen Produkte, die in unseren Gesch\u00e4ften erh\u00e4ltlich sind, indem Sie uns auf unseren sozialen Netzwerken folgen: <a href=\"https:\/\/www.facebook.com\/VapeAigleCH\" target=\"_blank\" rel=\"noopener\">Facebook<\/a> oder <a href=\"https:\/\/www.instagram.com\/vapotheque\" target=\"_blank\" rel=\"noopener\">Instagram<\/a>.<\/p>\n","protected":false},"excerpt":{"rendered":"<p>Sie haben den Puppy Atomizer von Animodz, also nutzen Sie seine RBA-Platte! Entdecken Sie die RBA-Platte des Puppy-Atomizers von Animodz! &nbsp; Seine Platte einer namenlosen Einrichtung bietet Ihnen eine einfache Spulenplatte, bei der Sie eine Spule in maximal 2,5 mm aufnehmen k\u00f6nnen. Zum Austausch mit den Nautilus BVC-Widerst\u00e4nden m\u00fcssen Sie nur die mitgelieferten Pins tauschen. [&hellip;]<\/p>\n","protected":false},"featured_media":16156,"template":"","meta":{"_acf_changed":false},"product_cat":[440,442,408],"product_tag":[],"class_list":{"0":"post-17510","1":"product","2":"type-product","3":"status-publish","4":"has-post-thumbnail","6":"product_brand-animodz-de","7":"product_cat-atomizer","8":"product_cat-hervorgehobene-produkte","9":"product_cat-lieferbar-innerhalb-von-24-stunden-de","11":"first","12":"outofstock","13":"taxable","14":"shipping-taxable","15":"purchasable","16":"product-type-simple"},"acf":[],"jetpack_sharing_enabled":true,"_links":{"self":[{"href":"https:\/\/vapotheque.ch\/de\/wp-json\/wp\/v2\/product\/17510","targetHints":{"allow":["GET"]}}],"collection":[{"href":"https:\/\/vapotheque.ch\/de\/wp-json\/wp\/v2\/product"}],"about":[{"href":"https:\/\/vapotheque.ch\/de\/wp-json\/wp\/v2\/types\/product"}],"wp:featuredmedia":[{"embeddable":true,"href":"https:\/\/vapotheque.ch\/de\/wp-json\/wp\/v2\/media\/16156"}],"wp:attachment":[{"href":"https:\/\/vapotheque.ch\/de\/wp-json\/wp\/v2\/media?parent=17510"}],"wp:term":[{"taxonomy":"product_cat","embeddable":true,"href":"https:\/\/vapotheque.ch\/de\/wp-json\/wp\/v2\/product_cat?post=17510"},{"taxonomy":"product_tag","embeddable":true,"href":"https:\/\/vapotheque.ch\/de\/wp-json\/wp\/v2\/product_tag?post=17510"}],"curies":[{"name":"wp","href":"https:\/\/api.w.org\/{rel}","templated":true}]}}