{"id":17507,"date":"2021-08-02T11:21:03","date_gmt":"2021-08-02T09:21:03","guid":{"rendered":"https:\/\/vapotheque.ch\/boutique\/amazone-coari-e-liquide\/"},"modified":"2025-11-06T12:41:55","modified_gmt":"2025-11-06T11:41:55","slug":"amazon-coari-e-liquid","status":"publish","type":"product","link":"https:\/\/vapotheque.ch\/de\/shop\/amazon-coari-e-liquid\/","title":{"rendered":"Amazone &#8211; Coari 50 ml \/ 70 ml E-Liquid"},"content":{"rendered":"<h2>Der franz\u00f6sische Hersteller E Tasty bietet uns das Amazone Coari 50 ml \/ 70 ml E-Liquid an.<\/h2>\n<p>Finden Sie im <strong>Amazone Coari 50 ml \/ 70 ml E-Liquid<\/strong>, eine Mischung aus <strong>Mangostan<\/strong>, <strong>Pfirsich<\/strong> und <strong>Himbeere<\/strong> , um mit einer guten Portion Obst durch den Sommer zu kommen!<\/p>\n<p>Mit ihrer leicht <strong>frischen<\/strong> Seite werden diese Fr\u00fcchte, die nach Sommer riechen, auch die Papillen des widerspenstigsten Dampfers begeistern! Ein Wunder, das man ohne M\u00e4\u00dfigung dampfen kann!<\/p>\n<p>Wichtig: E-Liquid in 50-ml-Geschmacksrichtungen, verkauft in einer 70-ml-Flasche.<\/p>\n<p class=\"class-fabrication\">Hergestellt in Frankreich; PG\/VG-Verh\u00e4ltnis: 50% \/ 50%<\/p>\n<p>Entdecken Sie die anderen Produkte der Marke  <a href=\"..\/..\/marque\/e-tasty\/\" target=\"_blank\" rel=\"noopener\">E Tasty.<\/a><\/p>\n<p>Erhalten Sie Rabatte oder die neuesten Informationen zu unseren Produkten, indem Sie uns in unseren sozialen Netzwerken folgen: <a href=\"https:\/\/www.facebook.com\/VapeAigleCH\" target=\"_blank\" rel=\"noopener\">Facebook<\/a> oder <a href=\"https:\/\/www.instagram.com\/vapotheque\" target=\"_blank\" rel=\"noopener\">Instagram<\/a>.<\/p>\n","protected":false},"excerpt":{"rendered":"<p>Der franz\u00f6sische Hersteller E Tasty bietet uns das Amazone Coari 50 ml \/ 70 ml E-Liquid an. Finden Sie im Amazone Coari 50 ml \/ 70 ml E-Liquid, eine Mischung aus Mangostan, Pfirsich und Himbeere , um mit einer guten Portion Obst durch den Sommer zu kommen! Mit ihrer leicht frischen Seite werden diese Fr\u00fcchte, [&hellip;]<\/p>\n","protected":false},"featured_media":16088,"template":"","meta":{"_acf_changed":false},"product_cat":[405,404,442,408,1686,1679],"product_tag":[],"class_list":{"0":"post-17507","1":"product","2":"type-product","3":"status-publish","4":"has-post-thumbnail","6":"product_brand-e-tasty-de","7":"product_cat-e-liquids","8":"product_cat-fruchtig","9":"product_cat-hervorgehobene-produkte","10":"product_cat-lieferbar-innerhalb-von-24-stunden-de","11":"product_cat-50-ml-fur-70-ml","12":"product_cat-menge-e-flussigkeit-kapazitat-flasche","14":"first","15":"instock","16":"taxable","17":"shipping-taxable","18":"purchasable","19":"product-type-simple"},"acf":[],"jetpack_sharing_enabled":true,"_links":{"self":[{"href":"https:\/\/vapotheque.ch\/de\/wp-json\/wp\/v2\/product\/17507","targetHints":{"allow":["GET"]}}],"collection":[{"href":"https:\/\/vapotheque.ch\/de\/wp-json\/wp\/v2\/product"}],"about":[{"href":"https:\/\/vapotheque.ch\/de\/wp-json\/wp\/v2\/types\/product"}],"wp:featuredmedia":[{"embeddable":true,"href":"https:\/\/vapotheque.ch\/de\/wp-json\/wp\/v2\/media\/16088"}],"wp:attachment":[{"href":"https:\/\/vapotheque.ch\/de\/wp-json\/wp\/v2\/media?parent=17507"}],"wp:term":[{"taxonomy":"product_cat","embeddable":true,"href":"https:\/\/vapotheque.ch\/de\/wp-json\/wp\/v2\/product_cat?post=17507"},{"taxonomy":"product_tag","embeddable":true,"href":"https:\/\/vapotheque.ch\/de\/wp-json\/wp\/v2\/product_tag?post=17507"}],"curies":[{"name":"wp","href":"https:\/\/api.w.org\/{rel}","templated":true}]}}