{"id":17505,"date":"2021-07-12T10:28:52","date_gmt":"2021-07-12T08:28:52","guid":{"rendered":"https:\/\/vapotheque.ch\/boutique\/don-cristo-reserve-e-liquid\/"},"modified":"2026-04-09T20:32:15","modified_gmt":"2026-04-09T18:32:15","slug":"pgvg-don-cristo-reserve-2","status":"publish","type":"product","link":"https:\/\/vapotheque.ch\/de\/shop\/pgvg-don-cristo-reserve-2\/","title":{"rendered":"Don Cristo &#8211; Reserve 50 ml \/ 60 ml E-Liquid"},"content":{"rendered":"<h2>Don Cristo hat eines seiner Hauptrezepte \u00fcberarbeitet, und der kleine Neue hei\u00dft Don Cristo R\u00e9serve E-Liquid!<\/h2>\n<p>Der kanadische Designer PGVG Labs hat eine exquisite Mischung entwickelt, die alle Dampfer gl\u00fccklich machen wird, die auf der Suche nach einem starken E-Liquid sind: Don Cristo Reserve!<\/p>\n<p>Der Don Cristo Reserve mit 0% Sucralose geht keine Kompromisse ein und gibt uns die M\u00f6glichkeit, einen <strong>kubanischen Klassiker<\/strong> zu probieren, begleitet von einem <strong>Lik\u00f6r<\/strong> mit Noten von <strong>Cognac<\/strong> und <strong>Orangenbl\u00fcten<\/strong> und einer <strong>Gourmet-Creme<\/strong>.<strong><\/strong> Tabakliebhaber werden begeistert sein!<\/p>\n<\/p>\n<p>PG\/VG Anteil: 30\/70<\/p>\n<p>Hergestellt in Kanada.<\/p>\n<p>Entdecken Sie weitere Produkte der Marke <a href=\"..\/..\/marque\/pg-vg-labs\/\" target=\"_blank\" rel=\"noopener\">PG VG Labs!<\/a><\/p>\n<p>Erhalten Sie Rabatte oder die neuesten Informationen \u00fcber unsere Produkte, indem Sie uns auf unseren sozialen Netzwerken folgen: <a href=\"https:\/\/www.facebook.com\/VapeAigleCH\" target=\"_blank\" rel=\"noopener\">Facebook<\/a> oder <a href=\"https:\/\/www.instagram.com\/vapotheque_aigle\/\" target=\"_blank\" rel=\"noopener\">Instagram<\/a>.<\/p>\n","protected":false},"excerpt":{"rendered":"<p>Don Cristo hat eines seiner Hauptrezepte \u00fcberarbeitet, und der kleine Neue hei\u00dft Don Cristo R\u00e9serve E-Liquid! Der kanadische Designer PGVG Labs hat eine exquisite Mischung entwickelt, die alle Dampfer gl\u00fccklich machen wird, die auf der Suche nach einem starken E-Liquid sind: Don Cristo Reserve! Der Don Cristo Reserve mit 0% Sucralose geht keine Kompromisse ein [&hellip;]<\/p>\n","protected":false},"featured_media":47752,"template":"","meta":{"_acf_changed":false},"product_cat":[405,442,408,403,1685,1679],"product_tag":[],"class_list":{"0":"post-17505","1":"product","2":"type-product","3":"status-publish","4":"has-post-thumbnail","6":"product_brand-don-cristo-de","7":"product_brand-pg-vg-labs-de","8":"product_cat-e-liquids","9":"product_cat-hervorgehobene-produkte","10":"product_cat-lieferbar-innerhalb-von-24-stunden-de","11":"product_cat-tabak","12":"product_cat-50-ml-fur-60-ml","13":"product_cat-menge-e-flussigkeit-kapazitat-flasche","15":"first","16":"instock","17":"taxable","18":"shipping-taxable","19":"purchasable","20":"product-type-simple"},"acf":[],"jetpack_sharing_enabled":true,"_links":{"self":[{"href":"https:\/\/vapotheque.ch\/de\/wp-json\/wp\/v2\/product\/17505","targetHints":{"allow":["GET"]}}],"collection":[{"href":"https:\/\/vapotheque.ch\/de\/wp-json\/wp\/v2\/product"}],"about":[{"href":"https:\/\/vapotheque.ch\/de\/wp-json\/wp\/v2\/types\/product"}],"wp:featuredmedia":[{"embeddable":true,"href":"https:\/\/vapotheque.ch\/de\/wp-json\/wp\/v2\/media\/47752"}],"wp:attachment":[{"href":"https:\/\/vapotheque.ch\/de\/wp-json\/wp\/v2\/media?parent=17505"}],"wp:term":[{"taxonomy":"product_cat","embeddable":true,"href":"https:\/\/vapotheque.ch\/de\/wp-json\/wp\/v2\/product_cat?post=17505"},{"taxonomy":"product_tag","embeddable":true,"href":"https:\/\/vapotheque.ch\/de\/wp-json\/wp\/v2\/product_tag?post=17505"}],"curies":[{"name":"wp","href":"https:\/\/api.w.org\/{rel}","templated":true}]}}