{"id":17500,"date":"2021-10-20T11:42:19","date_gmt":"2021-10-20T09:42:19","guid":{"rendered":"https:\/\/vapotheque.ch\/boutique\/animodz-der-welpe\/"},"modified":"2024-07-16T12:36:47","modified_gmt":"2024-07-16T10:36:47","slug":"animodz-le-puppy","status":"publish","type":"product","link":"https:\/\/vapotheque.ch\/de\/shop\/animodz-le-puppy\/","title":{"rendered":"Animodz &#8211; The Puppy Tank"},"content":{"rendered":"<h2>Der brandneue <strong>Hybrid-Tank von Animodz: Entdecke den Puppy<\/strong>!<\/h2>\n<p>Der Tag der Adoptionen r\u00fcckt n\u00e4her, es ist jetzt an der Zeit, Ihnen Ihren Gef\u00e4hrten vorzustellen: <strong>The Tank Puppy von Animodz.<\/strong><\/p>\n<p>Er ist aus einer Zusammenarbeit zwischen <strong>Animodz<\/strong> und <strong>Jouany Prod<\/strong> entstanden und wird Ihnen seine ganze Zuneigung zeigen!<\/p>\n<p>Vorgestellt in der Vorschau auf der Vapexpo 2021.<\/p>\n<p>&nbsp;<\/p>\n<p>Sein Edelstahlgeh\u00e4use beweist die gute Qualit\u00e4t der Materialien. Der Tank befindet sich in einem mattierten Quadranten und wird mit einer Delrin-Tropfspitze geliefert.<\/p>\n<p>Seine Platte kann die <strong>Nautilus BVC<\/strong>-Widerst\u00e4nde oder die <strong>RBA<\/strong>-Platte in Monospulen mit einem maximalen Durchmesser von <strong>2,5 mm<\/strong> aufnehmen. Die Zerst\u00e4ubungskammer ist untergetaucht, um eine au\u00dfergew\u00f6hnliche Kapillarit\u00e4t zu haben! Das <strong>Bef\u00fcllen von oben<\/strong> ist verbl\u00fcffend einfach! Sie k\u00f6nnen immer noch auf den Widerstand oder das Deck zugreifen, ohne den Tank leeren zu m\u00fcssen.<\/p>\n<p>Du hast die Wahl zwischen einem <strong>MTL<\/strong>&#8211; oder <strong>DLR<\/strong>-Vape mit Airflow Control (1 oder 2 L\u00f6cher).<\/p>\n<p>&nbsp;<\/p>\n<p>Informationen :<\/p>\n<p>&#8211; RBA-Deck separat erh\u00e4ltlich<\/p>\n<p>&#8211; RBA Einleiner<\/p>\n<p>&#8211; Fassungsverm\u00f6gen: <strong>3,5ml<\/strong><\/p>\n<p>&#8211; Durchmesser: 22mm x 37mm (au\u00dfer Drip Tip)<\/p>\n<p>&#8211; <strong>Gravur und Seriennummer<\/strong><\/p>\n<p>&nbsp;<\/p>\n<p>Entdecken Sie alle Produkte der Marke <a href=\"https:\/\/vapotheque.ch\/de\/produkt_brand\/animodz-de\/\" target=\"_blank\" rel=\"noopener\">Animodz<\/a>.<\/p>\n<p>Erhalten Sie Rabatte oder die neuesten Informationen \u00fcber unsere anderen Produkte, die in unseren Gesch\u00e4ften erh\u00e4ltlich sind, indem Sie uns auf unseren sozialen Netzwerken folgen: <a href=\"https:\/\/www.facebook.com\/VapeAigleCH\" target=\"_blank\" rel=\"noopener\">Facebook<\/a> oder <a href=\"https:\/\/www.instagram.com\/vapotheque\" target=\"_blank\" rel=\"noopener\">Instagram<\/a>.<\/p>\n","protected":false},"excerpt":{"rendered":"<p>Der brandneue Hybrid-Tank von Animodz: Entdecke den Puppy! Der Tag der Adoptionen r\u00fcckt n\u00e4her, es ist jetzt an der Zeit, Ihnen Ihren Gef\u00e4hrten vorzustellen: The Tank Puppy von Animodz. Er ist aus einer Zusammenarbeit zwischen Animodz und Jouany Prod entstanden und wird Ihnen seine ganze Zuneigung zeigen! Vorgestellt in der Vorschau auf der Vapexpo 2021. [&hellip;]<\/p>\n","protected":false},"featured_media":16154,"template":"","meta":{"_acf_changed":false},"product_cat":[440,418,442,408,421],"product_tag":[],"class_list":{"0":"post-17500","1":"product","2":"type-product","3":"status-publish","4":"has-post-thumbnail","6":"product_brand-animodz-de","7":"product_cat-atomizer","8":"product_cat-clearomizer","9":"product_cat-hervorgehobene-produkte","10":"product_cat-lieferbar-innerhalb-von-24-stunden-de","11":"product_cat-rta-tank-de","13":"first","14":"outofstock","15":"taxable","16":"shipping-taxable","17":"purchasable","18":"product-type-simple"},"acf":[],"jetpack_sharing_enabled":true,"_links":{"self":[{"href":"https:\/\/vapotheque.ch\/de\/wp-json\/wp\/v2\/product\/17500","targetHints":{"allow":["GET"]}}],"collection":[{"href":"https:\/\/vapotheque.ch\/de\/wp-json\/wp\/v2\/product"}],"about":[{"href":"https:\/\/vapotheque.ch\/de\/wp-json\/wp\/v2\/types\/product"}],"wp:featuredmedia":[{"embeddable":true,"href":"https:\/\/vapotheque.ch\/de\/wp-json\/wp\/v2\/media\/16154"}],"wp:attachment":[{"href":"https:\/\/vapotheque.ch\/de\/wp-json\/wp\/v2\/media?parent=17500"}],"wp:term":[{"taxonomy":"product_cat","embeddable":true,"href":"https:\/\/vapotheque.ch\/de\/wp-json\/wp\/v2\/product_cat?post=17500"},{"taxonomy":"product_tag","embeddable":true,"href":"https:\/\/vapotheque.ch\/de\/wp-json\/wp\/v2\/product_tag?post=17500"}],"curies":[{"name":"wp","href":"https:\/\/api.w.org\/{rel}","templated":true}]}}