{"id":17495,"date":"2021-05-30T20:23:38","date_gmt":"2021-05-30T18:23:38","guid":{"rendered":"https:\/\/vapotheque.ch\/boutique\/kleine-wolke-sironade-pamplemo-e-liquid\/"},"modified":"2025-11-06T12:56:31","modified_gmt":"2025-11-06T11:56:31","slug":"petit-nuage-sironade-pamplemo-e-liquide-2","status":"publish","type":"product","link":"https:\/\/vapotheque.ch\/de\/shop\/petit-nuage-sironade-pamplemo-e-liquide-2\/","title":{"rendered":"Petit Nuage &#8211; Sironade Pamplemo E-Liquid 60 ml"},"content":{"rendered":"<h2><strong>Petit Nuage Sironade Pamplemo E-Liquid : Der Geschmack des Sommers bei jedem Zug!<\/strong><\/h2>\n<p>Das <strong>Petit Nuage Sironade Pamplemo E-Liquid<\/strong> kommt mit einer neuen Welle der Frische! Lehnen Sie sich zur\u00fcck, stellen Sie sich vor, Sie befinden sich auf der Terrasse, die Sonne streichelt Ihr Gesicht und lassen Sie sich von den prickelnden Bl\u00e4schen einer frischen Grapefruit-Limonade mitrei\u00dfen. Mit dem Sironade Pamplemo E-Liquid ist jeder Zug eine Einladung, den Sommer stilvoll zu schl\u00fcrfen!  <\/p>\n<p>Petit Nuage, das neue Kind auf dem Block, das bereits Wellen schl\u00e4gt, bietet Ihnen Rezepte, die so vielf\u00e4ltig wie ausgezeichnet sind: manchmal Gourmet, manchmal fruchtig und immer mit S\u00fc\u00dfe und Leichtigkeit zubereitet. Diese Grapefruit-Limonade ist der perfekte Verb\u00fcndete f\u00fcr einen belebenden Dampf, ein perfektes Gleichgewicht zwischen der S\u00e4ure von Zitrusfr\u00fcchten und der S\u00fc\u00dfe der Aromen. <\/p>\n<p>Die franz\u00f6sischen Sch\u00f6pfer von Petit Nuage kreieren nicht nur E-Liquids, sie destillieren Magie! Ihre Aromen werden mit Leidenschaft verarbeitet, um Ihnen bei jedem Zug ein pr\u00e4zises und k\u00f6stliches Erlebnis zu bieten. <\/p>\n<p>Sind Sie bereit, sich auf eine Verkostung einzulassen, die Ihre Geschmacksknospen zum Funkeln bringt? Le <strong>Petit Nuage Sironade Pamplemo E-Liquid<\/strong> ist hier, um Sie zu erfrischen, ohne M\u00e4\u00dfigung! <\/p>\n<p>&nbsp;<\/p>\n<h3>Hilfe beim Boosten Ihrer Kleinen Wolke &#8211; Sironade Pamplemo E-Liquide<\/h3>\n<p>In der Box des Sironade Pamplemo finden Sie eine <strong>volle<\/strong> <strong>60 ml<\/strong> Flasche sowie eine leere 30 ml Flasche, um Ihnen bei der Nikotinzugabe mit den von Ihnen gew\u00e4hlten <a href=\"https:\/\/vapotheque.ch\/de\/kategorie\/diy-de\/boosters-diy-de\/\"><strong>Nikotinboostern<\/strong><\/a> zu helfen.<\/p>\n<p>Auf diese Weise stellen Sie Ihre kleine Mischung nur in der 30-ml-Messflasche her und behalten den Rest der 60-ml-Flasche f\u00fcr die sp\u00e4tere Verwendung. Um Ihnen bei der Anzahl der ben\u00f6tigten <a href=\"https:\/\/vapotheque.ch\/de\/kategorie\/diy-de\/boosters-diy-de\/\"><strong>Nikotinbooster<\/strong><\/a> zu helfen, finden Sie im Folgenden einige Beispiele: <\/p>\n<ul>\n<li>F\u00fcr 3 mg \/ ml Nikotin m\u00fcssen Sie 1x bestellen. <a href=\"https:\/\/vapotheque.ch\/de\/kategorie\/diy-de\/boosters-diy-de\/\"><strong>Nikotinbooster<\/strong><\/a>. Sie f\u00fcllen Ihren Booster in die mitgelieferte 30 ml Mix-Flasche bis zur angegebenen Graduierung und f\u00fcllen dann die gleiche Flasche mit der 60 ml Flasche Sironade Pamplemo auf. Sie haben noch die H\u00e4lfte des Boosters und die Fl\u00fcssigkeit in der 60 ml-Flasche, die Sie verwenden k\u00f6nnen, wenn die Mix-Flasche leer ist.  <\/li>\n<li>F\u00fcr 6 mg \/ ml Nikotin m\u00fcssen Sie 1x bestellen. <a href=\"https:\/\/vapotheque.ch\/de\/kategorie\/diy-de\/boosters-diy-de\/\"><strong>Nikotinbooster<\/strong><\/a>. Sie f\u00fcllen Ihren Booster in die mitgelieferte 30 ml Mix-Flasche bis zur angegebenen Graduierung und f\u00fcllen dann die gleiche Flasche mit der 60 ml Flasche Sironade Pamplemo auf. Sie haben Ihren Booster aufgebraucht, aber Sie haben noch etwas Fl\u00fcssigkeit in der 60 ml-Flasche, die Sie verwenden k\u00f6nnen, wenn die Mix-Flasche leer ist.  <\/li>\n<li>F\u00fcr 9 mg \/ ml m\u00fcssen Sie 2x bestellen. <a href=\"https:\/\/vapotheque.ch\/de\/kategorie\/diy-de\/boosters-diy-de\/\"><strong>Nikotinbooster<\/strong><\/a>. Sie f\u00fcllen Ihren Booster in die mitgelieferte 30 ml Mix-Flasche bis zur angegebenen Graduierung und f\u00fcllen dann die gleiche Flasche mit der 60 ml Flasche Sironade Pamplemo auf. Sie haben noch einen halben Booster und Fl\u00fcssigkeit in der 60 ml-Flasche, die Sie verwenden k\u00f6nnen, wenn die Mix-Flasche leer ist.  <\/li>\n<\/ul>\n<p><img data-recalc-dims=\"1\" decoding=\"async\" class=\"size-full wp-image-34855\" src=\"https:\/\/i0.wp.com\/vapotheque.ch\/wp-content\/uploads\/2024\/04\/Fiole-Petit-Nuage.webp?resize=500%2C488&#038;ssl=1\" alt=\"Das zweisprachige Etikett des Petit Nuage - Fullmoon Party E-Liquids enth\u00e4lt Anweisungen zum Mischen von Nikotin und eine Messtabelle in mg\/ml bis zu 30 ml, die in Franz\u00f6sisch und Englisch zur Verf\u00fcgung gestellt wird.\" width=\"500\" height=\"488\"><\/p>\n<p>&nbsp;<\/p>\n<p>PG\/VG-Verh\u00e4ltnis: <strong>50\/50.<\/strong><\/p>\n<p>Hergestellt in Frankreich.<\/p>\n<p>Erh\u00e4ltlich in einer Flasche mit <strong>60 ml<\/strong> Inhalt. Eine zus\u00e4tzliche leere <strong>30 ml-Flasche<\/strong> wird mit Sironade Pamplemo E-Liquid geliefert. <\/p>\n<p>Entdecken Sie die anderen Produkte der <a href=\"https:\/\/vapotheque.ch\/de\/marque\/petit-nuage-de\/\" target=\"_blank\" rel=\"noopener\">Marke Petit Nuage.<\/a><\/p>\n<p>Erhalten Sie Rabatte oder die neuesten Informationen zu unseren Produkten, indem Sie uns in unseren sozialen Netzwerken folgen: <a href=\"https:\/\/www.facebook.com\/VapeAigleCH\" target=\"_blank\" rel=\"noopener\">Facebook<\/a> oder <a href=\"https:\/\/www.instagram.com\/vapotheque_aigle\/\" target=\"_blank\" rel=\"noopener\">Instagram<\/a>.<\/p>\n","protected":false},"excerpt":{"rendered":"<p><strong>Wie Sie die Booster richtig zu Ihrem Produkt hinzuf\u00fcgen, erfahren Sie in der nachfolgenden Beschreibung.<\/strong><\/p>\n","protected":false},"featured_media":34930,"template":"","meta":{"_acf_changed":false},"product_cat":[405,404,442,408,423,1692,1679,277],"product_tag":[],"class_list":{"0":"post-17495","1":"product","2":"type-product","3":"status-publish","4":"has-post-thumbnail","6":"product_brand-petit-nuage-de","7":"product_cat-e-liquids","8":"product_cat-fruchtig","9":"product_cat-hervorgehobene-produkte","10":"product_cat-lieferbar-innerhalb-von-24-stunden-de","11":"product_cat-promos","12":"product_cat-60-ml-30-ml-fur-mix","13":"product_cat-menge-e-flussigkeit-kapazitat-flasche","14":"product_cat-promos-eliquides-vape","16":"first","17":"instock","18":"taxable","19":"shipping-taxable","20":"purchasable","21":"product-type-simple"},"acf":[],"jetpack_sharing_enabled":true,"_links":{"self":[{"href":"https:\/\/vapotheque.ch\/de\/wp-json\/wp\/v2\/product\/17495","targetHints":{"allow":["GET"]}}],"collection":[{"href":"https:\/\/vapotheque.ch\/de\/wp-json\/wp\/v2\/product"}],"about":[{"href":"https:\/\/vapotheque.ch\/de\/wp-json\/wp\/v2\/types\/product"}],"wp:featuredmedia":[{"embeddable":true,"href":"https:\/\/vapotheque.ch\/de\/wp-json\/wp\/v2\/media\/34930"}],"wp:attachment":[{"href":"https:\/\/vapotheque.ch\/de\/wp-json\/wp\/v2\/media?parent=17495"}],"wp:term":[{"taxonomy":"product_cat","embeddable":true,"href":"https:\/\/vapotheque.ch\/de\/wp-json\/wp\/v2\/product_cat?post=17495"},{"taxonomy":"product_tag","embeddable":true,"href":"https:\/\/vapotheque.ch\/de\/wp-json\/wp\/v2\/product_tag?post=17495"}],"curies":[{"name":"wp","href":"https:\/\/api.w.org\/{rel}","templated":true}]}}