{"id":17488,"date":"2021-05-05T15:01:48","date_gmt":"2021-05-05T13:01:48","guid":{"rendered":"https:\/\/vapotheque.ch\/boutique\/addictive-glazed-danish-e-liquid\/"},"modified":"2025-11-06T12:58:58","modified_gmt":"2025-11-06T11:58:58","slug":"addictive-glazed-danish-2","status":"publish","type":"product","link":"https:\/\/vapotheque.ch\/de\/shop\/addictive-glazed-danish-2\/","title":{"rendered":"Addictive &#8211; Glazed Danish 12 ml \/ 60 ml E-Liquid"},"content":{"rendered":"<h2>BDY ist ein Liquid-Hersteller aus Kanada und bietet uns sein Glazed Danish 12 ml \/ 60 ml E-Liquid aus der Addictive-Reihe an.<\/h2>\n<p>Das glasierte d\u00e4nische 12 ml \/ 60 ml E-Liquid aus der Addictive-Reihe von BDY ist verdammt lecker!<\/p>\n<p>In Ihrer Liquidflasche finden Sie eine gerollte D\u00e4nin, die mit einer s\u00fc\u00dfen Glasur \u00fcberzogen ist und fein mit Zimt gew\u00fcrzt ist.<\/p>\n<p>Bei jedem Zug entdecken Sie Zimt beim Einatmen, D\u00e4nisch beim Ausatmen und im Hintergrund die s\u00fc\u00dfe Glasur wieder! Eine Geschmacksexplosion, das versprechen wir Ihnen!<\/p>\n<h3>Helfen Sie mit, Ihr glasiertes d\u00e4nisches E-Liquid zu verbessern:<\/h3>\n<p>Wenn Sie Ihren Glazed Danish erhalten, m\u00fcssen Sie die <a href=\"https:\/\/vapotheque.ch\/de\/kategorie\/diy-de\/boosters-diy-de\/\"><strong>Nikotinbooster<\/strong><\/a> (falls erforderlich) sowie <strong><a href=\"https:\/\/vapotheque.ch\/de\/shop\/vapor-flavour-basis-30pg-70vg\/\">die PG\/VG-Basis<\/a><\/strong> hinzuf\u00fcgen, bevor Sie ihn verdampfen k\u00f6nnen. Die Flasche, die Sie erhalten, wird mit <strong>12 ml konzentriertem Aroma<\/strong> gef\u00fcllt. <\/p>\n<p>Der Reihe nach m\u00fcssen Sie <strong>also zuerst die notwendigen Nikotinverst\u00e4rker<\/strong> <strong>und dann die PG\/VG-Basis<\/strong> hinzuf\u00fcgen, um die Flasche fertig zu f\u00fcllen. Um Ihnen bei der Anzahl der <a href=\"https:\/\/vapotheque.ch\/de\/kategorie\/diy-de\/boosters-diy-de\/\"><strong>Nikotinbooster<\/strong><\/a> und der <strong><a href=\"https:\/\/vapotheque.ch\/de\/shop\/vapor-flavour-basis-30pg-70vg\/\">ben\u00f6tigten PG\/VG-Grundmenge<\/a><\/strong> zu helfen, finden Sie im Folgenden einige Beispiele: <\/p>\n<ul>\n<li>F\u00fcr 3 mg\/ml Nikotin m\u00fcssen Sie 1x <a href=\"https:\/\/vapotheque.ch\/de\/kategorie\/diy-de\/boosters-diy-de\/\"><strong>Nikotinbooster<\/strong><\/a> und 1x 100 ml <strong><a href=\"https:\/\/vapotheque.ch\/de\/shop\/vapor-flavour-basis-30pg-70vg\/\">Base 30 PG \/ 70 VG bestellen.<\/a><\/strong> Sie gie\u00dfen Ihren Booster in die Flasche mit E-Liquid und f\u00fcllen dann die Flasche mit der PG \/ VG \/ VG-Basis auf. <\/li>\n<li>F\u00fcr 6 mg\/ml Nikotin m\u00fcssen Sie 2x <a href=\"https:\/\/vapotheque.ch\/de\/kategorie\/diy-de\/boosters-diy-de\/\"><strong>Nikotinbooster<\/strong><\/a> und 1x 100 ml <strong><a href=\"https:\/\/vapotheque.ch\/de\/shop\/vapor-flavour-basis-30pg-70vg\/\">30 PG\/70 VG Base<\/a><\/strong> bestellen. Sie gie\u00dfen Ihren Booster in die Flasche mit E-Liquid und f\u00fcllen dann die Flasche mit der PG \/ VG \/ VG-Basis auf. <\/li>\n<li>F\u00fcr 9 mg\/ml m\u00fcssen Sie 3x <a href=\"https:\/\/vapotheque.ch\/de\/kategorie\/diy-de\/boosters-diy-de\/\"><strong>Nikotinbooster<\/strong><\/a> und 1x 100 ml <strong><a href=\"https:\/\/vapotheque.ch\/de\/shop\/vapor-flavour-basis-30pg-70vg\/\">30 PG\/70 VG Base<\/a><\/strong> bestellen. Sie gie\u00dfen Ihren Booster in die Flasche mit E-Liquid und f\u00fcllen dann die Flasche mit der PG \/ VG \/ VG-Basis auf. <\/li>\n<\/ul>\n<p><strong>Und so weiter bis zum maximalen Volumen der Flasche.<\/strong><\/p>\n<p><strong>Wenn nach dem F\u00fcllen der Flasche noch etwas vom Boden \u00fcbrig ist, denken Sie daran, ihn vor Licht gesch\u00fctzt und bei Raumtemperatur aufzubewahren. Sie k\u00f6nnen es bei Ihrer n\u00e4chsten Bestellung verwenden. <\/strong><\/p>\n<p>Wichtig: Konzentriertes Aroma 12 ml, verkauft in einer 60 ml Flasche.<\/p>\n<p class=\"class-fabrication\">Herkunft Kanada, Hergestellt in Frankreich; Dosierung: 100% PG<\/p>\n<p>&nbsp;<\/p>\n<p>Entdecken Sie weitere Produkte der Marke <a href=\"..\/..\/product_brand\/bdy\/\" target=\"_blank\" rel=\"noopener\">BDY<\/a>.<\/p>\n<p>Erhalten Sie Rabatte oder die neuesten Informationen zu unseren Produkten, indem Sie uns in unseren sozialen Netzwerken folgen: <a href=\"https:\/\/www.facebook.com\/VapeAigleCH\" target=\"_blank\" rel=\"noopener\">Facebook<\/a> oder <a href=\"https:\/\/www.instagram.com\/vapotheque\" target=\"_blank\" rel=\"noopener\">Instagram<\/a>.<\/p>\n","protected":false},"excerpt":{"rendered":"<p>BDY ist ein Liquid-Hersteller aus Kanada und bietet uns sein Glazed Danish 12 ml \/ 60 ml E-Liquid aus der Addictive-Reihe an. Das glasierte d\u00e4nische 12 ml \/ 60 ml E-Liquid aus der Addictive-Reihe von BDY ist verdammt lecker! In Ihrer Liquidflasche finden Sie eine gerollte D\u00e4nin, die mit einer s\u00fc\u00dfen Glasur \u00fcberzogen ist und [&hellip;]<\/p>\n","protected":false},"featured_media":40458,"template":"","meta":{"_acf_changed":false},"product_cat":[405,397,442,408,1680,1679],"product_tag":[],"class_list":{"0":"post-17488","1":"product","2":"type-product","3":"status-publish","4":"has-post-thumbnail","6":"product_brand-bdy-de","7":"product_cat-e-liquids","8":"product_cat-gourmands-de","9":"product_cat-hervorgehobene-produkte","10":"product_cat-lieferbar-innerhalb-von-24-stunden-de","11":"product_cat-12-ml-fuer-60-ml","12":"product_cat-menge-e-flussigkeit-kapazitat-flasche","14":"first","15":"instock","16":"taxable","17":"shipping-taxable","18":"purchasable","19":"product-type-simple"},"acf":[],"jetpack_sharing_enabled":true,"_links":{"self":[{"href":"https:\/\/vapotheque.ch\/de\/wp-json\/wp\/v2\/product\/17488","targetHints":{"allow":["GET"]}}],"collection":[{"href":"https:\/\/vapotheque.ch\/de\/wp-json\/wp\/v2\/product"}],"about":[{"href":"https:\/\/vapotheque.ch\/de\/wp-json\/wp\/v2\/types\/product"}],"wp:featuredmedia":[{"embeddable":true,"href":"https:\/\/vapotheque.ch\/de\/wp-json\/wp\/v2\/media\/40458"}],"wp:attachment":[{"href":"https:\/\/vapotheque.ch\/de\/wp-json\/wp\/v2\/media?parent=17488"}],"wp:term":[{"taxonomy":"product_cat","embeddable":true,"href":"https:\/\/vapotheque.ch\/de\/wp-json\/wp\/v2\/product_cat?post=17488"},{"taxonomy":"product_tag","embeddable":true,"href":"https:\/\/vapotheque.ch\/de\/wp-json\/wp\/v2\/product_tag?post=17488"}],"curies":[{"name":"wp","href":"https:\/\/api.w.org\/{rel}","templated":true}]}}