{"id":17479,"date":"2021-05-05T15:00:16","date_gmt":"2021-05-05T13:00:16","guid":{"rendered":"https:\/\/vapotheque.ch\/boutique\/addictive-glazed-danish-100ml-e-liquid\/"},"modified":"2024-11-12T11:32:36","modified_gmt":"2024-11-12T10:32:36","slug":"addictive-glazed-danish-100-ml-e-liquid","status":"publish","type":"product","link":"https:\/\/vapotheque.ch\/de\/shop\/addictive-glazed-danish-100-ml-e-liquid\/","title":{"rendered":"Addictive &#8211; Glazed Danish 24 ML \/ 120 ML E-Liquid"},"content":{"rendered":"<h2>BDY ist ein Hersteller von Liquids aus Kanada und bietet uns seine Liquids Glazed Danish 24 ML \/ 120 ML aus der Addictive-Reihe an.<\/h2>\n<p>Das e-Liquid Glazed Danish 100ML aus der Reihe Addictive von BDY ist verdammt lecker!<\/p>\n<p>In Ihrer Liquidflasche finden Sie eine gerollte D\u00e4nin, die mit einer s\u00fc\u00dfen Glasur \u00fcberzogen ist und fein mit Zimt gew\u00fcrzt ist.<\/p>\n<p>Mit jedem Zug entdecken Sie Zimt beim Einatmen, D\u00e4nisch beim Ausatmen und im Hintergrund die s\u00fc\u00dfe Glasur wieder! Eine Geschmacksexplosion, das versprechen wir Ihnen!<\/p>\n<p>&nbsp;<\/p>\n<p>Wichtig: Liquid mit Aromastoffen 24 ml, verkauft in einer 120 ml Flasche.<\/p>\n<p class=\"class-fabrication\">Herkunft Kanada, Hergestellt in Frankreich; PG\/VG-Verh\u00e4ltnis: 40% \/ 60%.<\/p>\n<p>Erh\u00e4ltlich auch im Format  <a href=\"\/boutique\/addictive-glazed-danish\/\" target=\"_blank\" rel=\"noopener\">50ml.<\/a><\/p>\n<p>Entdecken Sie weitere Produkte der Marke <a href=\"https:\/\/vapotheque.ch\/product_brand\/bdy\/\" target=\"_blank\" rel=\"noopener\">BDY<\/a>.<\/p>\n<p>Erhalten Sie Rabatte oder die neuesten Informationen \u00fcber unsere Produkte, indem Sie uns auf unseren sozialen Netzwerken folgen: <a href=\"https:\/\/www.facebook.com\/VapeAigleCH\" target=\"_blank\" rel=\"noopener\">Facebook<\/a> oder <a href=\"https:\/\/www.instagram.com\/vapotheque\" target=\"_blank\" rel=\"noopener\">Instagram<\/a>.<\/p>\n","protected":false},"excerpt":{"rendered":"<p>BDY ist ein Hersteller von Liquids aus Kanada und bietet uns seine Liquids Glazed Danish 24 ML \/ 120 ML aus der Addictive-Reihe an. Das e-Liquid Glazed Danish 100ML aus der Reihe Addictive von BDY ist verdammt lecker! In Ihrer Liquidflasche finden Sie eine gerollte D\u00e4nin, die mit einer s\u00fc\u00dfen Glasur \u00fcberzogen ist und fein [&hellip;]<\/p>\n","protected":false},"featured_media":15984,"template":"","meta":{"_acf_changed":false},"product_cat":[405,397,442,408,1682,1679],"product_tag":[],"class_list":{"0":"post-17479","1":"product","2":"type-product","3":"status-publish","4":"has-post-thumbnail","6":"product_brand-bdy-de","7":"product_cat-e-liquids","8":"product_cat-gourmands-de","9":"product_cat-hervorgehobene-produkte","10":"product_cat-lieferbar-innerhalb-von-24-stunden-de","11":"product_cat-24-ml-fur-120-ml","12":"product_cat-menge-e-flussigkeit-kapazitat-flasche","14":"first","15":"instock","16":"taxable","17":"shipping-taxable","18":"purchasable","19":"product-type-simple"},"acf":[],"jetpack_sharing_enabled":true,"_links":{"self":[{"href":"https:\/\/vapotheque.ch\/de\/wp-json\/wp\/v2\/product\/17479","targetHints":{"allow":["GET"]}}],"collection":[{"href":"https:\/\/vapotheque.ch\/de\/wp-json\/wp\/v2\/product"}],"about":[{"href":"https:\/\/vapotheque.ch\/de\/wp-json\/wp\/v2\/types\/product"}],"wp:featuredmedia":[{"embeddable":true,"href":"https:\/\/vapotheque.ch\/de\/wp-json\/wp\/v2\/media\/15984"}],"wp:attachment":[{"href":"https:\/\/vapotheque.ch\/de\/wp-json\/wp\/v2\/media?parent=17479"}],"wp:term":[{"taxonomy":"product_cat","embeddable":true,"href":"https:\/\/vapotheque.ch\/de\/wp-json\/wp\/v2\/product_cat?post=17479"},{"taxonomy":"product_tag","embeddable":true,"href":"https:\/\/vapotheque.ch\/de\/wp-json\/wp\/v2\/product_tag?post=17479"}],"curies":[{"name":"wp","href":"https:\/\/api.w.org\/{rel}","templated":true}]}}