{"id":17467,"date":"2021-04-13T16:08:20","date_gmt":"2021-04-13T14:08:20","guid":{"rendered":"https:\/\/vapotheque.ch\/boutique\/ice-cool-mango-passion-e-liquide\/"},"modified":"2025-11-06T13:40:13","modified_gmt":"2025-11-06T12:40:13","slug":"ice-cool-mango-passion","status":"publish","type":"product","link":"https:\/\/vapotheque.ch\/de\/shop\/ice-cool-mango-passion\/","title":{"rendered":"Ice Cool &#8211; Mango Passionsfrucht E-Liquid &#8211; 50 ml \/ 70 ml"},"content":{"rendered":"<h2>Entdecken Sie die Ice Cool-Reihe von LiquidArom mit ihrem e-Liquid Mango Passion!<\/h2>\n<p>Das E-Liquid Mango Passion aus der Reihe Ice Cool wird Sie garantiert erfrischen!<\/p>\n<p>Ice Cool erfrischt die Dampfer weiter und liefert mit <strong>Mango Passion<\/strong> ein ebenso frisches wie fruchtiges Gebr\u00e4u. Entdecken Sie schnell das Mango Passion e-Liquid und seine Oase der D\u00fcfte und Begehrlichkeiten, die Sonnens\u00e4fte auf einen Berg aus zersto\u00dfenem Eis pressen!<\/p>\n<p>Mit dieser leckeren und eiskalten Zubereitung verspricht Ice Cool eine intensive Geschmacksreise. Das Mango Passion Liquid ist ein k\u00f6stlicher All-Day, der nach Sommer riecht! Ein einzigartiges, komplett geschlagenes Duo, das nur darauf wartet, Ihnen einen Schauer \u00fcber den R\u00fccken zu jagen!<\/p>\n<p>Hergestellt in Frankreich.<\/p>\n<p>PG\/VG-Anteil: 50\/50. Mit Aroma angereichertes Eliquid 50ml in einem 70ml Fl\u00e4schchen.<\/p>\n<p>Sehen Sie sich alle Produkte der Marke <a href=\"\/product_brand\/liquidarom\/\" target=\"_blank\" rel=\"noopener\">LiquidArom<\/a> an.<\/p>\n<p>Erhalten Sie Rabatte oder die neuesten Informationen zu unseren Produkten, indem Sie uns in unseren sozialen Netzwerken folgen: <a href=\"https:\/\/www.facebook.com\/VapeAigleCH\" target=\"_blank\" rel=\"noopener\">Facebook<\/a> oder <a href=\"https:\/\/www.instagram.com\/vapotheque\" target=\"_blank\" rel=\"noopener\">Instagram<\/a>.<\/p>\n","protected":false},"excerpt":{"rendered":"<p>Entdecken Sie die Ice Cool-Reihe von LiquidArom mit ihrem e-Liquid Mango Passion! Das E-Liquid Mango Passion aus der Reihe Ice Cool wird Sie garantiert erfrischen! Ice Cool erfrischt die Dampfer weiter und liefert mit Mango Passion ein ebenso frisches wie fruchtiges Gebr\u00e4u. Entdecken Sie schnell das Mango Passion e-Liquid und seine Oase der D\u00fcfte und [&hellip;]<\/p>\n","protected":false},"featured_media":15960,"template":"","meta":{"_acf_changed":false},"product_cat":[405,404,442,408,1686,1679],"product_tag":[],"class_list":{"0":"post-17467","1":"product","2":"type-product","3":"status-publish","4":"has-post-thumbnail","6":"product_brand-liquidarom-de","7":"product_cat-e-liquids","8":"product_cat-fruchtig","9":"product_cat-hervorgehobene-produkte","10":"product_cat-lieferbar-innerhalb-von-24-stunden-de","11":"product_cat-50-ml-fur-70-ml","12":"product_cat-menge-e-flussigkeit-kapazitat-flasche","14":"first","15":"instock","16":"taxable","17":"shipping-taxable","18":"purchasable","19":"product-type-simple"},"acf":[],"jetpack_sharing_enabled":true,"_links":{"self":[{"href":"https:\/\/vapotheque.ch\/de\/wp-json\/wp\/v2\/product\/17467","targetHints":{"allow":["GET"]}}],"collection":[{"href":"https:\/\/vapotheque.ch\/de\/wp-json\/wp\/v2\/product"}],"about":[{"href":"https:\/\/vapotheque.ch\/de\/wp-json\/wp\/v2\/types\/product"}],"wp:featuredmedia":[{"embeddable":true,"href":"https:\/\/vapotheque.ch\/de\/wp-json\/wp\/v2\/media\/15960"}],"wp:attachment":[{"href":"https:\/\/vapotheque.ch\/de\/wp-json\/wp\/v2\/media?parent=17467"}],"wp:term":[{"taxonomy":"product_cat","embeddable":true,"href":"https:\/\/vapotheque.ch\/de\/wp-json\/wp\/v2\/product_cat?post=17467"},{"taxonomy":"product_tag","embeddable":true,"href":"https:\/\/vapotheque.ch\/de\/wp-json\/wp\/v2\/product_tag?post=17467"}],"curies":[{"name":"wp","href":"https:\/\/api.w.org\/{rel}","templated":true}]}}