{"id":17448,"date":"2021-03-19T12:33:25","date_gmt":"2021-03-19T11:33:25","guid":{"rendered":"https:\/\/vapotheque.ch\/boutique\/steam-train-sans-pareil-100ml-e-liquide\/"},"modified":"2024-12-04T09:53:21","modified_gmt":"2024-12-04T08:53:21","slug":"steam-train-ohne-schienen-100-ml-e-liquid","status":"publish","type":"product","link":"https:\/\/vapotheque.ch\/de\/shop\/steam-train-ohne-schienen-100-ml-e-liquid\/","title":{"rendered":"Steam Train &#8211; Sans Pareil 24 \/ 120ML E-Liquid"},"content":{"rendered":"<h2>Steam Train Sans Pareil 24 \/ 120ML E-Liquid : Das weiche Karamell!<\/h2>\n<p><a href=\"https:\/\/vapotheque.ch\/de\/steam-train-4\/\" target=\"_blank\" rel=\"noopener\">Die<\/a> griechische <a href=\"https:\/\/vapotheque.ch\/de\/steam-train-4\/\" target=\"_blank\" rel=\"noopener\">Marke Steam Train<\/a> wird Sie mit dem <strong>Steam Train Sans Pareil 24 \/ 120ML E-Liquid<\/strong> beeindrucken, wenn Sie den Geschmack von Leckereien in Ihrer E-Liquid m\u00f6gen. <strong>Steam Train<\/strong> bietet Ihnen eine E-Liquid, die exklusiv f\u00fcr Sie entwickelt wurde! Der <strong>Steam train<\/strong> <strong>Sans Pareil 100ML<\/strong>, das E-Liquid f\u00fcr alle Dampfer, die etwas auf sich halten. Wenn Sie beim Dampfen Naschwerk sch\u00e4tzen, wird der Sans Pareil perfekt sein, um Ihnen volle Zufriedenheit zu verschaffen.<\/p>\n<p>Man muss glauben, dass Dampfer bei E-Liquids die Qual der Wahl zwischen den verschiedenen Geschmacksrichtungen haben, die von den Herstellern angeboten werden. Das ist sicherlich der Grund, warum Steam train beschlossen hat, diesen neuen Saft mit tabak\u00e4hnlichen Aromen zu entwerfen, die alles \u00fcbersteigen, was man sich vorstellen kann. Obwohl dieses E-Liquid vor allem bei Frauen beliebt ist, kann man davon ausgehen, dass auch M\u00e4nner die s\u00fc\u00dfe Note, die es vermittelt, genie\u00dfen k\u00f6nnen.<\/p>\n<p>Steam Train hat keine halben Sachen gemacht, als sie die <strong>Steam Train Sans Pareil 24 \/ 120ML E-Liquid<\/strong> entwickelt haben! Dieses E-Liquid ist ein wahres Geschmackskonzentrat aus den Aromen, die es ausmachen. <strong>Weiche, handgefertigte Butterkaramellen.<\/strong> Cremige und cremige Leckereien mit Karamell nach alter Tradition! G\u00fcte bei jedem Bissen!<\/p>\n<p><strong>ACHTUNG: Dieses Produkt ist ein konzentriertes Aroma von 24 ml, das vor Gebrauch verd\u00fcnnt werden muss!<\/strong><\/p>\n<p>&nbsp;<\/p>\n<h3><\/h3>\n<h3>Hilfe beim Boosten Ihres Sans Pareil E-Liquide :<\/h3>\n<p>Wenn Sie Ihr Sans Pareil erhalten, m\u00fcssen Sie die Nikotinersatzprodukte hinzuf\u00fcgen. <a href=\"https:\/\/vapotheque.ch\/de\/kategorie\/diy-de\/boosters-diy-de\/\"><strong>Nikotin-Booster<\/strong><\/a> (falls erforderlich) und die <strong><a href=\"https:\/\/vapotheque.ch\/de\/shop\/vapor-flavour-basis-30pg-70vg\/\">PG\/VG-Base<\/a><\/strong> bevor Sie ihn rauchen k\u00f6nnen. Die Flasche, die Sie erhalten, ist mit <strong>24 ml konzentriertem Aroma<\/strong> gef\u00fcllt. In dieser Reihenfolge m\u00fcssen Sie <strong>zuerst die<\/strong> ben\u00f6tigten <strong>Nikotinbooster<\/strong> <strong>und dann die PG\/VG-Basis<\/strong> hinzuf\u00fcgen, um die Flasche zu f\u00fcllen. Um Ihnen zu helfen, die Anzahl der <a href=\"https:\/\/vapotheque.ch\/de\/kategorie\/diy-de\/boosters-diy-de\/\"><strong>Nikotin-Boostern zu helfen.<\/strong><\/a> und der Menge an Glukose <strong><a href=\"https:\/\/vapotheque.ch\/de\/shop\/vapor-flavour-basis-30pg-70vg\/\">PG\/VG-Basis<\/a><\/strong> Nachfolgend finden Sie einige Beispiele: <\/p>\n<ul>\n<li>F\u00fcr 3 mg \/ ml Nikotin m\u00fcssen Sie 2x bestellen. <a href=\"https:\/\/vapotheque.ch\/de\/kategorie\/diy-de\/boosters-diy-de\/\"><strong>Nikotin Booster<\/strong><\/a> und 1x 100 ML Nikotin. <strong><a href=\"https:\/\/vapotheque.ch\/de\/shop\/vapor-flavour-basis-30pg-70vg\/\">Basis 30 PG \/ 70 VG bestellen.<\/a><\/strong>. F\u00fcllen Sie den Booster in die E-Liquid-Flasche und f\u00fcllen Sie die Flasche mit der PG\/VG\/VG-Basis auf. <\/li>\n<li>F\u00fcr 6 mg \/ ml Nikotin m\u00fcssen Sie 4x bestellen. <a href=\"https:\/\/vapotheque.ch\/de\/kategorie\/diy-de\/boosters-diy-de\/\"><strong>Nikotin-Booster<\/strong><\/a> und 1x 100 ML Nikotin. <strong><a href=\"https:\/\/vapotheque.ch\/de\/shop\/vapor-flavour-basis-30pg-70vg\/\">Basis 30 PG \/ 70 VG bestellen.<\/a><\/strong>. Geben Sie den Booster in die E-Liquid-Flasche und f\u00fcllen Sie die Flasche mit der Basis PG \/ VG \/ VG auf. <\/li>\n<li>F\u00fcr 9 mg \/ ml m\u00fcssen Sie 6x bestellen. <a href=\"https:\/\/vapotheque.ch\/de\/kategorie\/diy-de\/boosters-diy-de\/\"><strong>Nikotin-Booster<\/strong><\/a> und 1x 100 ML von <strong><a href=\"https:\/\/vapotheque.ch\/de\/shop\/vapor-flavour-basis-30pg-70vg\/\">Basis 30 PG \/ 70 VG bestellen.<\/a><\/strong>. Geben Sie den Booster in die E-Liquid-Flasche und f\u00fcllen Sie diese mit der PG \/ VG \/ VG-Basis auf. <\/li>\n<\/ul>\n<p><strong>So geht es weiter, bis das maximale Volumen der Flasche erreicht ist.<\/strong><\/p>\n<p><strong>Sollte nach dem Ausf\u00fcllen der Flasche noch etwas Basis vorhanden sein, bewahren Sie diese bitte dunkel und bei Raumtemperatur auf. Sie k\u00f6nnen sie bei Ihrer n\u00e4chsten Bestellung verwenden. <\/strong><\/p>\n<p>&nbsp;<\/p>\n<p>Wichtig: Mit Aromen angereicherte E-Liquids, die in einer 120-ml-Flasche verkauft werden.<\/p>\n<p class=\"class-fabrication\">Hergestellt in Griechenland; Dosierung: 100 % PG.<\/p>\n<p>&nbsp;<\/p>\n<p>Entdecken Sie weitere Produkte der Marke <a href=\"https:\/\/vapotheque.ch\/de\/marque\/steam-train-de\/\" target=\"_blank\" rel=\"noopener\">Steam Train<\/a>.<\/p>\n<p>Erhalten Sie Rabatte oder die neuesten Informationen \u00fcber Steam Train, indem Sie uns auf <a href=\"https:\/\/www.facebook.com\/VapeAigleCH\" target=\"_blank\" rel=\"noopener\">Facebook<\/a> oder <a href=\"https:\/\/www.instagram.com\/vapotheque\" target=\"_blank\" rel=\"noopener\">Instagram<\/a> folgen.<\/p>\n","protected":false},"excerpt":{"rendered":"<p><strong>Wie Sie die Booster richtig zu Ihrem Produkt hinzuf\u00fcgen, erfahren Sie in der nachfolgenden Beschreibung.<\/strong><\/p>\n","protected":false},"featured_media":15918,"template":"","meta":{"_acf_changed":false},"product_cat":[405,397,408,1682,1679],"product_tag":[],"class_list":{"0":"post-17448","1":"product","2":"type-product","3":"status-publish","4":"has-post-thumbnail","6":"product_brand-steam-train-de","7":"product_cat-e-liquids","8":"product_cat-gourmands-de","9":"product_cat-lieferbar-innerhalb-von-24-stunden-de","10":"product_cat-24-ml-fur-120-ml","11":"product_cat-menge-e-flussigkeit-kapazitat-flasche","13":"first","14":"instock","15":"taxable","16":"shipping-taxable","17":"purchasable","18":"product-type-simple"},"acf":[],"jetpack_sharing_enabled":true,"_links":{"self":[{"href":"https:\/\/vapotheque.ch\/de\/wp-json\/wp\/v2\/product\/17448","targetHints":{"allow":["GET"]}}],"collection":[{"href":"https:\/\/vapotheque.ch\/de\/wp-json\/wp\/v2\/product"}],"about":[{"href":"https:\/\/vapotheque.ch\/de\/wp-json\/wp\/v2\/types\/product"}],"wp:featuredmedia":[{"embeddable":true,"href":"https:\/\/vapotheque.ch\/de\/wp-json\/wp\/v2\/media\/15918"}],"wp:attachment":[{"href":"https:\/\/vapotheque.ch\/de\/wp-json\/wp\/v2\/media?parent=17448"}],"wp:term":[{"taxonomy":"product_cat","embeddable":true,"href":"https:\/\/vapotheque.ch\/de\/wp-json\/wp\/v2\/product_cat?post=17448"},{"taxonomy":"product_tag","embeddable":true,"href":"https:\/\/vapotheque.ch\/de\/wp-json\/wp\/v2\/product_tag?post=17448"}],"curies":[{"name":"wp","href":"https:\/\/api.w.org\/{rel}","templated":true}]}}