{"id":17437,"date":"2020-11-11T15:48:56","date_gmt":"2020-11-11T14:48:56","guid":{"rendered":"https:\/\/vapotheque.ch\/boutique\/ripe-vapes-vct-e-liquide\/"},"modified":"2025-11-06T14:06:39","modified_gmt":"2025-11-06T13:06:39","slug":"ripe-vapes-vct-2","status":"publish","type":"product","link":"https:\/\/vapotheque.ch\/de\/shop\/ripe-vapes-vct-2\/","title":{"rendered":"Ripe Vapes &#8211; VCT E-Liquid 50 ml \/ 60 ml"},"content":{"rendered":"<h2>Der E-Liquide VCT von Ripe Vapes ist ohne Zweifel die Referenz f\u00fcr alle Classic-Liebhaber.<\/h2>\n<p>Pr\u00e4chtig und komplex, Ripe Vapes vereint in der VCT e-Liquid die Kraft des Classic mit der berauschenden S\u00fc\u00dfe der Vanille-Custard. Mit diesem einzigartigen Rezept hat sich Ripe Vapes in der hart umk\u00e4mpften Welt der Liquids f\u00fcr E-Zigaretten einen guten Ruf erarbeitet. Ein Muss f\u00fcr Dampfer, das sich an Aficionados von schmackhaften Mixturen richtet!<\/p>\n<p>Z\u00f6gern Sie nicht l\u00e4nger, diese Fl\u00fcssigkeit ist genau das Richtige f\u00fcr Sie!<\/p>\n<p>PG\/VG-Verh\u00e4ltnis: 30\/70.<\/p>\n<p>Hergestellt in den USA.<\/p>\n<p>Entdecken Sie weitere Produkte der Marke <a href=\"..\/..\/product_brand\/ripe-vapes\/\" target=\"_blank\" rel=\"noopener\">Ripe Vapes<\/a>.<\/p>\n<p>Erhalten Sie Rabatte oder die neuesten Informationen zu unseren Produkten, indem Sie uns in unseren sozialen Netzwerken folgen: <a href=\"https:\/\/www.facebook.com\/VapeAigleCH\" target=\"_blank\" rel=\"noopener\">Facebook<\/a> oder <a href=\"https:\/\/www.instagram.com\/vapotheque\" target=\"_blank\" rel=\"noopener\">Instagram<\/a>.<\/p>\n","protected":false},"excerpt":{"rendered":"<p>Der E-Liquide VCT von Ripe Vapes ist ohne Zweifel die Referenz f\u00fcr alle Classic-Liebhaber. Pr\u00e4chtig und komplex, Ripe Vapes vereint in der VCT e-Liquid die Kraft des Classic mit der berauschenden S\u00fc\u00dfe der Vanille-Custard. Mit diesem einzigartigen Rezept hat sich Ripe Vapes in der hart umk\u00e4mpften Welt der Liquids f\u00fcr E-Zigaretten einen guten Ruf erarbeitet. [&hellip;]<\/p>\n","protected":false},"featured_media":49770,"template":"","meta":{"_acf_changed":false},"product_cat":[405,442,408,403,1685,1679],"product_tag":[],"class_list":{"0":"post-17437","1":"product","2":"type-product","3":"status-publish","4":"has-post-thumbnail","6":"product_brand-ripe-vapes-de","7":"product_cat-e-liquids","8":"product_cat-hervorgehobene-produkte","9":"product_cat-lieferbar-innerhalb-von-24-stunden-de","10":"product_cat-tabak","11":"product_cat-50-ml-fur-60-ml","12":"product_cat-menge-e-flussigkeit-kapazitat-flasche","14":"first","15":"instock","16":"taxable","17":"shipping-taxable","18":"purchasable","19":"product-type-simple"},"acf":[],"jetpack_sharing_enabled":true,"_links":{"self":[{"href":"https:\/\/vapotheque.ch\/de\/wp-json\/wp\/v2\/product\/17437","targetHints":{"allow":["GET"]}}],"collection":[{"href":"https:\/\/vapotheque.ch\/de\/wp-json\/wp\/v2\/product"}],"about":[{"href":"https:\/\/vapotheque.ch\/de\/wp-json\/wp\/v2\/types\/product"}],"wp:featuredmedia":[{"embeddable":true,"href":"https:\/\/vapotheque.ch\/de\/wp-json\/wp\/v2\/media\/49770"}],"wp:attachment":[{"href":"https:\/\/vapotheque.ch\/de\/wp-json\/wp\/v2\/media?parent=17437"}],"wp:term":[{"taxonomy":"product_cat","embeddable":true,"href":"https:\/\/vapotheque.ch\/de\/wp-json\/wp\/v2\/product_cat?post=17437"},{"taxonomy":"product_tag","embeddable":true,"href":"https:\/\/vapotheque.ch\/de\/wp-json\/wp\/v2\/product_tag?post=17437"}],"curies":[{"name":"wp","href":"https:\/\/api.w.org\/{rel}","templated":true}]}}