{"id":17428,"date":"2020-06-10T13:08:24","date_gmt":"2020-06-10T11:08:24","guid":{"rendered":"https:\/\/vapotheque.ch\/boutique\/five-pawns-castle-long\/"},"modified":"2025-11-06T14:14:51","modified_gmt":"2025-11-06T13:14:51","slug":"castle-long-five-pawns","status":"publish","type":"product","link":"https:\/\/vapotheque.ch\/de\/shop\/castle-long-five-pawns\/","title":{"rendered":"Five Pawns &#8211; Castle Long 50ml \/ 60ml E-Liquid"},"content":{"rendered":"<h2>Five Pawns Castle Long 50 ml \/ 60 ml E-Liquid<\/h2>\n<p>The Castle Long von <a href=\"https:\/\/vapotheque.ch\/product_brand\/five-pawns\/\">Five Pawns<\/a> ist ein E-Liquid, das einen subtilen Geschmack mit einem harmonischen Hit garantiert, denn in der Tat besteht es aus Aromen von Kentucky Bourbon und einem Hauch von ger\u00f6steten Mandeln und verbrannter Kokosnuss, sublimiert durch Vanille aus Madagaskar, alles mit braunem Zucker bestreut. Eine Delikatesse!<\/p>\n<h3>Ein E-Liquid made in USA<\/h3>\n<p>Das Interessante an <a href=\"https:\/\/vapotheque.ch\/product_brand\/five-pawns\/\">Five Pawns<\/a> Castel Long ist die Tatsache, dass es sich um ein E-Liquid made in USA handelt. Er ist von tadelloser Qualit\u00e4t und verspricht die besten Vape-Erlebnisse.  <\/p>\n<p>Auf der Seite der Zusammensetzung bietet er ein Verh\u00e4ltnis von 50% PG &#8211; 50% VG und enth\u00e4lt weder Diacetyl, noch Parabene oder Ambrox. Mit anderen Worten: Es handelt sich um eine Formel mit nat\u00fcrlichen Inhaltsstoffen, ohne Nikotin, aber mit einer \u00dcberdosierung an Aromen.<\/p>\n<h3>Ein Vape-Saft, der mit Nikotin geboostet werden kann<\/h3>\n<p>Um die Castel Long von <a href=\"https:\/\/vapotheque.ch\/product_brand\/five-pawns\/\">Five Pawns<\/a> mit Nikotin zu boosten, musst du 10 ml neutrale Basis zur Formel mit einem Nikotingehalt von 0 mg\/ml hinzuf\u00fcgen. Andernfalls m\u00fcssen Sie der Formel einen 10-ml-Booster in 20 mg mit einem Nikotingehalt von 3 mg\/ml hinzuf\u00fcgen.<\/p>\n<p>Wenn Sie eine Rezeptur mit einem Nikotingehalt von 6 mg\/ml haben, m\u00fcssen Sie sie mit zwei 10-ml-Boostern in 20 mg erg\u00e4nzen. Nach dem Mischen sollten Sie die Flasche gut sch\u00fctteln, damit Ihre E-Liquids ihre urspr\u00fcngliche Aromaintensit\u00e4t wiedererlangen.<\/p>\n<h3>Eine zugelassene Fl\u00fcssigkeit f\u00fcr elektronische Zigaretten<\/h3>\n<p>Dar\u00fcber hinaus ist es hilfreich zu erw\u00e4hnen, dass<a href=\"https:\/\/vapotheque.ch\/product_brand\/five-pawns\/\"> Five Pawns<\/a> Castel Long nach den geltenden Normen produziert wird. Vorhandensein einer Kindersicherung auf dem Verschluss, das Vorhandensein von klaren Piktogrammen auf dem Etikett und das Vorhandensein einer erhabenen Markierung f\u00fcr Sehbehinderte auf dem Etikett.<\/p>\n<p>Dann gibt es noch: die Angabe aller seiner Verbindungen auf dem Etikett, die Angabe, ob Alkohol und destilliertes Wasser enthalten sind, und auch die Angabe des Namens des Labors, das es hergestellt hat. Es wurde auch begr\u00fcndet, dass Farbe, Geruch und Name des Produkts \u00fcbereinstimmen, und der Geschmack wurde gut definiert: s\u00fc\u00df, Konditorei, Vanille, S\u00fc\u00dfwaren, Trockenfr\u00fcchte und Kentucky-Bourbon-Aromen.<\/p>\n","protected":false},"excerpt":{"rendered":"<p>Five Pawns Castle Long 50 ml \/ 60 ml E-Liquid The Castle Long von Five Pawns ist ein E-Liquid, das einen subtilen Geschmack mit einem harmonischen Hit garantiert, denn in der Tat besteht es aus Aromen von Kentucky Bourbon und einem Hauch von ger\u00f6steten Mandeln und verbrannter Kokosnuss, sublimiert durch Vanille aus Madagaskar, alles mit [&hellip;]<\/p>\n","protected":false},"featured_media":42949,"template":"","meta":{"_acf_changed":false},"product_cat":[405,397,408,1685,1679],"product_tag":[],"class_list":{"0":"post-17428","1":"product","2":"type-product","3":"status-publish","4":"has-post-thumbnail","6":"product_brand-five-pawns-de","7":"product_cat-e-liquids","8":"product_cat-gourmands-de","9":"product_cat-lieferbar-innerhalb-von-24-stunden-de","10":"product_cat-50-ml-fur-60-ml","11":"product_cat-menge-e-flussigkeit-kapazitat-flasche","13":"first","14":"instock","15":"taxable","16":"shipping-taxable","17":"purchasable","18":"product-type-simple"},"acf":[],"jetpack_sharing_enabled":true,"_links":{"self":[{"href":"https:\/\/vapotheque.ch\/de\/wp-json\/wp\/v2\/product\/17428","targetHints":{"allow":["GET"]}}],"collection":[{"href":"https:\/\/vapotheque.ch\/de\/wp-json\/wp\/v2\/product"}],"about":[{"href":"https:\/\/vapotheque.ch\/de\/wp-json\/wp\/v2\/types\/product"}],"wp:featuredmedia":[{"embeddable":true,"href":"https:\/\/vapotheque.ch\/de\/wp-json\/wp\/v2\/media\/42949"}],"wp:attachment":[{"href":"https:\/\/vapotheque.ch\/de\/wp-json\/wp\/v2\/media?parent=17428"}],"wp:term":[{"taxonomy":"product_cat","embeddable":true,"href":"https:\/\/vapotheque.ch\/de\/wp-json\/wp\/v2\/product_cat?post=17428"},{"taxonomy":"product_tag","embeddable":true,"href":"https:\/\/vapotheque.ch\/de\/wp-json\/wp\/v2\/product_tag?post=17428"}],"curies":[{"name":"wp","href":"https:\/\/api.w.org\/{rel}","templated":true}]}}