{"id":17396,"date":"2020-10-30T10:28:26","date_gmt":"2020-10-30T09:28:26","guid":{"rendered":"https:\/\/vapotheque.ch\/boutique\/geek-vape-zeus-nano\/"},"modified":"2024-07-16T12:33:57","modified_gmt":"2024-07-16T10:33:57","slug":"geekvape-zeus-nano-tank","status":"publish","type":"product","link":"https:\/\/vapotheque.ch\/de\/shop\/geekvape-zeus-nano-tank\/","title":{"rendered":"GeekVape &#8211; Zeus Nano Tank"},"content":{"rendered":"<h2 style=\"font-family: museo sans cyrl,Sans-serif; font-size: 48px; font-weight: bold; letter-spacing: normal;\">GeekVape kommt mit einem Cloud-Jagd-orientierten Clearomizer: dem Zeus Nano Tank!<\/h2>\n<p class=\"texte-danger\">Der GeekVape Zeus Nano Tank Clearomiser bietet eine gro\u00dfz\u00fcgige Kapazit\u00e4t von <strong>2 ml<\/strong>, die dank der Installation der Pyrex-Birne auf <strong>3,5 ml<\/strong> erh\u00f6ht werden kann. Zum Nachf\u00fcllen des Tanks bietet der Zeus Nano Tank ein <strong>Top-Fill<\/strong>-F\u00fcllsystem, das sich durch seine Benutzerfreundlichkeit auszeichnet.<\/p>\n<p class=\"texte-danger\">Ausgestattet mit einem <strong>einstellbaren oberen Luftstrom<\/strong> hat der GeekVape Zeus Nano Tank den Vorteil, dass er mit <strong>Coils der B-Serie<\/strong> kompatibel ist! Dadurch <strong>wird jegliches Leckagerisiko vermieden<\/strong>!<\/p>\n<p class=\"texte-danger\">Dank dieser Spulen kann der Clearomizer mit <strong>22 mm<\/strong> Durchmesser einen <strong>gro\u00dfz\u00fcgigen Dampf<\/strong> erzeugen und gleichzeitig eine <strong>originalgetreue Wiederherstellung der Aromen<\/strong> gew\u00e4hrleisten.<\/p>\n<p>Der von GeekVape entworfene Zeus Nano ist ohne Zweifel der <strong>vielseitigste<\/strong> Cloud-Chasing-Clearomizer auf dem Markt. Dieser Tank wird sich an alle Erwartungen anpassen und die Benutzer von elektronischen Zigaretten mit seiner einfachen Handhabung \u00fcberraschen.<\/p>\n<p>Wir k\u00f6nnen daher von einem ziemlich <strong>restriktiven<\/strong> Zug zu einem wirklich <strong>DL-orientierten<\/strong> Vape \u00fcbergehen, <strong>sehr luftig<\/strong>!<\/p>\n<p>Entdecken Sie alle anderen Produkte der Marke <a href=\"https:\/\/vapotheque.ch\/de\/produkt_brand\/geekvape-de\/\" target=\"_blank\" rel=\"noopener\">GeekVape<\/a>.<\/p>\n<p>Erhalte Rabatte oder die neuesten Informationen \u00fcber unsere anderen im Gesch\u00e4ft erh\u00e4ltlichen Produkte, indem du uns auf unseren sozialen Netzwerken folgst: <a href=\"https:\/\/www.facebook.com\/VapeAigleCH\" target=\"_blank\" rel=\"noopener\">Facebook<\/a> oder <a href=\"https:\/\/www.instagram.com\/vapotheque\" target=\"_blank\" rel=\"noopener\">Instagram<\/a>.<\/p>\n","protected":false},"excerpt":{"rendered":"<p>GeekVape kommt mit einem Cloud-Jagd-orientierten Clearomizer: dem Zeus Nano Tank! Der GeekVape Zeus Nano Tank Clearomiser bietet eine gro\u00dfz\u00fcgige Kapazit\u00e4t von 2 ml, die dank der Installation der Pyrex-Birne auf 3,5 ml erh\u00f6ht werden kann. Zum Nachf\u00fcllen des Tanks bietet der Zeus Nano Tank ein Top-Fill-F\u00fcllsystem, das sich durch seine Benutzerfreundlichkeit auszeichnet. Ausgestattet mit einem [&hellip;]<\/p>\n","protected":false},"featured_media":44776,"template":"","meta":{"_acf_changed":false},"product_cat":[440,418,442,408],"product_tag":[],"class_list":{"0":"post-17396","1":"product","2":"type-product","3":"status-publish","4":"has-post-thumbnail","6":"product_brand-geekvape-de","7":"product_cat-atomizer","8":"product_cat-clearomizer","9":"product_cat-hervorgehobene-produkte","10":"product_cat-lieferbar-innerhalb-von-24-stunden-de","12":"first","13":"instock","14":"taxable","15":"shipping-taxable","16":"purchasable","17":"product-type-variable"},"acf":[],"jetpack_sharing_enabled":true,"_links":{"self":[{"href":"https:\/\/vapotheque.ch\/de\/wp-json\/wp\/v2\/product\/17396","targetHints":{"allow":["GET"]}}],"collection":[{"href":"https:\/\/vapotheque.ch\/de\/wp-json\/wp\/v2\/product"}],"about":[{"href":"https:\/\/vapotheque.ch\/de\/wp-json\/wp\/v2\/types\/product"}],"wp:featuredmedia":[{"embeddable":true,"href":"https:\/\/vapotheque.ch\/de\/wp-json\/wp\/v2\/media\/44776"}],"wp:attachment":[{"href":"https:\/\/vapotheque.ch\/de\/wp-json\/wp\/v2\/media?parent=17396"}],"wp:term":[{"taxonomy":"product_cat","embeddable":true,"href":"https:\/\/vapotheque.ch\/de\/wp-json\/wp\/v2\/product_cat?post=17396"},{"taxonomy":"product_tag","embeddable":true,"href":"https:\/\/vapotheque.ch\/de\/wp-json\/wp\/v2\/product_tag?post=17396"}],"curies":[{"name":"wp","href":"https:\/\/api.w.org\/{rel}","templated":true}]}}