{"id":17386,"date":"2020-03-26T21:36:48","date_gmt":"2020-03-26T20:36:48","guid":{"rendered":"https:\/\/vapotheque.ch\/boutique\/elikuid-purple-fusion-100ml-e-liquide\/"},"modified":"2025-11-05T16:44:29","modified_gmt":"2025-11-05T15:44:29","slug":"elikuid-purple-fusion-100ml-e-liquid","status":"publish","type":"product","link":"https:\/\/vapotheque.ch\/de\/shop\/elikuid-purple-fusion-100ml-e-liquid\/","title":{"rendered":"Elikuid &#8211; Purple Fusion 100 ml \/ 120 ml E-Fl\u00fcssigkeit"},"content":{"rendered":"<h2 style=\"font-family: Saira,sans-serif;font-weight: bold;line-height: 1.3;font-size: 37px;margin-top: 12.5px;margin-bottom: 12.5px\">O&#8217;Jlab hat an mehreren Rezepten gearbeitet, um seine Elikuid-Reihe zu kreieren, darunter die Purple Fusion!<\/h2>\n<p>Das Purple Fusion 100 ml \/ 120 ml E-Liquid aus der Elikuid Reihe von O&#8217;Jlab versorgt Sie mit einem runden und s\u00fc\u00dfen Dampf.<\/p>\n<p>Bissen Sie in einen<strong> saftig-s\u00fc\u00dfen<\/strong> Pfirsich, begleitet von einer <strong>w\u00fcrzigen Gartenhimbeere<\/strong>.<strong> <\/strong> Ein Liquid, das nach Sonne riecht!<\/p>\n<p>Das Purple Fusion E-Liquid aus der Elikuid-Reihe ist ein sehr fruchtiger Saft, und das 100-ml-Format hat etwas zu bieten! Wir dampfen ohne M\u00e4\u00dfigung&#8230;<\/p>\n<\/p>\n<p>Wichtig:<\/p>\n<p>PG\/VG-Verh\u00e4ltnis: <strong>50\/50.<\/strong><\/p>\n<p>Hergestellt in Belgien.<\/p>\n<p>Konzentriertes Aroma 100 ml, verkauft in einer <strong>120 ml<\/strong> Flasche.<\/p>\n<p>Entdecken Sie die anderen Produkte der <a href=\"..\/..\/product_brand\/elikuid\/\" target=\"_blank\" rel=\"noopener\">Elikuid-Reihe.<\/a><\/p>\n<p>Erhalten Sie Rabatte oder die neuesten Informationen zu unseren Produkten, indem Sie uns in unseren sozialen Netzwerken folgen: <a href=\"https:\/\/www.facebook.com\/VapeAigleCH\" target=\"_blank\" rel=\"noopener\">Facebook<\/a> oder <a href=\"https:\/\/www.instagram.com\/vapotheque_aigle\/\" target=\"_blank\" rel=\"noopener\">Instagram<\/a>.<\/p>\n","protected":false},"excerpt":{"rendered":"<p>O&#8217;Jlab hat an mehreren Rezepten gearbeitet, um seine Elikuid-Reihe zu kreieren, darunter die Purple Fusion! Das Purple Fusion 100 ml \/ 120 ml E-Liquid aus der Elikuid Reihe von O&#8217;Jlab versorgt Sie mit einem runden und s\u00fc\u00dfen Dampf. Bissen Sie in einen saftig-s\u00fc\u00dfen Pfirsich, begleitet von einer w\u00fcrzigen Gartenhimbeere. Ein Liquid, das nach Sonne riecht! [&hellip;]<\/p>\n","protected":false},"featured_media":17030,"template":"","meta":{"_acf_changed":false},"product_cat":[405,404,408,1690,1679],"product_tag":[],"class_list":{"0":"post-17386","1":"product","2":"type-product","3":"status-publish","4":"has-post-thumbnail","6":"product_brand-elikuid-de","7":"product_cat-e-liquids","8":"product_cat-fruchtig","9":"product_cat-lieferbar-innerhalb-von-24-stunden-de","10":"product_cat-100-ml-fur-120-ml","11":"product_cat-menge-e-flussigkeit-kapazitat-flasche","13":"first","14":"instock","15":"taxable","16":"shipping-taxable","17":"purchasable","18":"product-type-simple"},"acf":[],"jetpack_sharing_enabled":true,"_links":{"self":[{"href":"https:\/\/vapotheque.ch\/de\/wp-json\/wp\/v2\/product\/17386","targetHints":{"allow":["GET"]}}],"collection":[{"href":"https:\/\/vapotheque.ch\/de\/wp-json\/wp\/v2\/product"}],"about":[{"href":"https:\/\/vapotheque.ch\/de\/wp-json\/wp\/v2\/types\/product"}],"wp:featuredmedia":[{"embeddable":true,"href":"https:\/\/vapotheque.ch\/de\/wp-json\/wp\/v2\/media\/17030"}],"wp:attachment":[{"href":"https:\/\/vapotheque.ch\/de\/wp-json\/wp\/v2\/media?parent=17386"}],"wp:term":[{"taxonomy":"product_cat","embeddable":true,"href":"https:\/\/vapotheque.ch\/de\/wp-json\/wp\/v2\/product_cat?post=17386"},{"taxonomy":"product_tag","embeddable":true,"href":"https:\/\/vapotheque.ch\/de\/wp-json\/wp\/v2\/product_tag?post=17386"}],"curies":[{"name":"wp","href":"https:\/\/api.w.org\/{rel}","templated":true}]}}