{"id":17382,"date":"2020-03-27T00:54:13","date_gmt":"2020-03-26T23:54:13","guid":{"rendered":"https:\/\/vapotheque.ch\/boutique\/petit-nuage-gestampfte-granatapfel-e-liquid\/"},"modified":"2025-11-06T11:51:57","modified_gmt":"2025-11-06T10:51:57","slug":"klein-nuage-grenade-pille-e-liquid","status":"publish","type":"product","link":"https:\/\/vapotheque.ch\/de\/shop\/klein-nuage-grenade-pille-e-liquid\/","title":{"rendered":"Petit Nuage &#8211; Grenade Pil\u00e9e E-Liquid 60 ml"},"content":{"rendered":"<h2><strong>Petit Nuage Grenade Pil\u00e9e E-Liqueur : Fruchtige Explosion und Frostfrische<\/strong><\/h2>\n<p>Das <strong>Little Cloud Crushed Pomegranate E-Liquid<\/strong> ist ein neues Rezept, das verspricht, Herzen zum Schmelzen zu bringen und Geschmacksknospen zu pulverisieren! Dieses Grenade Plundered E-Liquid im 60-ml-Format ist eine wahre Hommage an Weichheit und Leichtigkeit, wie alle Kreationen von Petit Nuage. Stellen Sie sich eine frische und saftige Granatapfel-Granita mit einem Hauch eisiger Frische vor, die Sie bei jedem Zug vor Genuss erschauern l\u00e4sst!  <\/p>\n<p>Hinter jedem Zug stecken die Aromen, die von den franz\u00f6sischen Sch\u00f6pfern des Petit Nuage fein verarbeitet wurden, die wieder einmal ihr ganzes Talent in ein ebenso pr\u00e4zises wie k\u00f6stliches Rezept gesteckt haben. <strong>Petit Nuage Grenade Pil\u00e9e E-Liquid<\/strong> ist nicht nur ein E-Liquid, es ist eine Einladung zu einem ewigen Sommer, in dem sich Gier mit einer fruchtigen Note voller Schwung mischt!<\/p>\n<p>Tauchen Sie ein in ein sensorisches Erlebnis, bei dem der Granatapfel K\u00f6nig ist und einen s\u00fc\u00df-s\u00e4uerlichen Geschmack liefert, gefolgt von einer erfrischenden Brise, die Liebhaber frischer Empfindungen begeistern wird. Egal, ob Sie bereits ein Fan von Little Cloud oder ein Neuling sind, machen Sie sich bereit f\u00fcr einen echten Sturm der Aromen! <\/p>\n<p>&nbsp;<\/p>\n<h3>Hilfe zur Steigerung Ihrer Kleinen Wolke &#8211; Granatapfel E-Liquid<\/h3>\n<p>In der Crushed Pomegranate Box findest du eine <strong>volle<\/strong> <strong>60 ml<\/strong> Flasche sowie eine leere 30 ml Flasche, um dir beim Hinzuf\u00fcgen von Nikotin mit den von dir gew\u00e4hlten <a href=\"https:\/\/vapotheque.ch\/de\/kategorie\/diy-de\/boosters-diy-de\/\"><strong>Nikotinboostern<\/strong><\/a> zu helfen.<\/p>\n<p>Auf diese Weise stellen Sie Ihre kleine Mischung nur in der 30-ml-Messflasche her und behalten den Rest der 60-ml-Flasche f\u00fcr die sp\u00e4tere Verwendung. Um Ihnen bei der Anzahl der ben\u00f6tigten <a href=\"https:\/\/vapotheque.ch\/de\/kategorie\/diy-de\/boosters-diy-de\/\"><strong>Nikotinbooster<\/strong><\/a> zu helfen, finden Sie im Folgenden einige Beispiele: <\/p>\n<ul>\n<li>F\u00fcr 3 mg \/ ml Nikotin m\u00fcssen Sie 1x bestellen. <a href=\"https:\/\/vapotheque.ch\/de\/kategorie\/diy-de\/boosters-diy-de\/\"><strong>Nikotinbooster<\/strong><\/a>. Sie f\u00fcllen Ihren Booster in die mitgelieferte 30 ml Mix-Flasche bis zur angegebenen Graduierung und f\u00fcllen dann die 60 ml Flasche mit Granatapfel auf. Sie haben noch die H\u00e4lfte des Boosters und die Fl\u00fcssigkeit in der 60 ml-Flasche, die Sie verwenden k\u00f6nnen, wenn die Mix-Flasche leer ist.  <\/li>\n<li>F\u00fcr 6 mg \/ ml Nikotin m\u00fcssen Sie 1x bestellen. <a href=\"https:\/\/vapotheque.ch\/de\/kategorie\/diy-de\/boosters-diy-de\/\"><strong>Nikotinbooster<\/strong><\/a>. Sie f\u00fcllen Ihren Booster in die mitgelieferte 30 ml Mix-Flasche bis zur angegebenen Graduierung und f\u00fcllen dann dieselbe Flasche mit der 60 ml Flasche Granatapfel auf. Sie haben Ihren Booster aufgebraucht, aber Sie haben noch etwas Fl\u00fcssigkeit in der 60 ml Flasche, die Sie verwenden k\u00f6nnen, wenn die Mix-Flasche leer ist.  <\/li>\n<li>F\u00fcr 9 mg \/ ml m\u00fcssen Sie 2x bestellen. <a href=\"https:\/\/vapotheque.ch\/de\/kategorie\/diy-de\/boosters-diy-de\/\"><strong>Nikotinbooster<\/strong><\/a>. Sie f\u00fcllen Ihren Booster in die mitgelieferte 30 ml Mix-Flasche bis zur angegebenen Skala und f\u00fcllen dann die gleiche Flasche mit der 60 ml Flasche Granatapfel auf. Sie haben noch die H\u00e4lfte des Boosters und die Fl\u00fcssigkeit in der 60 ml Flasche, die Sie verwenden k\u00f6nnen, wenn die Mix-Flasche leer ist.  <\/li>\n<\/ul>\n<p><img data-recalc-dims=\"1\" decoding=\"async\" class=\"size-full wp-image-34855\" src=\"https:\/\/i0.wp.com\/vapotheque.ch\/wp-content\/uploads\/2024\/04\/Fiole-Petit-Nuage.webp?resize=500%2C488&#038;ssl=1\" alt=\"Das zweisprachige Etikett des Petit Nuage - Fullmoon Party E-Liquids enth\u00e4lt Anweisungen zum Mischen von Nikotin und eine Messtabelle in mg\/ml bis zu 30 ml, die in Franz\u00f6sisch und Englisch zur Verf\u00fcgung gestellt wird.\" width=\"500\" height=\"488\"><\/p>\n<p>&nbsp;<\/p>\n<p>PG\/VG-Verh\u00e4ltnis: <strong>50\/50.<\/strong><\/p>\n<p>Hergestellt in Frankreich.<\/p>\n<p>Erh\u00e4ltlich in einer Flasche mit <strong>60 ml<\/strong> Inhalt. Eine zus\u00e4tzliche leere Flasche von <strong>30 ml<\/strong> wird mit der e-Liquid Granatapfel geliefert. <\/p>\n<p>Entdecken Sie die anderen Produkte der <a href=\"https:\/\/vapotheque.ch\/de\/marque\/petit-nuage-de\/\" target=\"_blank\" rel=\"noopener\">Marke Petit Nuage.<\/a><\/p>\n<p>Erhalten Sie Rabatte oder die neuesten Informationen zu unseren Produkten, indem Sie uns in unseren sozialen Netzwerken folgen: <a href=\"https:\/\/www.facebook.com\/VapeAigleCH\" target=\"_blank\" rel=\"noopener\">Facebook<\/a> oder <a href=\"https:\/\/www.instagram.com\/vapotheque_aigle\/\" target=\"_blank\" rel=\"noopener\">Instagram<\/a>.<\/p>\n","protected":false},"excerpt":{"rendered":"<p><strong>Wie Sie die Booster richtig zu Ihrem Produkt hinzuf\u00fcgen, erfahren Sie in der nachfolgenden Beschreibung.<\/strong><\/p>\n","protected":false},"featured_media":34926,"template":"","meta":{"_acf_changed":false},"product_cat":[405,404,408,423,1692,1679,277],"product_tag":[],"class_list":{"0":"post-17382","1":"product","2":"type-product","3":"status-publish","4":"has-post-thumbnail","6":"product_brand-petit-nuage-de","7":"product_cat-e-liquids","8":"product_cat-fruchtig","9":"product_cat-lieferbar-innerhalb-von-24-stunden-de","10":"product_cat-promos","11":"product_cat-60-ml-30-ml-fur-mix","12":"product_cat-menge-e-flussigkeit-kapazitat-flasche","13":"product_cat-promos-eliquides-vape","15":"first","16":"instock","17":"taxable","18":"shipping-taxable","19":"purchasable","20":"product-type-simple"},"acf":[],"jetpack_sharing_enabled":true,"_links":{"self":[{"href":"https:\/\/vapotheque.ch\/de\/wp-json\/wp\/v2\/product\/17382","targetHints":{"allow":["GET"]}}],"collection":[{"href":"https:\/\/vapotheque.ch\/de\/wp-json\/wp\/v2\/product"}],"about":[{"href":"https:\/\/vapotheque.ch\/de\/wp-json\/wp\/v2\/types\/product"}],"wp:featuredmedia":[{"embeddable":true,"href":"https:\/\/vapotheque.ch\/de\/wp-json\/wp\/v2\/media\/34926"}],"wp:attachment":[{"href":"https:\/\/vapotheque.ch\/de\/wp-json\/wp\/v2\/media?parent=17382"}],"wp:term":[{"taxonomy":"product_cat","embeddable":true,"href":"https:\/\/vapotheque.ch\/de\/wp-json\/wp\/v2\/product_cat?post=17382"},{"taxonomy":"product_tag","embeddable":true,"href":"https:\/\/vapotheque.ch\/de\/wp-json\/wp\/v2\/product_tag?post=17382"}],"curies":[{"name":"wp","href":"https:\/\/api.w.org\/{rel}","templated":true}]}}