{"id":17380,"date":"2020-03-26T23:13:21","date_gmt":"2020-03-26T22:13:21","guid":{"rendered":"https:\/\/vapotheque.ch\/boutique\/ben-northon-love-blond-e-liquide\/"},"modified":"2025-11-05T16:41:44","modified_gmt":"2025-11-05T15:41:44","slug":"ben-northon-love-blond-e-liquid","status":"publish","type":"product","link":"https:\/\/vapotheque.ch\/de\/shop\/ben-northon-love-blond-e-liquid\/","title":{"rendered":"Ben Northon &#8211; Love Blond 50 ml \/ 60 ml E-Liquid"},"content":{"rendered":"<h2>Ben Northon ist eine franz\u00f6sische Marke f\u00fcr E-Liquids mit Tabakgeschmack. Lassen Sie sich von Love Blond verf\u00fchren!<\/h2>\n<p>Der E-Liquid Love Blond von Ben Northon ist schlagkr\u00e4ftig!<\/p>\n<p>Wie <strong>heller Tabak und ger\u00f6stete Erdn\u00fcsse,<\/strong> die mit einer <strong>s\u00fc\u00dfen goldenen<\/strong> Note beginnen, sich zu R\u00f6staromen verl\u00e4ngern, bevor sie sich kraftvoll abrunden. Ein zarter erster Eindruck vor einer Kaskade robuster und begehrenswerter Aromen. Ein Muss f\u00fcr Tabakdampfer.<\/p>\n<p>&nbsp;<\/p>\n<p>Wichtig:<\/p>\n<p>PG\/VG-Verh\u00e4ltnis: <strong>50\/50.<\/strong><\/p>\n<p>Hergestellt in Frankreich.<\/p>\n<p>Wird in einer <strong>60-ml-Flasche<\/strong> verkauft.<\/p>\n<p>Entdecken Sie weitere Produkte der Marke <a href=\"\/product_brand\/ben-northon\/\" target=\"_blank\" rel=\"noopener\">Ben Northon<\/a>.<\/p>\n<p>Erhalten Sie Rabatte oder die neuesten Informationen zu unseren Produkten, indem Sie uns in unseren sozialen Netzwerken folgen: <a href=\"https:\/\/www.facebook.com\/VapeAigleCH\" target=\"_blank\" rel=\"noopener\">Facebook<\/a> oder <a href=\"https:\/\/www.instagram.com\/vapotheque_aigle\/\" target=\"_blank\" rel=\"noopener\">Instagram<\/a>.<\/p>\n","protected":false},"excerpt":{"rendered":"<p>Ben Northon ist eine franz\u00f6sische Marke f\u00fcr E-Liquids mit Tabakgeschmack. Lassen Sie sich von Love Blond verf\u00fchren! Der E-Liquid Love Blond von Ben Northon ist schlagkr\u00e4ftig! Wie heller Tabak und ger\u00f6stete Erdn\u00fcsse, die mit einer s\u00fc\u00dfen goldenen Note beginnen, sich zu R\u00f6staromen verl\u00e4ngern, bevor sie sich kraftvoll abrunden. Ein zarter erster Eindruck vor einer Kaskade [&hellip;]<\/p>\n","protected":false},"featured_media":17020,"template":"","meta":{"_acf_changed":false},"product_cat":[405,408,423,403,1685,1679,277],"product_tag":[],"class_list":{"0":"post-17380","1":"product","2":"type-product","3":"status-publish","4":"has-post-thumbnail","6":"product_brand-ben-northon-de","7":"product_cat-e-liquids","8":"product_cat-lieferbar-innerhalb-von-24-stunden-de","9":"product_cat-promos","10":"product_cat-tabak","11":"product_cat-50-ml-fur-60-ml","12":"product_cat-menge-e-flussigkeit-kapazitat-flasche","13":"product_cat-promos-eliquides-vape","15":"first","16":"instock","17":"taxable","18":"shipping-taxable","19":"purchasable","20":"product-type-simple"},"acf":[],"jetpack_sharing_enabled":true,"_links":{"self":[{"href":"https:\/\/vapotheque.ch\/de\/wp-json\/wp\/v2\/product\/17380","targetHints":{"allow":["GET"]}}],"collection":[{"href":"https:\/\/vapotheque.ch\/de\/wp-json\/wp\/v2\/product"}],"about":[{"href":"https:\/\/vapotheque.ch\/de\/wp-json\/wp\/v2\/types\/product"}],"wp:featuredmedia":[{"embeddable":true,"href":"https:\/\/vapotheque.ch\/de\/wp-json\/wp\/v2\/media\/17020"}],"wp:attachment":[{"href":"https:\/\/vapotheque.ch\/de\/wp-json\/wp\/v2\/media?parent=17380"}],"wp:term":[{"taxonomy":"product_cat","embeddable":true,"href":"https:\/\/vapotheque.ch\/de\/wp-json\/wp\/v2\/product_cat?post=17380"},{"taxonomy":"product_tag","embeddable":true,"href":"https:\/\/vapotheque.ch\/de\/wp-json\/wp\/v2\/product_tag?post=17380"}],"curies":[{"name":"wp","href":"https:\/\/api.w.org\/{rel}","templated":true}]}}