{"id":17373,"date":"2020-04-14T13:09:14","date_gmt":"2020-04-14T11:09:14","guid":{"rendered":"https:\/\/vapotheque.ch\/boutique\/halo-tribeca-e-liquide\/"},"modified":"2025-11-06T11:59:55","modified_gmt":"2025-11-06T10:59:55","slug":"halo-tribeca-e-liquid","status":"publish","type":"product","link":"https:\/\/vapotheque.ch\/de\/shop\/halo-tribeca-e-liquid\/","title":{"rendered":"Halo &#8211; Tribeca E-Liquid &#8211; 50 ml \/ 100 ml"},"content":{"rendered":"<h2 style=\"font-family: museo sans cyrl,Sans-serif;font-size: 48px;font-weight: bold;letter-spacing: normal\">Das Tribeca E-Liquid von Halo verspricht Ihnen Berge und Wunder!<\/h2>\n<p>Das E-Liquid Tribeca von Halo ist ein <strong>RY4-Tabak (classic blond)<\/strong>, der mit einigen <strong>Karamellnoten<\/strong>, <strong>Vanilleschoten<\/strong> und himmlischen <strong>N\u00fcssen<\/strong> gemischt wurde. Dieses Liquid, das f\u00fcr seinen gro\u00dfen aromatischen Reichtum bekannt ist, zeigt eine endlose Gro\u00dfz\u00fcgigkeit. Der Geschmack ist ehrlich, die Balance ist perfekt, der Genuss ist intensiv &#8230; Ein Meisterwerk, das Sie dringend testen sollten!<\/p>\n<p>&nbsp;<\/p>\n<p>Hergestellt in den USA.<\/p>\n<p>PG\/VG-Anteil: 50\/50. Mit Aroma angereichertes Eliquid 50ml in einem 100ml Fl\u00e4schchen.<\/p>\n<p>Sehen Sie sich alle Produkte der Marke <a href=\"\/product_brand\/halo\/\" target=\"_blank\" rel=\"noopener\">Halo<\/a> an.<\/p>\n<p>Erhalten Sie Rabatte oder die neuesten Informationen zu unseren Produkten, indem Sie uns in unseren sozialen Netzwerken folgen: <a href=\"https:\/\/www.facebook.com\/VapeAigleCH\" target=\"_blank\" rel=\"noopener\">Facebook<\/a> oder <a href=\"https:\/\/www.instagram.com\/vapotheque\" target=\"_blank\" rel=\"noopener\">Instagram<\/a>.<\/p>\n","protected":false},"excerpt":{"rendered":"<p>Das Tribeca E-Liquid von Halo verspricht Ihnen Berge und Wunder! Das E-Liquid Tribeca von Halo ist ein RY4-Tabak (classic blond), der mit einigen Karamellnoten, Vanilleschoten und himmlischen N\u00fcssen gemischt wurde. Dieses Liquid, das f\u00fcr seinen gro\u00dfen aromatischen Reichtum bekannt ist, zeigt eine endlose Gro\u00dfz\u00fcgigkeit. Der Geschmack ist ehrlich, die Balance ist perfekt, der Genuss ist [&hellip;]<\/p>\n","protected":false},"featured_media":15106,"template":"","meta":{"_acf_changed":false},"product_cat":[405,397,408,403,1689,1679],"product_tag":[],"class_list":{"0":"post-17373","1":"product","2":"type-product","3":"status-publish","4":"has-post-thumbnail","6":"product_brand-halo-de","7":"product_cat-e-liquids","8":"product_cat-gourmands-de","9":"product_cat-lieferbar-innerhalb-von-24-stunden-de","10":"product_cat-tabak","11":"product_cat-50-ml-fur-100-ml","12":"product_cat-menge-e-flussigkeit-kapazitat-flasche","14":"first","15":"outofstock","16":"taxable","17":"shipping-taxable","18":"purchasable","19":"product-type-simple"},"acf":[],"jetpack_sharing_enabled":true,"_links":{"self":[{"href":"https:\/\/vapotheque.ch\/de\/wp-json\/wp\/v2\/product\/17373","targetHints":{"allow":["GET"]}}],"collection":[{"href":"https:\/\/vapotheque.ch\/de\/wp-json\/wp\/v2\/product"}],"about":[{"href":"https:\/\/vapotheque.ch\/de\/wp-json\/wp\/v2\/types\/product"}],"wp:featuredmedia":[{"embeddable":true,"href":"https:\/\/vapotheque.ch\/de\/wp-json\/wp\/v2\/media\/15106"}],"wp:attachment":[{"href":"https:\/\/vapotheque.ch\/de\/wp-json\/wp\/v2\/media?parent=17373"}],"wp:term":[{"taxonomy":"product_cat","embeddable":true,"href":"https:\/\/vapotheque.ch\/de\/wp-json\/wp\/v2\/product_cat?post=17373"},{"taxonomy":"product_tag","embeddable":true,"href":"https:\/\/vapotheque.ch\/de\/wp-json\/wp\/v2\/product_tag?post=17373"}],"curies":[{"name":"wp","href":"https:\/\/api.w.org\/{rel}","templated":true}]}}