{"id":17371,"date":"2020-03-27T00:52:06","date_gmt":"2020-03-26T23:52:06","guid":{"rendered":"https:\/\/vapotheque.ch\/boutique\/kleine-wolke-la-petite-limo-e-liquide\/"},"modified":"2025-11-06T11:49:21","modified_gmt":"2025-11-06T10:49:21","slug":"petit-nuage-la-petite-limo-e-liquide","status":"publish","type":"product","link":"https:\/\/vapotheque.ch\/de\/shop\/petit-nuage-la-petite-limo-e-liquide\/","title":{"rendered":"Petit Nuage &#8211; La Petite Limo E-Liquid 60 ml"},"content":{"rendered":"<h2><strong>Petit Nuage La Petite Limo E-Liquid: Eine Wolke von Zitronenfrische!<\/strong><\/h2>\n<p>Le <strong>Petit Nuage La Petite Limo E-Liquid<\/strong> kommt, aber lassen Sie sich nicht von seinem bescheidenen Namen t\u00e4uschen: Es ist eine Welle spritziger Frische, die Sie erwartet! Stellen Sie sich eine altmodische Limonade vor, wie man sie auf einer sonnigen Terrasse genie\u00dft, mit Limette verfeinert, um eine Extraportion Pepp zu erhalten. Jeder Zug ist ein nostalgischer R\u00fcckblick auf vergangene Sommer, als Limonade unsere Geschmacksknospen zum Funkeln brachte und alles ein wenig leichter schien.  <\/p>\n<p>Petit Nuage, das neue Wunderkind der Welt der E-Liquids, l\u00e4dt uns ein, ein Vape-Erlebnis zu entdecken, das so sanft ist wie ein Hauch von Sommerluft. Ob Gourmet, fruchtig oder sogar klassisch, jedes Rezept wird von diesen franz\u00f6sischen Sch\u00f6pfern sorgf\u00e4ltig zubereitet, um einen Hauch voller Aromen und Emotionen zu garantieren. <\/p>\n<p>Mit dem <strong>Petit Nuage La Petite Limo E-Liquid<\/strong> vereint die Marke alles, was wir lieben: die Einfachheit der richtigen Zutaten, eine belebende Limonade und die Leichtigkeit eines E-Liquids, das uns auf eine Reise mitnimmt. Machen Sie sich bereit, die Frische bei jedem Zug prickeln zu sp\u00fcren, und lassen Sie sich von dieser perfekt ausbalancierten zitronigen Explosion mitrei\u00dfen. <\/p>\n<p>&nbsp;<\/p>\n<h3>Hilfe beim Boosten Ihrer Kleinen Wolke &#8211; La Petite Limo E-Liquide<\/h3>\n<p>In der Schachtel von La Petite Limo finden Sie eine <strong>volle<\/strong> <strong>60-ml-Flasche<\/strong> sowie eine leere 30-ml-Flasche, die Ihnen hilft, Nikotin mit den von Ihnen gew\u00e4hlten <a href=\"https:\/\/vapotheque.ch\/de\/kategorie\/diy-de\/boosters-diy-de\/\"><strong>Nikotinboostern<\/strong><\/a> hinzuzuf\u00fcgen.<\/p>\n<p>Auf diese Weise stellen Sie Ihre kleine Mischung nur in der 30-ml-Messflasche her und behalten den Rest der 60-ml-Flasche f\u00fcr die sp\u00e4tere Verwendung. Um Ihnen bei der Anzahl der ben\u00f6tigten <a href=\"https:\/\/vapotheque.ch\/de\/kategorie\/diy-de\/boosters-diy-de\/\"><strong>Nikotinbooster<\/strong><\/a> zu helfen, finden Sie im Folgenden einige Beispiele: <\/p>\n<ul>\n<li>F\u00fcr 3 mg \/ ml Nikotin m\u00fcssen Sie 1x bestellen. <a href=\"https:\/\/vapotheque.ch\/de\/kategorie\/diy-de\/boosters-diy-de\/\"><strong>Nikotinbooster<\/strong><\/a>. Sie f\u00fcllen Ihren Booster in die mitgelieferte 30 ml Mix-Flasche bis zur angegebenen Graduierung und f\u00fcllen dann die gleiche Flasche mit der 60 ml Flasche La Petite Limo auf. Sie haben noch die H\u00e4lfte des Boosters und die Fl\u00fcssigkeit in der 60 ml-Flasche, die Sie verwenden k\u00f6nnen, wenn die Mix-Flasche leer ist.  <\/li>\n<li>F\u00fcr 6 mg \/ ml Nikotin m\u00fcssen Sie 1x bestellen. <a href=\"https:\/\/vapotheque.ch\/de\/kategorie\/diy-de\/boosters-diy-de\/\"><strong>Nikotinbooster<\/strong><\/a>. Sie f\u00fcllen Ihren Booster in die mitgelieferte 30 ml Mix-Flasche bis zur angegebenen Graduierung und f\u00fcllen dann die gleiche Flasche mit der 60 ml Flasche La Petite Limo auf. Sie haben Ihren Booster aufgebraucht, aber Sie haben noch etwas Fl\u00fcssigkeit in der 60 ml Flasche, die Sie verwenden k\u00f6nnen, wenn die Mix-Flasche leer ist.  <\/li>\n<li>F\u00fcr 9 mg \/ ml m\u00fcssen Sie 2x bestellen. <a href=\"https:\/\/vapotheque.ch\/de\/kategorie\/diy-de\/boosters-diy-de\/\"><strong>Nikotinbooster<\/strong><\/a>. Sie f\u00fcllen Ihren Booster in die mitgelieferte 30-ml-Mix-Flasche bis zur angegebenen Graduierung und f\u00fcllen dann dieselbe Flasche mit der 60-ml-Flasche von La Petite Limo auf. Sie haben noch die H\u00e4lfte des Boosters und die Fl\u00fcssigkeit in der 60 ml Flasche, die Sie verwenden k\u00f6nnen, wenn die Mix-Flasche leer ist.  <\/li>\n<\/ul>\n<p><img data-recalc-dims=\"1\" decoding=\"async\" class=\"size-full wp-image-34855\" src=\"https:\/\/i0.wp.com\/vapotheque.ch\/wp-content\/uploads\/2024\/04\/Fiole-Petit-Nuage.webp?resize=500%2C488&#038;ssl=1\" alt=\"Das zweisprachige Etikett des Petit Nuage - Fullmoon Party E-Liquids enth\u00e4lt Anweisungen zum Mischen von Nikotin und eine Messtabelle in mg\/ml bis zu 30 ml, die in Franz\u00f6sisch und Englisch zur Verf\u00fcgung gestellt wird.\" width=\"500\" height=\"488\"><\/p>\n<p>&nbsp;<\/p>\n<p>PG\/VG-Verh\u00e4ltnis: <strong>50\/50.<\/strong><\/p>\n<p>Hergestellt in Frankreich.<\/p>\n<p>Erh\u00e4ltlich in einer Flasche mit <strong>60 ml<\/strong> Inhalt. Eine zus\u00e4tzliche leere Flasche von <strong>30 ml<\/strong> wird mit der Petite Limo Liquid geliefert. <\/p>\n<p>Entdecken Sie die anderen Produkte der <a href=\"https:\/\/vapotheque.ch\/de\/marque\/petit-nuage-de\/\" target=\"_blank\" rel=\"noopener\">Marke Petit Nuage.<\/a><\/p>\n<p>Erhalten Sie Rabatte oder die neuesten Informationen zu unseren Produkten, indem Sie uns in unseren sozialen Netzwerken folgen: <a href=\"https:\/\/www.facebook.com\/VapeAigleCH\" target=\"_blank\" rel=\"noopener\">Facebook<\/a> oder <a href=\"https:\/\/www.instagram.com\/vapotheque_aigle\/\" target=\"_blank\" rel=\"noopener\">Instagram<\/a>.<\/p>\n","protected":false},"excerpt":{"rendered":"<p><strong>Wie Sie die Booster richtig zu Ihrem Produkt hinzuf\u00fcgen, erfahren Sie in der nachfolgenden Beschreibung.<\/strong><\/p>\n","protected":false},"featured_media":34924,"template":"","meta":{"_acf_changed":false},"product_cat":[405,404,408,1692,1679],"product_tag":[],"class_list":{"0":"post-17371","1":"product","2":"type-product","3":"status-publish","4":"has-post-thumbnail","6":"product_brand-petit-nuage-de","7":"product_cat-e-liquids","8":"product_cat-fruchtig","9":"product_cat-lieferbar-innerhalb-von-24-stunden-de","10":"product_cat-60-ml-30-ml-fur-mix","11":"product_cat-menge-e-flussigkeit-kapazitat-flasche","13":"first","14":"instock","15":"taxable","16":"shipping-taxable","17":"purchasable","18":"product-type-simple"},"acf":[],"jetpack_sharing_enabled":true,"_links":{"self":[{"href":"https:\/\/vapotheque.ch\/de\/wp-json\/wp\/v2\/product\/17371","targetHints":{"allow":["GET"]}}],"collection":[{"href":"https:\/\/vapotheque.ch\/de\/wp-json\/wp\/v2\/product"}],"about":[{"href":"https:\/\/vapotheque.ch\/de\/wp-json\/wp\/v2\/types\/product"}],"wp:featuredmedia":[{"embeddable":true,"href":"https:\/\/vapotheque.ch\/de\/wp-json\/wp\/v2\/media\/34924"}],"wp:attachment":[{"href":"https:\/\/vapotheque.ch\/de\/wp-json\/wp\/v2\/media?parent=17371"}],"wp:term":[{"taxonomy":"product_cat","embeddable":true,"href":"https:\/\/vapotheque.ch\/de\/wp-json\/wp\/v2\/product_cat?post=17371"},{"taxonomy":"product_tag","embeddable":true,"href":"https:\/\/vapotheque.ch\/de\/wp-json\/wp\/v2\/product_tag?post=17371"}],"curies":[{"name":"wp","href":"https:\/\/api.w.org\/{rel}","templated":true}]}}