{"id":17370,"date":"2020-03-26T23:12:10","date_gmt":"2020-03-26T22:12:10","guid":{"rendered":"https:\/\/vapotheque.ch\/boutique\/ben-northon-buffalo-e-liquide\/"},"modified":"2025-11-05T16:42:22","modified_gmt":"2025-11-05T15:42:22","slug":"ben-northon-buffalo-e-liquid","status":"publish","type":"product","link":"https:\/\/vapotheque.ch\/de\/shop\/ben-northon-buffalo-e-liquid\/","title":{"rendered":"Ben Northon &#8211; Buffalo 50 ml \/ 60 ml E-Liquid"},"content":{"rendered":"<h2>Ben Northon ist eine franz\u00f6sische Marke f\u00fcr E-Liquids mit Tabakgeschmack. Lassen Sie sich von Buffalo verf\u00fchren!<\/h2>\n<p>Das Buffalo E-Liquid von Ben Northon ist schlagkr\u00e4ftig!<\/p>\n<p>Der Buffalo ist wie diese Naturgewalt, ein <strong>heller Tabak<\/strong> mit einer <strong>R\u00f6stnote<\/strong>, ideal, um einen langen Tag zu beginnen.<\/p>\n<p>&nbsp;<\/p>\n<p>Wichtig:<\/p>\n<p>PG\/VG-Verh\u00e4ltnis: <strong>50\/50.<\/strong><\/p>\n<p>Hergestellt in Frankreich.<\/p>\n<p>Wird in einer <strong>60-ml-Flasche<\/strong> verkauft.<\/p>\n<p>Entdecken Sie weitere Produkte der Marke <a href=\"\/product_brand\/ben-northon\/\" target=\"_blank\" rel=\"noopener\">Ben Northon<\/a>.<\/p>\n<p>Erhalten Sie Rabatte oder die neuesten Informationen zu unseren Produkten, indem Sie uns in unseren sozialen Netzwerken folgen: <a href=\"https:\/\/www.facebook.com\/VapeAigleCH\" target=\"_blank\" rel=\"noopener\">Facebook<\/a> oder <a href=\"https:\/\/www.instagram.com\/vapotheque_aigle\/\" target=\"_blank\" rel=\"noopener\">Instagram<\/a>.<\/p>\n","protected":false},"excerpt":{"rendered":"<p>Ben Northon ist eine franz\u00f6sische Marke f\u00fcr E-Liquids mit Tabakgeschmack. Lassen Sie sich von Buffalo verf\u00fchren! Das Buffalo E-Liquid von Ben Northon ist schlagkr\u00e4ftig! Der Buffalo ist wie diese Naturgewalt, ein heller Tabak mit einer R\u00f6stnote, ideal, um einen langen Tag zu beginnen. &nbsp; Wichtig: PG\/VG-Verh\u00e4ltnis: 50\/50. Hergestellt in Frankreich. Wird in einer 60-ml-Flasche verkauft. [&hellip;]<\/p>\n","protected":false},"featured_media":17022,"template":"","meta":{"_acf_changed":false},"product_cat":[405,408,403,1685,1679,277],"product_tag":[],"class_list":{"0":"post-17370","1":"product","2":"type-product","3":"status-publish","4":"has-post-thumbnail","6":"product_brand-ben-northon-de","7":"product_cat-e-liquids","8":"product_cat-lieferbar-innerhalb-von-24-stunden-de","9":"product_cat-tabak","10":"product_cat-50-ml-fur-60-ml","11":"product_cat-menge-e-flussigkeit-kapazitat-flasche","12":"product_cat-promos-eliquides-vape","14":"first","15":"instock","16":"taxable","17":"shipping-taxable","18":"purchasable","19":"product-type-simple"},"acf":[],"jetpack_sharing_enabled":true,"_links":{"self":[{"href":"https:\/\/vapotheque.ch\/de\/wp-json\/wp\/v2\/product\/17370","targetHints":{"allow":["GET"]}}],"collection":[{"href":"https:\/\/vapotheque.ch\/de\/wp-json\/wp\/v2\/product"}],"about":[{"href":"https:\/\/vapotheque.ch\/de\/wp-json\/wp\/v2\/types\/product"}],"wp:featuredmedia":[{"embeddable":true,"href":"https:\/\/vapotheque.ch\/de\/wp-json\/wp\/v2\/media\/17022"}],"wp:attachment":[{"href":"https:\/\/vapotheque.ch\/de\/wp-json\/wp\/v2\/media?parent=17370"}],"wp:term":[{"taxonomy":"product_cat","embeddable":true,"href":"https:\/\/vapotheque.ch\/de\/wp-json\/wp\/v2\/product_cat?post=17370"},{"taxonomy":"product_tag","embeddable":true,"href":"https:\/\/vapotheque.ch\/de\/wp-json\/wp\/v2\/product_tag?post=17370"}],"curies":[{"name":"wp","href":"https:\/\/api.w.org\/{rel}","templated":true}]}}