{"id":17366,"date":"2020-05-06T13:38:00","date_gmt":"2020-05-06T11:38:00","guid":{"rendered":"https:\/\/vapotheque.ch\/boutique\/dicodes-dani-mini-80w\/"},"modified":"2024-06-27T11:25:44","modified_gmt":"2024-06-27T09:25:44","slug":"dicodes-dani-mini-80w-2","status":"publish","type":"product","link":"https:\/\/vapotheque.ch\/de\/shop\/dicodes-dani-mini-80w-2\/","title":{"rendered":"Dicodes &#8211; Dani Mini 80W"},"content":{"rendered":"<p>Eine elektronische Box, die mit einem <strong>einfachen 18650-Akku <\/strong>(nicht im Lieferumfang enthalten) eine <strong>Leistung von 80 Watt<\/strong> entwickeln kann.<\/p>\n<p>Diese elegante und schlichte Box der Spitzenklasse enth\u00e4lt den Dicodes-Chipsatz, der Ihnen <strong>4 Dampfmodi<\/strong> sowie alle notwendigen Sicherheitsvorkehrungen f\u00fcr ein qualitativ hochwertiges Dampfen bietet.<\/p>\n<p>Extrem kompakt, 77 mm hoch und 41 mm breit, zeigt sich der Dani Mini<strong> sehr ergonomisch und leicht<\/strong>. An seinem federgelagerten 510er Pin k\u00f6nnen Sie <strong>Zerst\u00e4uber bis zu einer Gr\u00f6\u00dfe von 24 mm<\/strong> befestigen. Da dieser aus Berylliumkupfer besteht, bietet er Ihnen eine <strong>hervorragende Leitf\u00e4higkeit<\/strong> und ist gleichzeitig anpassbar.<\/p>\n<p>Ein <strong>sehr heller OLED-Bildschirm<\/strong> ist verf\u00fcgbar, um sie \u00fcber ein <strong>intuitives Men\u00fc<\/strong> zu konfigurieren, und er wird Ihnen alle Informationen \u00fcber Ihr Dampfen anzeigen.<\/p>\n<p>Sie werden es verstehen, es ist ein Muss, wenn es um elektronische Boxen geht.<\/p>\n","protected":false},"excerpt":{"rendered":"<p>Eine elektronische Box, die mit einem einfachen 18650-Akku (nicht im Lieferumfang enthalten) eine Leistung von 80 Watt entwickeln kann. Diese elegante und schlichte Box der Spitzenklasse enth\u00e4lt den Dicodes-Chipsatz, der Ihnen 4 Dampfmodi sowie alle notwendigen Sicherheitsvorkehrungen f\u00fcr ein qualitativ hochwertiges Dampfen bietet. Extrem kompakt, 77 mm hoch und 41 mm breit, zeigt sich der [&hellip;]<\/p>\n","protected":false},"featured_media":15216,"template":"","meta":{"_acf_changed":false},"product_cat":[432,408],"product_tag":[],"class_list":{"0":"post-17366","1":"product","2":"type-product","3":"status-publish","4":"has-post-thumbnail","6":"product_brand-dicodes-de","7":"product_cat-high-end","8":"product_cat-lieferbar-innerhalb-von-24-stunden-de","10":"first","11":"instock","12":"taxable","13":"shipping-taxable","14":"purchasable","15":"product-type-variable"},"acf":[],"jetpack_sharing_enabled":true,"_links":{"self":[{"href":"https:\/\/vapotheque.ch\/de\/wp-json\/wp\/v2\/product\/17366","targetHints":{"allow":["GET"]}}],"collection":[{"href":"https:\/\/vapotheque.ch\/de\/wp-json\/wp\/v2\/product"}],"about":[{"href":"https:\/\/vapotheque.ch\/de\/wp-json\/wp\/v2\/types\/product"}],"wp:featuredmedia":[{"embeddable":true,"href":"https:\/\/vapotheque.ch\/de\/wp-json\/wp\/v2\/media\/15216"}],"wp:attachment":[{"href":"https:\/\/vapotheque.ch\/de\/wp-json\/wp\/v2\/media?parent=17366"}],"wp:term":[{"taxonomy":"product_cat","embeddable":true,"href":"https:\/\/vapotheque.ch\/de\/wp-json\/wp\/v2\/product_cat?post=17366"},{"taxonomy":"product_tag","embeddable":true,"href":"https:\/\/vapotheque.ch\/de\/wp-json\/wp\/v2\/product_tag?post=17366"}],"curies":[{"name":"wp","href":"https:\/\/api.w.org\/{rel}","templated":true}]}}