{"id":17364,"date":"2020-03-26T21:34:43","date_gmt":"2020-03-26T20:34:43","guid":{"rendered":"https:\/\/vapotheque.ch\/boutique\/elikuid-red-fusion-100ml-e-liquid\/"},"modified":"2025-11-05T16:45:20","modified_gmt":"2025-11-05T15:45:20","slug":"elikuid-red-fusion-100ml-e-liquid","status":"publish","type":"product","link":"https:\/\/vapotheque.ch\/de\/shop\/elikuid-red-fusion-100ml-e-liquid\/","title":{"rendered":"Elikuid &#8211; Red Fusion 100 ml \/ 120 ml E-Liquid"},"content":{"rendered":"<h2 style=\"font-family: Saira,sans-serif;font-weight: bold;line-height: 1.3;font-size: 37px;margin-top: 12.5px;margin-bottom: 12.5px\">O&#8217;Jlab hat an mehreren Rezepten gearbeitet, um seine Elikuid-Reihe zu kreieren, darunter die Red Fusion!<\/h2>\n<p>Das Red Fusion 100 ml E-Liquid aus der Elikuid-Reihe von O&#8217;Jlab bietet Ihnen einen runden und s\u00fc\u00dfen Dampf.<\/p>\n<p>Die perfekte Kombination aus einer s\u00e4uerlichen <strong>Erdbeere<\/strong>, einer saftigen <strong>Melone<\/strong> und einer s\u00fc\u00dfen <strong>Wassermelone<\/strong>. Was sonst, werden Sie sagen?  <strong>Frisches<\/strong>, um alles zu kombinieren!<\/p>\n<p>Das Red Fusion E-Liquid aus der Elikuid-Reihe ist ein sehr fruchtiger Saft, und das 100-ml-Format hat etwas zu bieten! Wir dampfen ohne M\u00e4\u00dfigung&#8230;<\/p>\n<\/p>\n<p>Wichtig:<\/p>\n<p>PG\/VG-Verh\u00e4ltnis: <strong>50\/50.<\/strong><\/p>\n<p>Hergestellt in Belgien.<\/p>\n<p>Konzentriertes Aroma 100 ml, verkauft in einer <strong>120 ml<\/strong> Flasche.<\/p>\n<p>Entdecken Sie die anderen Produkte der <a href=\"..\/..\/product_brand\/elikuid\/\" target=\"_blank\" rel=\"noopener\">Elikuid-Reihe.<\/a><\/p>\n<p>Erhalten Sie Rabatte oder die neuesten Informationen zu unseren Produkten, indem Sie uns in unseren sozialen Netzwerken folgen: <a href=\"https:\/\/www.facebook.com\/VapeAigleCH\" target=\"_blank\" rel=\"noopener\">Facebook<\/a> oder <a href=\"https:\/\/www.instagram.com\/vapotheque_aigle\/\" target=\"_blank\" rel=\"noopener\">Instagram<\/a>.<\/p>\n","protected":false},"excerpt":{"rendered":"<p>O&#8217;Jlab hat an mehreren Rezepten gearbeitet, um seine Elikuid-Reihe zu kreieren, darunter die Red Fusion! Das Red Fusion 100 ml E-Liquid aus der Elikuid-Reihe von O&#8217;Jlab bietet Ihnen einen runden und s\u00fc\u00dfen Dampf. Die perfekte Kombination aus einer s\u00e4uerlichen Erdbeere, einer saftigen Melone und einer s\u00fc\u00dfen Wassermelone. Was sonst, werden Sie sagen? Frisches, um alles [&hellip;]<\/p>\n","protected":false},"featured_media":17034,"template":"","meta":{"_acf_changed":false},"product_cat":[405,404,408,1690,1679],"product_tag":[],"class_list":{"0":"post-17364","1":"product","2":"type-product","3":"status-publish","4":"has-post-thumbnail","6":"product_brand-elikuid-de","7":"product_cat-e-liquids","8":"product_cat-fruchtig","9":"product_cat-lieferbar-innerhalb-von-24-stunden-de","10":"product_cat-100-ml-fur-120-ml","11":"product_cat-menge-e-flussigkeit-kapazitat-flasche","13":"first","14":"instock","15":"taxable","16":"shipping-taxable","17":"purchasable","18":"product-type-simple"},"acf":[],"jetpack_sharing_enabled":true,"_links":{"self":[{"href":"https:\/\/vapotheque.ch\/de\/wp-json\/wp\/v2\/product\/17364","targetHints":{"allow":["GET"]}}],"collection":[{"href":"https:\/\/vapotheque.ch\/de\/wp-json\/wp\/v2\/product"}],"about":[{"href":"https:\/\/vapotheque.ch\/de\/wp-json\/wp\/v2\/types\/product"}],"wp:featuredmedia":[{"embeddable":true,"href":"https:\/\/vapotheque.ch\/de\/wp-json\/wp\/v2\/media\/17034"}],"wp:attachment":[{"href":"https:\/\/vapotheque.ch\/de\/wp-json\/wp\/v2\/media?parent=17364"}],"wp:term":[{"taxonomy":"product_cat","embeddable":true,"href":"https:\/\/vapotheque.ch\/de\/wp-json\/wp\/v2\/product_cat?post=17364"},{"taxonomy":"product_tag","embeddable":true,"href":"https:\/\/vapotheque.ch\/de\/wp-json\/wp\/v2\/product_tag?post=17364"}],"curies":[{"name":"wp","href":"https:\/\/api.w.org\/{rel}","templated":true}]}}