{"id":17361,"date":"2020-03-26T23:33:30","date_gmt":"2020-03-26T22:33:30","guid":{"rendered":"https:\/\/vapotheque.ch\/boutique\/ben-northon-black-horse-e-liquide\/"},"modified":"2025-11-06T11:46:14","modified_gmt":"2025-11-06T10:46:14","slug":"ben-northon-black-horse-e-liquid","status":"publish","type":"product","link":"https:\/\/vapotheque.ch\/de\/shop\/ben-northon-black-horse-e-liquid\/","title":{"rendered":"Ben Northon &#8211; Black Horse 50 ml \/ 60 ml E-Liquid"},"content":{"rendered":"<h2>Ben Northon ist eine franz\u00f6sische Marke f\u00fcr E-Liquids mit Tabakgeschmack. Lassen Sie sich von Black Horse verf\u00fchren!<\/h2>\n<p>Der Black Horse E-Liquide von Ben Northon ist schlagkr\u00e4ftig!<\/p>\n<p>Entdecken Sie eine subtile Mischung aus <strong>hellen Tabaken<\/strong>, die so kr\u00e4ftig sind wie ein galoppierendes Pferd! Ben Northon hat sich alles \u00fcberlegt, bis hin zum Namen des Saftes, um v\u00f6llige Transparenz zu gew\u00e4hrleisten!<\/p>\n<p>Der erste Zug dieses kr\u00e4ftigen ger\u00f6steten Tabaks vermittelt das Gef\u00fchl von <strong>in der Sonne getrockneten Bl\u00e4ttern<\/strong>. Nach diesem klaren und typischen Auftakt bleibt die L\u00e4nge <strong>warm<\/strong> und <strong>holzig<\/strong>, der Abgang au\u00dfergew\u00f6hnlich. Die F\u00fclle und Lebendigkeit der Aromen im Rachen machen ihn zu einem Tabak der Extraklasse.<\/p>\n<p>&nbsp;<\/p>\n<p>Wichtig:<\/p>\n<p>PG\/VG-Verh\u00e4ltnis: <strong>50\/50.<\/strong><\/p>\n<p>Hergestellt in Frankreich.<\/p>\n<p>Wird in einer <strong>60-ml-Flasche<\/strong> verkauft.<\/p>\n<p>Entdecken Sie weitere Produkte der Marke <a href=\"\/product_brand\/ben-northon\/\" target=\"_blank\" rel=\"noopener\">Ben Northon<\/a>.<\/p>\n<p>Erhalten Sie Rabatte oder die neuesten Informationen zu unseren Produkten, indem Sie uns in unseren sozialen Netzwerken folgen: <a href=\"https:\/\/www.facebook.com\/VapeAigleCH\" target=\"_blank\" rel=\"noopener\">Facebook<\/a> oder <a href=\"https:\/\/www.instagram.com\/vapotheque_aigle\/\" target=\"_blank\" rel=\"noopener\">Instagram<\/a>.<\/p>\n","protected":false},"excerpt":{"rendered":"<p>Ben Northon ist eine franz\u00f6sische Marke f\u00fcr E-Liquids mit Tabakgeschmack. Lassen Sie sich von Black Horse verf\u00fchren! Der Black Horse E-Liquide von Ben Northon ist schlagkr\u00e4ftig! Entdecken Sie eine subtile Mischung aus hellen Tabaken, die so kr\u00e4ftig sind wie ein galoppierendes Pferd! Ben Northon hat sich alles \u00fcberlegt, bis hin zum Namen des Saftes, um [&hellip;]<\/p>\n","protected":false},"featured_media":45381,"template":"","meta":{"_acf_changed":false},"product_cat":[405,408,423,403,1685,1679,277],"product_tag":[],"class_list":{"0":"post-17361","1":"product","2":"type-product","3":"status-publish","4":"has-post-thumbnail","6":"product_brand-ben-northon-de","7":"product_cat-e-liquids","8":"product_cat-lieferbar-innerhalb-von-24-stunden-de","9":"product_cat-promos","10":"product_cat-tabak","11":"product_cat-50-ml-fur-60-ml","12":"product_cat-menge-e-flussigkeit-kapazitat-flasche","13":"product_cat-promos-eliquides-vape","15":"first","16":"instock","17":"taxable","18":"shipping-taxable","19":"purchasable","20":"product-type-simple"},"acf":[],"jetpack_sharing_enabled":true,"_links":{"self":[{"href":"https:\/\/vapotheque.ch\/de\/wp-json\/wp\/v2\/product\/17361","targetHints":{"allow":["GET"]}}],"collection":[{"href":"https:\/\/vapotheque.ch\/de\/wp-json\/wp\/v2\/product"}],"about":[{"href":"https:\/\/vapotheque.ch\/de\/wp-json\/wp\/v2\/types\/product"}],"wp:featuredmedia":[{"embeddable":true,"href":"https:\/\/vapotheque.ch\/de\/wp-json\/wp\/v2\/media\/45381"}],"wp:attachment":[{"href":"https:\/\/vapotheque.ch\/de\/wp-json\/wp\/v2\/media?parent=17361"}],"wp:term":[{"taxonomy":"product_cat","embeddable":true,"href":"https:\/\/vapotheque.ch\/de\/wp-json\/wp\/v2\/product_cat?post=17361"},{"taxonomy":"product_tag","embeddable":true,"href":"https:\/\/vapotheque.ch\/de\/wp-json\/wp\/v2\/product_tag?post=17361"}],"curies":[{"name":"wp","href":"https:\/\/api.w.org\/{rel}","templated":true}]}}