{"id":17358,"date":"2020-03-31T17:52:13","date_gmt":"2020-03-31T15:52:13","guid":{"rendered":"https:\/\/vapotheque.ch\/boutique\/coil-master-keramikklemme\/"},"modified":"2024-07-01T10:47:45","modified_gmt":"2024-07-01T08:47:45","slug":"coil-master-ceramic-pinzette","status":"publish","type":"product","link":"https:\/\/vapotheque.ch\/de\/shop\/coil-master-ceramic-pinzette\/","title":{"rendered":"Coil Master &#8211; Keramikklemme"},"content":{"rendered":"<p><strong>Coil Master-Zange<\/strong> mit<strong> Keramikkopf<\/strong>. Keramik ist ein elektrischer und thermischer Isolator. Mit dieser Zange k\u00f6nnen Sie Ihre Coils \/ Widerst\u00e4nde auch <strong>w\u00e4hrend des Aufheizens<\/strong> festklemmen.<\/p>\n<p>&nbsp;<\/p>\n<p>Entdecken Sie alle unsere verf\u00fcgbaren Tools <a href=\"\/categorie\/accessoires\/accessoires-divers?orderby=date\" target=\"_blank\" rel=\"noopener\">hier<\/a>.<\/p>\n<p>Erhalte Rabatte oder die neuesten Informationen \u00fcber unsere anderen im Gesch\u00e4ft erh\u00e4ltlichen Produkte, indem du uns auf unseren sozialen Netzwerken folgst: <a href=\"https:\/\/www.facebook.com\/VapeAigleCH\" target=\"_blank\" rel=\"noopener\">Facebook<\/a> oder <a href=\"https:\/\/www.instagram.com\/vapotheque\" target=\"_blank\" rel=\"noopener\">Instagram<\/a>.<\/p>\n","protected":false},"excerpt":{"rendered":"<p>Coil Master-Zange mit Keramikkopf. Keramik ist ein elektrischer und thermischer Isolator. Mit dieser Zange k\u00f6nnen Sie Ihre Coils \/ Widerst\u00e4nde auch w\u00e4hrend des Aufheizens festklemmen. &nbsp; Entdecken Sie alle unsere verf\u00fcgbaren Tools hier. Erhalte Rabatte oder die neuesten Informationen \u00fcber unsere anderen im Gesch\u00e4ft erh\u00e4ltlichen Produkte, indem du uns auf unseren sozialen Netzwerken folgst: Facebook [&hellip;]<\/p>\n","protected":false},"featured_media":14998,"template":"","meta":{"_acf_changed":false},"product_cat":[408,422],"product_tag":[],"class_list":{"0":"post-17358","1":"product","2":"type-product","3":"status-publish","4":"has-post-thumbnail","6":"product_cat-lieferbar-innerhalb-von-24-stunden-de","7":"product_cat-verschiedenes-zubehor","9":"first","10":"instock","11":"taxable","12":"shipping-taxable","13":"purchasable","14":"product-type-simple"},"acf":[],"jetpack_sharing_enabled":true,"_links":{"self":[{"href":"https:\/\/vapotheque.ch\/de\/wp-json\/wp\/v2\/product\/17358","targetHints":{"allow":["GET"]}}],"collection":[{"href":"https:\/\/vapotheque.ch\/de\/wp-json\/wp\/v2\/product"}],"about":[{"href":"https:\/\/vapotheque.ch\/de\/wp-json\/wp\/v2\/types\/product"}],"wp:featuredmedia":[{"embeddable":true,"href":"https:\/\/vapotheque.ch\/de\/wp-json\/wp\/v2\/media\/14998"}],"wp:attachment":[{"href":"https:\/\/vapotheque.ch\/de\/wp-json\/wp\/v2\/media?parent=17358"}],"wp:term":[{"taxonomy":"product_cat","embeddable":true,"href":"https:\/\/vapotheque.ch\/de\/wp-json\/wp\/v2\/product_cat?post=17358"},{"taxonomy":"product_tag","embeddable":true,"href":"https:\/\/vapotheque.ch\/de\/wp-json\/wp\/v2\/product_tag?post=17358"}],"curies":[{"name":"wp","href":"https:\/\/api.w.org\/{rel}","templated":true}]}}