{"id":17357,"date":"2020-05-05T16:44:46","date_gmt":"2020-05-05T14:44:46","guid":{"rendered":"https:\/\/vapotheque.ch\/boutique\/accus-21700\/"},"modified":"2025-11-06T14:19:30","modified_gmt":"2025-11-06T13:19:30","slug":"mxjo-accu-21700-4000-mah-20a-2","status":"publish","type":"product","link":"https:\/\/vapotheque.ch\/de\/shop\/mxjo-accu-21700-4000-mah-20a-2\/","title":{"rendered":"Vap Procell \u2013 Akku IMR 21700 4200mAh"},"content":{"rendered":"<p>Je nach Eingang w\u00e4hlen wir die besten verf\u00fcgbaren Akkus 21700 f\u00fcr Sie aus!<\/p>\n<p>Zurzeit empfehlen wir Ihnen die <strong>Akkus 21700 Vap Procell<\/strong>.<\/p>\n<p>Mit einer Kapazit\u00e4t von <b>4200<\/b> <strong>mAh<\/strong> und einem kontinuierlichen Entladestrom von <strong>30 A<\/strong> werden sie Ihre Verb\u00fcndeten sein!<\/p>\n<p>Auch die <strong>Vap Procell 21700<\/strong> sind perfekt! <strong>4200<\/strong> <strong>mAh<\/strong> f\u00fcr <strong>30A<\/strong> Dauerentladung. Das h\u00e4ngt von den Anlieferungen bei unseren Gro\u00dfh\u00e4ndlern ab.<\/p>\n<\/p>\n<p>Hinweis: <strong>Laden Sie Ihre Akkus lieber an einem Ladeger\u00e4t<\/strong> als direkt an Ihrer Box auf. Auf diese Weise sch\u00fctzen Sie die Gesundheit Ihrer Box und die Ihrer Akkus.<\/p>\n<p>Achtung: Achten Sie <strong>auf den Zustand Ihrer Akkus<\/strong>. Wenn der Wrap besch\u00e4digt ist (z. B. gerissen), gehen Sie zum Laden, um ihn auszutauschen, oder kaufen Sie vorsorglich neue Akkus. Wenn der Plus- oder Minuspol eingedr\u00fcckt ist, sollten Sie Ihre Akkus nicht mehr verwenden, sondern sie sicherheitshalber austauschen.<\/p>\n<p><strong>Transportieren Sie Ihre Batterien niemals offen in Ihrer Handtasche und\/oder Hosentasche, sondern verwenden Sie daf\u00fcr vorgesehene Transportboxen.<\/strong><\/p>\n<\/p>\n<p>Entdecken Sie alle unsere Akkus, indem Sie <a href=\"..\/..\/categorie\/accessoires\/accu-et-chargeurs?orderby=date\" target=\"_blank\" rel=\"noopener\">hier<\/a> klicken.<\/p>\n<p>Erhalten Sie Rabatte oder die neuesten Informationen zu unseren anderen Produkten, die im Gesch\u00e4ft erh\u00e4ltlich sind, indem Sie uns in unseren sozialen Netzwerken folgen: <a href=\"https:\/\/www.facebook.com\/VapeAigleCH\" target=\"_blank\" rel=\"noopener\">Facebook<\/a> oder <a href=\"https:\/\/www.instagram.com\/vapotheque_aigle\/\" target=\"_blank\" rel=\"noopener\">Instagram<\/a>.<\/p>\n","protected":false},"excerpt":{"rendered":"<p>Je nach Eingang w\u00e4hlen wir die besten verf\u00fcgbaren Akkus 21700 f\u00fcr Sie aus! Zurzeit empfehlen wir Ihnen die Akkus 21700 Vap Procell. Mit einer Kapazit\u00e4t von 4200 mAh und einem kontinuierlichen Entladestrom von 30 A werden sie Ihre Verb\u00fcndeten sein! Auch die Vap Procell 21700 sind perfekt! 4200 mAh f\u00fcr 30A Dauerentladung. Das h\u00e4ngt von [&hellip;]<\/p>\n","protected":false},"featured_media":20697,"template":"","meta":{"_acf_changed":false},"product_cat":[424,408],"product_tag":[],"class_list":{"0":"post-17357","1":"product","2":"type-product","3":"status-publish","4":"has-post-thumbnail","6":"product_brand-vap-procell-de","7":"product_cat-akkus-und-ladegerate","8":"product_cat-lieferbar-innerhalb-von-24-stunden-de","10":"first","11":"instock","12":"taxable","13":"shipping-taxable","14":"purchasable","15":"product-type-simple"},"acf":[],"jetpack_sharing_enabled":true,"_links":{"self":[{"href":"https:\/\/vapotheque.ch\/de\/wp-json\/wp\/v2\/product\/17357","targetHints":{"allow":["GET"]}}],"collection":[{"href":"https:\/\/vapotheque.ch\/de\/wp-json\/wp\/v2\/product"}],"about":[{"href":"https:\/\/vapotheque.ch\/de\/wp-json\/wp\/v2\/types\/product"}],"wp:featuredmedia":[{"embeddable":true,"href":"https:\/\/vapotheque.ch\/de\/wp-json\/wp\/v2\/media\/20697"}],"wp:attachment":[{"href":"https:\/\/vapotheque.ch\/de\/wp-json\/wp\/v2\/media?parent=17357"}],"wp:term":[{"taxonomy":"product_cat","embeddable":true,"href":"https:\/\/vapotheque.ch\/de\/wp-json\/wp\/v2\/product_cat?post=17357"},{"taxonomy":"product_tag","embeddable":true,"href":"https:\/\/vapotheque.ch\/de\/wp-json\/wp\/v2\/product_tag?post=17357"}],"curies":[{"name":"wp","href":"https:\/\/api.w.org\/{rel}","templated":true}]}}