{"id":17354,"date":"2020-03-26T23:16:11","date_gmt":"2020-03-26T22:16:11","guid":{"rendered":"https:\/\/vapotheque.ch\/boutique\/ben-northon-road-five-e-liquide\/"},"modified":"2025-11-06T11:29:29","modified_gmt":"2025-11-06T10:29:29","slug":"ben-northon-road-five-e-liquid","status":"publish","type":"product","link":"https:\/\/vapotheque.ch\/de\/shop\/ben-northon-road-five-e-liquid\/","title":{"rendered":"Ben Northon &#8211; Road Five 50 ml \/ 60 ml E-Liquid"},"content":{"rendered":"<h2 style=\"font-family: Saira,sans-serif;font-weight: bold;line-height: 1.3;font-size: 37px;margin-top: 12.5px;margin-bottom: 12.5px\">Ben Northon ist eine franz\u00f6sische Marke f\u00fcr E-Liquids mit Tabakgeschmack. Lassen Sie sich von Road Five verf\u00fchren!<\/h2>\n<p>Der E-Liquide Road Five von Ben Northon ist schlagkr\u00e4ftig!<\/p>\n<p>Liebhaber des klassischen blonden Amerikaners? Das Ben Northon Road Five Liquid ist ideal, um Ihre Gel\u00fcste zu befriedigen!<\/p>\n<p>Dieses Liquid ist ein authentisches Rezept f\u00fcr trockenen <strong>hellen<\/strong> <strong>Tabak<\/strong> mit subtilen <strong>blumigen<\/strong> und leicht <strong>erdigen<\/strong> <strong>Noten<\/strong> am Ende. Ideal f\u00fcr alle, die klassische Vapen lieben.<\/p>\n<p>In einem perfekten aromatischen Gleichgewicht ist seine Kopfnote kupferfarben und kr\u00e4ftig, seine F\u00fclle die eines charaktervollen Tabaks und seine L\u00e4nge lebhaft. Ebenso angenehm wie originell.<\/p>\n<p>&nbsp;<\/p>\n<p>Wichtig:<\/p>\n<p>PG\/VG-Verh\u00e4ltnis: <strong>50\/50.<\/strong><\/p>\n<p>Hergestellt in Frankreich.<\/p>\n<p>Wird in einer <strong>60-ml-Flasche<\/strong> verkauft.<\/p>\n<p>Entdecken Sie weitere Produkte der Marke <a href=\"\/product_brand\/ben-northon\/\" target=\"_blank\" rel=\"noopener\">Ben Northon<\/a>.<\/p>\n<p>Erhalten Sie Rabatte oder die neuesten Informationen zu unseren Produkten, indem Sie uns in unseren sozialen Netzwerken folgen: <a href=\"https:\/\/www.facebook.com\/VapeAigleCH\" target=\"_blank\" rel=\"noopener\">Facebook<\/a> oder <a href=\"https:\/\/www.instagram.com\/vapotheque_aigle\/\" target=\"_blank\" rel=\"noopener\">Instagram<\/a>.<\/p>\n","protected":false},"excerpt":{"rendered":"<p>Ben Northon ist eine franz\u00f6sische Marke f\u00fcr E-Liquids mit Tabakgeschmack. Lassen Sie sich von Road Five verf\u00fchren! Der E-Liquide Road Five von Ben Northon ist schlagkr\u00e4ftig! Liebhaber des klassischen blonden Amerikaners? Das Ben Northon Road Five Liquid ist ideal, um Ihre Gel\u00fcste zu befriedigen! Dieses Liquid ist ein authentisches Rezept f\u00fcr trockenen hellen Tabak mit [&hellip;]<\/p>\n","protected":false},"featured_media":15762,"template":"","meta":{"_acf_changed":false},"product_cat":[405,408,403,1685,1679,277],"product_tag":[],"class_list":{"0":"post-17354","1":"product","2":"type-product","3":"status-publish","4":"has-post-thumbnail","6":"product_brand-ben-northon-de","7":"product_cat-e-liquids","8":"product_cat-lieferbar-innerhalb-von-24-stunden-de","9":"product_cat-tabak","10":"product_cat-50-ml-fur-60-ml","11":"product_cat-menge-e-flussigkeit-kapazitat-flasche","12":"product_cat-promos-eliquides-vape","14":"first","15":"instock","16":"taxable","17":"shipping-taxable","18":"purchasable","19":"product-type-simple"},"acf":[],"jetpack_sharing_enabled":true,"_links":{"self":[{"href":"https:\/\/vapotheque.ch\/de\/wp-json\/wp\/v2\/product\/17354","targetHints":{"allow":["GET"]}}],"collection":[{"href":"https:\/\/vapotheque.ch\/de\/wp-json\/wp\/v2\/product"}],"about":[{"href":"https:\/\/vapotheque.ch\/de\/wp-json\/wp\/v2\/types\/product"}],"wp:featuredmedia":[{"embeddable":true,"href":"https:\/\/vapotheque.ch\/de\/wp-json\/wp\/v2\/media\/15762"}],"wp:attachment":[{"href":"https:\/\/vapotheque.ch\/de\/wp-json\/wp\/v2\/media?parent=17354"}],"wp:term":[{"taxonomy":"product_cat","embeddable":true,"href":"https:\/\/vapotheque.ch\/de\/wp-json\/wp\/v2\/product_cat?post=17354"},{"taxonomy":"product_tag","embeddable":true,"href":"https:\/\/vapotheque.ch\/de\/wp-json\/wp\/v2\/product_tag?post=17354"}],"curies":[{"name":"wp","href":"https:\/\/api.w.org\/{rel}","templated":true}]}}