{"id":17344,"date":"2020-03-27T01:02:25","date_gmt":"2020-03-27T00:02:25","guid":{"rendered":"https:\/\/vapotheque.ch\/boutique\/vape-47-hoelle-e-liquid\/"},"modified":"2025-11-06T11:58:08","modified_gmt":"2025-11-06T10:58:08","slug":"vape-47-enfer-e-liquide","status":"publish","type":"product","link":"https:\/\/vapotheque.ch\/de\/shop\/vape-47-enfer-e-liquide\/","title":{"rendered":"Vape 47 &#8211; Enfer E-Liquid 50 ml \/ 70 ml"},"content":{"rendered":"<h1>Der E-Liquid Enfer von Vape 47 st\u00fcrzt die Temperaturen unter den Gefrierpunkt!<\/h1>\n<p>Sie wollen ein E-Liquid, das Ihnen das Gehirn vereist, dann suchen Sie nicht weiter, die H\u00f6lle von Vape 47 ist da!<\/p>\n<p>L&#8217;Enfer ist von <strong>intensiver Frische <\/strong>, die sich unter <strong>einigen Spitzen von roten Fr\u00fcchten<\/strong> offenbart. Man sagt, es sei die k\u00fchlste e-Liquid der Welt!<\/p>\n<\/p>\n<p>Hergestellt in Frankreich.<\/p>\n<p>PG\/VG-Anteil: 30% \/ 70%. E-Liquid mit Aroma 50 ml in einem 70 ml Fl\u00e4schchen. <\/p>\n<p>Sehen Sie sich alle Produkte der Marke <a href=\"..\/..\/product_brand\/vape-47\/\" target=\"_blank\" rel=\"noopener\">Vape 47<\/a> an<\/p>\n<p>Erhalten Sie Rabatte oder die neuesten Informationen zu unseren Produkten, indem Sie uns in unseren sozialen Netzwerken folgen: <a href=\"https:\/\/www.facebook.com\/VapeAigleCH\" target=\"_blank\" rel=\"noopener\">Facebook<\/a> oder <a href=\"https:\/\/www.instagram.com\/vapotheque\" target=\"_blank\" rel=\"noopener\">Instagram<\/a>.<\/p>\n","protected":false},"excerpt":{"rendered":"<p>Der E-Liquid Enfer von Vape 47 st\u00fcrzt die Temperaturen unter den Gefrierpunkt! Sie wollen ein E-Liquid, das Ihnen das Gehirn vereist, dann suchen Sie nicht weiter, die H\u00f6lle von Vape 47 ist da! L&#8217;Enfer ist von intensiver Frische , die sich unter einigen Spitzen von roten Fr\u00fcchten offenbart. Man sagt, es sei die k\u00fchlste e-Liquid [&hellip;]<\/p>\n","protected":false},"featured_media":14970,"template":"","meta":{"_acf_changed":false},"product_cat":[405,408,401,1685,1679],"product_tag":[],"class_list":{"0":"post-17344","1":"product","2":"type-product","3":"status-publish","4":"has-post-thumbnail","6":"product_brand-vape-47-de","7":"product_cat-e-liquids","8":"product_cat-lieferbar-innerhalb-von-24-stunden-de","9":"product_cat-minze","10":"product_cat-50-ml-fur-60-ml","11":"product_cat-menge-e-flussigkeit-kapazitat-flasche","13":"first","14":"instock","15":"taxable","16":"shipping-taxable","17":"purchasable","18":"product-type-simple"},"acf":[],"jetpack_sharing_enabled":true,"_links":{"self":[{"href":"https:\/\/vapotheque.ch\/de\/wp-json\/wp\/v2\/product\/17344","targetHints":{"allow":["GET"]}}],"collection":[{"href":"https:\/\/vapotheque.ch\/de\/wp-json\/wp\/v2\/product"}],"about":[{"href":"https:\/\/vapotheque.ch\/de\/wp-json\/wp\/v2\/types\/product"}],"wp:featuredmedia":[{"embeddable":true,"href":"https:\/\/vapotheque.ch\/de\/wp-json\/wp\/v2\/media\/14970"}],"wp:attachment":[{"href":"https:\/\/vapotheque.ch\/de\/wp-json\/wp\/v2\/media?parent=17344"}],"wp:term":[{"taxonomy":"product_cat","embeddable":true,"href":"https:\/\/vapotheque.ch\/de\/wp-json\/wp\/v2\/product_cat?post=17344"},{"taxonomy":"product_tag","embeddable":true,"href":"https:\/\/vapotheque.ch\/de\/wp-json\/wp\/v2\/product_tag?post=17344"}],"curies":[{"name":"wp","href":"https:\/\/api.w.org\/{rel}","templated":true}]}}