{"id":17338,"date":"2020-03-13T11:55:18","date_gmt":"2020-03-13T10:55:18","guid":{"rendered":"https:\/\/vapotheque.ch\/boutique\/don-cristo-original-e-liquide\/"},"modified":"2025-11-05T16:15:51","modified_gmt":"2025-11-05T15:15:51","slug":"don-cristo-original-e-liquid","status":"publish","type":"product","link":"https:\/\/vapotheque.ch\/de\/shop\/don-cristo-original-e-liquid\/","title":{"rendered":"Don Cristo &#8211; Original 50 ml \/ 60 ml E-Liquid"},"content":{"rendered":"<h2>Don Cristo bringt sein Spitzenrezept heraus, und der kleine Neue hei\u00dft Don Cristo Original E-Liquid!<\/h2>\n<p>Der kanadische Designer PGVG Labs hat eine exquisite Mischung entwickelt, die alle Dampfer, die auf der Suche nach einem starken E-Liquid sind, gl\u00fccklich machen wird: Das Don Cristo Original!<\/p>\n<p>Der Don Cristo Original mit 0% Sucralose geht keine Kompromisse ein und gibt uns die Gelegenheit, einen erhabenen kubanischen Klassiker zu genie\u00dfen. Eine pr\u00e4chtige Fl\u00fcssigkeit mit dem Aroma einer <strong>kubanischen blonden Zigarre<\/strong>, die <strong>90 Tage lang<\/strong> gereift ist, bevor sie zu Ihnen kam. Eine subtile Mischung aus <strong>Kraft<\/strong> und <strong>S\u00fc\u00dfe<\/strong>, in der sich kubanische Zigarren und <strong>Karamellnoten<\/strong> zu einem hochkar\u00e4tigen Dampferlebnis vereinen.<\/p>\n<\/p>\n<p>PG\/VG-Bewertung: 30\/70<\/p>\n<\/p>\n<p>Hergestellt in Kanada.<\/p>\n<p>Entdecken Sie die anderen Produkte der <a href=\"..\/..\/marque\/pg-vg-labs\/\" target=\"_blank\" rel=\"noopener\">Marke PG VG Labs!<\/a><\/p>\n<p>Erhalten Sie Rabatte oder die neuesten Informationen zu unseren Produkten, indem Sie uns in unseren sozialen Netzwerken folgen: <a href=\"https:\/\/www.facebook.com\/VapeAigleCH\" target=\"_blank\" rel=\"noopener\">Facebook<\/a> oder <a href=\"https:\/\/www.instagram.com\/vapotheque_aigle\/\" target=\"_blank\" rel=\"noopener\">Instagram<\/a>.<\/p>\n","protected":false},"excerpt":{"rendered":"<p>Don Cristo bringt sein Spitzenrezept heraus, und der kleine Neue hei\u00dft Don Cristo Original E-Liquid! Der kanadische Designer PGVG Labs hat eine exquisite Mischung entwickelt, die alle Dampfer, die auf der Suche nach einem starken E-Liquid sind, gl\u00fccklich machen wird: Das Don Cristo Original! Der Don Cristo Original mit 0% Sucralose geht keine Kompromisse ein [&hellip;]<\/p>\n","protected":false},"featured_media":47748,"template":"","meta":{"_acf_changed":false},"product_cat":[405,408,403,1685,1679],"product_tag":[],"class_list":{"0":"post-17338","1":"product","2":"type-product","3":"status-publish","4":"has-post-thumbnail","6":"product_brand-don-cristo-de","7":"product_brand-pg-vg-labs-de","8":"product_cat-e-liquids","9":"product_cat-lieferbar-innerhalb-von-24-stunden-de","10":"product_cat-tabak","11":"product_cat-50-ml-fur-60-ml","12":"product_cat-menge-e-flussigkeit-kapazitat-flasche","14":"first","15":"instock","16":"taxable","17":"shipping-taxable","18":"purchasable","19":"product-type-simple"},"acf":[],"jetpack_sharing_enabled":true,"_links":{"self":[{"href":"https:\/\/vapotheque.ch\/de\/wp-json\/wp\/v2\/product\/17338","targetHints":{"allow":["GET"]}}],"collection":[{"href":"https:\/\/vapotheque.ch\/de\/wp-json\/wp\/v2\/product"}],"about":[{"href":"https:\/\/vapotheque.ch\/de\/wp-json\/wp\/v2\/types\/product"}],"wp:featuredmedia":[{"embeddable":true,"href":"https:\/\/vapotheque.ch\/de\/wp-json\/wp\/v2\/media\/47748"}],"wp:attachment":[{"href":"https:\/\/vapotheque.ch\/de\/wp-json\/wp\/v2\/media?parent=17338"}],"wp:term":[{"taxonomy":"product_cat","embeddable":true,"href":"https:\/\/vapotheque.ch\/de\/wp-json\/wp\/v2\/product_cat?post=17338"},{"taxonomy":"product_tag","embeddable":true,"href":"https:\/\/vapotheque.ch\/de\/wp-json\/wp\/v2\/product_tag?post=17338"}],"curies":[{"name":"wp","href":"https:\/\/api.w.org\/{rel}","templated":true}]}}