{"id":17336,"date":"2020-03-13T12:56:17","date_gmt":"2020-03-13T11:56:17","guid":{"rendered":"https:\/\/vapotheque.ch\/boutique\/liquidarom-apfel-himbeere-100ml-e-liquid\/"},"modified":"2025-11-05T18:37:11","modified_gmt":"2025-11-05T17:37:11","slug":"liquidarom-apfel-himbeere-100-ml-e-flussig","status":"publish","type":"product","link":"https:\/\/vapotheque.ch\/de\/shop\/liquidarom-apfel-himbeere-100-ml-e-flussig\/","title":{"rendered":"LiquidArom &#8211; Apfel Himbeere E-Liquid 100 ml \/ 120 ml"},"content":{"rendered":"<h2>Entdecken Sie das Apple Raspberry E-Liquid im 100 ml \/ 120 ml Format von LiquidArom!<\/h2>\n<p>LiquidArom hat an einem einfachen, aber furchtbar effektiven E-Liquid gearbeitet: dem Raspberry Apple 100 ml \/ 120 ml!<\/p>\n<p>Eine s\u00fc\u00dfe Mischung aus leicht s\u00e4uerlichen <strong>\u00c4pfeln<\/strong> und frisch gepfl\u00fcckten <strong>Himbeeren<\/strong>. Ein perfektes Duo! Ideal f\u00fcr Liebhaber von durch und durch fruchtigen Vapes.<\/p>\n<p>Das 100-ml-Format hat etwas zu bieten! Wir dampfen ohne M\u00e4\u00dfigung&#8230;<\/p>\n<\/p>\n<p>Wichtig:<\/p>\n<p>E-Liquid in Aromen 100 ml, verkauft in einem <strong>120 ml Fl\u00e4schchen<\/strong>.<\/p>\n<p>Hergestellt in Frankreich.<\/p>\n<p>PG\/VG Anteil: <strong>50\/50<\/strong><\/p>\n<p>Sehen Sie sich alle Produkte der Marke <a href=\"..\/..\/product_brand\/liquidarom\/\" target=\"_blank\" rel=\"noopener\">Liquidarom<\/a> an.<\/p>\n<p>Erhalten Sie Rabatte oder die neuesten Informationen zu unseren Produkten, indem Sie uns in unseren sozialen Netzwerken folgen: <a href=\"https:\/\/www.facebook.com\/VapeAigleCH\" target=\"_blank\" rel=\"noopener\">Facebook<\/a> oder <a href=\"https:\/\/www.instagram.com\/vapotheque_aigle\/\" target=\"_blank\" rel=\"noopener\">Instagram<\/a>.<\/p>\n","protected":false},"excerpt":{"rendered":"<p>Entdecken Sie das Apple Raspberry E-Liquid im 100 ml \/ 120 ml Format von LiquidArom! LiquidArom hat an einem einfachen, aber furchtbar effektiven E-Liquid gearbeitet: dem Raspberry Apple 100 ml \/ 120 ml! Eine s\u00fc\u00dfe Mischung aus leicht s\u00e4uerlichen \u00c4pfeln und frisch gepfl\u00fcckten Himbeeren. Ein perfektes Duo! Ideal f\u00fcr Liebhaber von durch und durch fruchtigen [&hellip;]<\/p>\n","protected":false},"featured_media":23878,"template":"","meta":{"_acf_changed":false},"product_cat":[405,404,408,1690,1679],"product_tag":[],"class_list":{"0":"post-17336","1":"product","2":"type-product","3":"status-publish","4":"has-post-thumbnail","6":"product_brand-liquidarom-de","7":"product_cat-e-liquids","8":"product_cat-fruchtig","9":"product_cat-lieferbar-innerhalb-von-24-stunden-de","10":"product_cat-100-ml-fur-120-ml","11":"product_cat-menge-e-flussigkeit-kapazitat-flasche","13":"first","14":"instock","15":"taxable","16":"shipping-taxable","17":"purchasable","18":"product-type-simple"},"acf":[],"jetpack_sharing_enabled":true,"_links":{"self":[{"href":"https:\/\/vapotheque.ch\/de\/wp-json\/wp\/v2\/product\/17336","targetHints":{"allow":["GET"]}}],"collection":[{"href":"https:\/\/vapotheque.ch\/de\/wp-json\/wp\/v2\/product"}],"about":[{"href":"https:\/\/vapotheque.ch\/de\/wp-json\/wp\/v2\/types\/product"}],"wp:featuredmedia":[{"embeddable":true,"href":"https:\/\/vapotheque.ch\/de\/wp-json\/wp\/v2\/media\/23878"}],"wp:attachment":[{"href":"https:\/\/vapotheque.ch\/de\/wp-json\/wp\/v2\/media?parent=17336"}],"wp:term":[{"taxonomy":"product_cat","embeddable":true,"href":"https:\/\/vapotheque.ch\/de\/wp-json\/wp\/v2\/product_cat?post=17336"},{"taxonomy":"product_tag","embeddable":true,"href":"https:\/\/vapotheque.ch\/de\/wp-json\/wp\/v2\/product_tag?post=17336"}],"curies":[{"name":"wp","href":"https:\/\/api.w.org\/{rel}","templated":true}]}}