{"id":17335,"date":"2020-03-18T23:56:26","date_gmt":"2020-03-18T22:56:26","guid":{"rendered":"https:\/\/vapotheque.ch\/boutique\/geekvape-pack-5-boost-widerstaende\/"},"modified":"2025-11-05T18:09:41","modified_gmt":"2025-11-05T17:09:41","slug":"geekvape-b-series-widerstaende","status":"publish","type":"product","link":"https:\/\/vapotheque.ch\/de\/shop\/geekvape-b-series-widerstaende\/","title":{"rendered":"Geekvape &#8211; B-Serie Coils &#8211; Packung x5"},"content":{"rendered":"<h2 style=\"font-family: Saira,sans-serif;font-weight: bold;line-height: 1.3;font-size: 37px;margin-top: 12.5px;margin-bottom: 12.5px\">GeekVape bietet uns seine Spulen der B-Serie an.<\/h2>\n<p>Widerst\u00e4nde der B-Serie von GeekVape, kompatibel mit Zeus Subohm- und Obelisk-Tanks.<\/p>\n<p><strong>Vape RDL\/DL<\/strong> entsprechend dem gew\u00e4hlten Widerstand.<\/p>\n<p><strong>Verkauft in Schachteln mit 5 St\u00fcck.<\/strong><\/p>\n<p>&nbsp;<\/p>\n<p>Es stehen vier Versionen zur Verf\u00fcgung:<\/p>\n<ul>\n<li>0.2 ohm : 50-58w<\/li>\n<li>0.3 ohm : 30-38w<\/li>\n<li>0.4 ohm : 25-35w<\/li>\n<li>0.6 ohm : 15-25w<\/li>\n<\/ul>\n<p>Entdecken Sie alle Produkte der Marke <a href=\"\/product_brand\/geekvape\/\" target=\"_blank\" rel=\"noopener\">GeekVape<\/a>.<\/p>\n<p>Erhalten Sie Rabatte oder die neuesten Informationen \u00fcber unsere anderen Produkte, die in unseren Gesch\u00e4ften erh\u00e4ltlich sind, indem Sie uns auf unseren sozialen Netzwerken folgen: <a href=\"https:\/\/www.facebook.com\/VapeAigleCH\" target=\"_blank\" rel=\"noopener\">Facebook<\/a> oder <a href=\"https:\/\/www.instagram.com\/vapotheque\" target=\"_blank\" rel=\"noopener\">Instagram<\/a>.<\/p>\n","protected":false},"excerpt":{"rendered":"<p>GeekVape bietet uns seine Spulen der B-Serie an. Widerst\u00e4nde der B-Serie von GeekVape, kompatibel mit Zeus Subohm- und Obelisk-Tanks. Vape RDL\/DL entsprechend dem gew\u00e4hlten Widerstand. Verkauft in Schachteln mit 5 St\u00fcck. &nbsp; Es stehen vier Versionen zur Verf\u00fcgung: 0.2 ohm : 50-58w 0.3 ohm : 30-38w 0.4 ohm : 25-35w 0.6 ohm : 15-25w Entdecken [&hellip;]<\/p>\n","protected":false},"featured_media":14646,"template":"","meta":{"_acf_changed":false},"product_cat":[408,399],"product_tag":[],"class_list":{"0":"post-17335","1":"product","2":"type-product","3":"status-publish","4":"has-post-thumbnail","6":"product_brand-geekvape-de","7":"product_cat-lieferbar-innerhalb-von-24-stunden-de","8":"product_cat-vorgefertigte-widerstande","10":"first","11":"instock","12":"taxable","13":"shipping-taxable","14":"purchasable","15":"product-type-variable"},"acf":[],"jetpack_sharing_enabled":true,"_links":{"self":[{"href":"https:\/\/vapotheque.ch\/de\/wp-json\/wp\/v2\/product\/17335","targetHints":{"allow":["GET"]}}],"collection":[{"href":"https:\/\/vapotheque.ch\/de\/wp-json\/wp\/v2\/product"}],"about":[{"href":"https:\/\/vapotheque.ch\/de\/wp-json\/wp\/v2\/types\/product"}],"wp:featuredmedia":[{"embeddable":true,"href":"https:\/\/vapotheque.ch\/de\/wp-json\/wp\/v2\/media\/14646"}],"wp:attachment":[{"href":"https:\/\/vapotheque.ch\/de\/wp-json\/wp\/v2\/media?parent=17335"}],"wp:term":[{"taxonomy":"product_cat","embeddable":true,"href":"https:\/\/vapotheque.ch\/de\/wp-json\/wp\/v2\/product_cat?post=17335"},{"taxonomy":"product_tag","embeddable":true,"href":"https:\/\/vapotheque.ch\/de\/wp-json\/wp\/v2\/product_tag?post=17335"}],"curies":[{"name":"wp","href":"https:\/\/api.w.org\/{rel}","templated":true}]}}