{"id":17329,"date":"2020-03-16T16:34:55","date_gmt":"2020-03-16T15:34:55","guid":{"rendered":"https:\/\/vapotheque.ch\/boutique\/high-vaping-sharing-gan-e-liquid\/"},"modified":"2025-11-05T18:18:31","modified_gmt":"2025-11-05T17:18:31","slug":"high-vaping-sharing-gan","status":"publish","type":"product","link":"https:\/\/vapotheque.ch\/de\/shop\/high-vaping-sharing-gan\/","title":{"rendered":"High Vaping &#8211; Sharing Gan E-Liquid &#8211; 50 ml \/ 70 ml"},"content":{"rendered":"<h2>High Vaping ist eine franz\u00f6sische Marke, die uns in ihrem Sortiment an e-Liquids den Sharing Gan anbietet.<\/h2>\n<p>Sharing Gan ist ein <strong>Gourmet-E-Liquid<\/strong>, das von High Vaping entwickelt wurde.<\/p>\n<\/p>\n<p>Die Legende besagt, dass die Krieger des kleinen Dorfes im Nebel dank dieses magischen Elixiers aus <strong>Pekann\u00fcssen<\/strong> und tausendj\u00e4hrigem <strong>Rum<\/strong> siegreich bleiben, dessen Rezept von den \u00c4ltesten seit Generationen <strong>geheim<\/strong> gehalten wird. Wir haben es f\u00fcr Sie gefunden und Sie werden Ihren Pupillen nicht trauen.<\/p>\n<\/p>\n<p>Wichtig:<\/p>\n<p>E-Liquid in Aromen 50 ml, verkauft <strong>in einem<\/strong><strong>7 0 ml Fl\u00e4schchen<\/strong>.<\/p>\n<p>Hergestellt in Frankreich.<\/p>\n<p>PG\/VG-Anteil: <strong>30<\/strong>%\/<strong>70<\/strong>%<\/p>\n<p>Entdecken Sie weitere Produkte der Marke <a href=\"..\/..\/marque\/highvaping\/\" target=\"_blank\" rel=\"noopener\">High Vaping<\/a>.<\/p>\n<p>Erhalten Sie Rabatte oder die neuesten Informationen zu unseren Produkten, indem Sie uns in unseren sozialen Netzwerken folgen: <a href=\"https:\/\/www.facebook.com\/VapeAigleCH\" target=\"_blank\" rel=\"noopener\">Facebook<\/a> oder <a href=\"https:\/\/www.instagram.com\/vapotheque\" target=\"_blank\" rel=\"noopener\">Instagram<\/a>.<\/p>\n","protected":false},"excerpt":{"rendered":"<p>High Vaping ist eine franz\u00f6sische Marke, die uns in ihrem Sortiment an e-Liquids den Sharing Gan anbietet. Sharing Gan ist ein Gourmet-E-Liquid, das von High Vaping entwickelt wurde. Die Legende besagt, dass die Krieger des kleinen Dorfes im Nebel dank dieses magischen Elixiers aus Pekann\u00fcssen und tausendj\u00e4hrigem Rum siegreich bleiben, dessen Rezept von den \u00c4ltesten [&hellip;]<\/p>\n","protected":false},"featured_media":14580,"template":"","meta":{"_acf_changed":false},"product_cat":[405,397,408,1685,1679],"product_tag":[],"class_list":{"0":"post-17329","1":"product","2":"type-product","3":"status-publish","4":"has-post-thumbnail","6":"product_brand-highvaping-de","7":"product_cat-e-liquids","8":"product_cat-gourmands-de","9":"product_cat-lieferbar-innerhalb-von-24-stunden-de","10":"product_cat-50-ml-fur-60-ml","11":"product_cat-menge-e-flussigkeit-kapazitat-flasche","13":"first","14":"instock","15":"taxable","16":"shipping-taxable","17":"purchasable","18":"product-type-simple"},"acf":[],"jetpack_sharing_enabled":true,"_links":{"self":[{"href":"https:\/\/vapotheque.ch\/de\/wp-json\/wp\/v2\/product\/17329","targetHints":{"allow":["GET"]}}],"collection":[{"href":"https:\/\/vapotheque.ch\/de\/wp-json\/wp\/v2\/product"}],"about":[{"href":"https:\/\/vapotheque.ch\/de\/wp-json\/wp\/v2\/types\/product"}],"wp:featuredmedia":[{"embeddable":true,"href":"https:\/\/vapotheque.ch\/de\/wp-json\/wp\/v2\/media\/14580"}],"wp:attachment":[{"href":"https:\/\/vapotheque.ch\/de\/wp-json\/wp\/v2\/media?parent=17329"}],"wp:term":[{"taxonomy":"product_cat","embeddable":true,"href":"https:\/\/vapotheque.ch\/de\/wp-json\/wp\/v2\/product_cat?post=17329"},{"taxonomy":"product_tag","embeddable":true,"href":"https:\/\/vapotheque.ch\/de\/wp-json\/wp\/v2\/product_tag?post=17329"}],"curies":[{"name":"wp","href":"https:\/\/api.w.org\/{rel}","templated":true}]}}