{"id":17327,"date":"2020-03-17T12:31:32","date_gmt":"2020-03-17T11:31:32","guid":{"rendered":"https:\/\/vapotheque.ch\/boutique\/clouds-of-icarus-cinema-act-2-e-liquide\/"},"modified":"2025-11-05T18:13:21","modified_gmt":"2025-11-05T17:13:21","slug":"clouds-of-icarus-cinema-act-2-e-liquide","status":"publish","type":"product","link":"https:\/\/vapotheque.ch\/de\/shop\/clouds-of-icarus-cinema-act-2-e-liquide\/","title":{"rendered":"Wolken von Ikarus &#8211; Kino Akt 2 100 ml \/ 120 ml E-Liquid"},"content":{"rendered":"<h2 style=\"font-family: Saira,sans-serif;font-weight: bold;line-height: 1.3;font-size: 37px;margin-top: 12.5px;margin-bottom: 12.5px\">Clouds Of Icarus ist eine amerikanische Marke, die das ber\u00fchmte E-Liquid Cinema bearbeitet hat und uns nun seinen Act 2 herausgebracht hat!<\/h2>\n<p>Cinema Act 2 ist eine Variante der ber\u00fchmten e-Liquids, die von Clouds of Icarus verarbeitet wurden.<\/p>\n<p>Nach den Erfolgen von Akt 1 und Akt 3 entdecken Sie die Gaumenfreude von Akt 2: ein Meisterwerk, das der 7. Kunst w\u00fcrdig ist!<\/p>\n<p>Ein <strong>buttriger und weicher French Toast<\/strong> , bedeckt mit k\u00f6stlichen <strong>ger\u00f6steten Pekann\u00fcssen<\/strong> auf einem <strong>Bett aus sehr leckerem Karamell<\/strong>. Ein Nugget, das die Liebhaber von Gourmet-E-Liquids zum Schmelzen bringen wird&#8230; Und das Ganze <strong>im Eichenfass gereift<\/strong>! Ein franz\u00f6sischer Gourmet-Toast, der Ihre Geschmacksknospen zum Schw\u00e4rmen bringen wird!<\/p>\n<p>Das 100-ml-Format hat etwas zu bieten! Wir dampfen ohne M\u00e4\u00dfigung&#8230;<\/p>\n<\/p>\n<p>Wichtig:<\/p>\n<p>PG\/VG-Verh\u00e4ltnis: <strong>30\/70<\/strong>.<\/p>\n<p>Hergestellt in den USA.<\/p>\n<p>Wird in einer<strong> 120-ml<\/strong>-Flasche verkauft.<\/p>\n<p>Entdecken Sie die anderen Produkte der Produktreihe <a href=\"..\/..\/product_brand\/clouds-of-icarus\/\" target=\"_blank\" rel=\"noopener\">Clouds Of Icarus<\/a>.<\/p>\n<p>Erhalten Sie Rabatte oder die neuesten Informationen zu unseren Produkten, indem Sie uns in unseren sozialen Netzwerken folgen: <a href=\"https:\/\/www.facebook.com\/VapeAigleCH\" target=\"_blank\" rel=\"noopener\">Facebook<\/a> oder <a href=\"https:\/\/www.instagram.com\/vapotheque_aigle\/\" target=\"_blank\" rel=\"noopener\">Instagram<\/a>.<\/p>\n","protected":false},"excerpt":{"rendered":"<p>Clouds Of Icarus ist eine amerikanische Marke, die das ber\u00fchmte E-Liquid Cinema bearbeitet hat und uns nun seinen Act 2 herausgebracht hat! Cinema Act 2 ist eine Variante der ber\u00fchmten e-Liquids, die von Clouds of Icarus verarbeitet wurden. Nach den Erfolgen von Akt 1 und Akt 3 entdecken Sie die Gaumenfreude von Akt 2: ein [&hellip;]<\/p>\n","protected":false},"featured_media":14630,"template":"","meta":{"_acf_changed":false},"product_cat":[405,397,408,1690,1679],"product_tag":[],"class_list":{"0":"post-17327","1":"product","2":"type-product","3":"status-publish","4":"has-post-thumbnail","6":"product_brand-clouds-of-icarus-de","7":"product_cat-e-liquids","8":"product_cat-gourmands-de","9":"product_cat-lieferbar-innerhalb-von-24-stunden-de","10":"product_cat-100-ml-fur-120-ml","11":"product_cat-menge-e-flussigkeit-kapazitat-flasche","13":"first","14":"instock","15":"taxable","16":"shipping-taxable","17":"purchasable","18":"product-type-simple"},"acf":[],"jetpack_sharing_enabled":true,"_links":{"self":[{"href":"https:\/\/vapotheque.ch\/de\/wp-json\/wp\/v2\/product\/17327","targetHints":{"allow":["GET"]}}],"collection":[{"href":"https:\/\/vapotheque.ch\/de\/wp-json\/wp\/v2\/product"}],"about":[{"href":"https:\/\/vapotheque.ch\/de\/wp-json\/wp\/v2\/types\/product"}],"wp:featuredmedia":[{"embeddable":true,"href":"https:\/\/vapotheque.ch\/de\/wp-json\/wp\/v2\/media\/14630"}],"wp:attachment":[{"href":"https:\/\/vapotheque.ch\/de\/wp-json\/wp\/v2\/media?parent=17327"}],"wp:term":[{"taxonomy":"product_cat","embeddable":true,"href":"https:\/\/vapotheque.ch\/de\/wp-json\/wp\/v2\/product_cat?post=17327"},{"taxonomy":"product_tag","embeddable":true,"href":"https:\/\/vapotheque.ch\/de\/wp-json\/wp\/v2\/product_tag?post=17327"}],"curies":[{"name":"wp","href":"https:\/\/api.w.org\/{rel}","templated":true}]}}